{"id":1070,"date":"2021-05-07T20:51:53","date_gmt":"2021-05-07T20:51:53","guid":{"rendered":"https:\/\/abiola-academy.eu\/?page_id=1070"},"modified":"2021-05-25T16:57:56","modified_gmt":"2021-05-25T14:57:56","slug":"rasp","status":"publish","type":"page","link":"https:\/\/academy.abiola.ngo\/de\/rasp\/","title":{"rendered":"RASP"},"content":{"rendered":"<p>[et_pb_section fb_built=&#8221;1&#8243; _builder_version=&#8221;4.9.4&#8243; use_background_color_gradient=&#8221;on&#8221; background_color_gradient_start=&#8221;rgba(0,0,0,0)&#8221; background_color_gradient_end=&#8221;rgba(181,126,43,0.58)&#8221; background_color_gradient_direction=&#8221;124deg&#8221; background_color_gradient_end_position=&#8221;74%&#8221; background_color_gradient_overlays_image=&#8221;on&#8221; background_image=&#8221;https:\/\/academy.abiola.ngo\/wp-content\/uploads\/2021\/05\/all-courses.png&#8221; custom_padding=&#8221;||0px|||&#8221; bottom_divider_height=&#8221;50px&#8221; bottom_divider_arrangement=&#8221;above_content&#8221; animation_style=&#8221;slide&#8221; border_radii__hover_enabled=&#8221;off&#8221;][et_pb_row _builder_version=&#8221;3.26.5&#8243; custom_padding=&#8221;||74px|||&#8221; use_custom_width=&#8221;on&#8221; width_unit=&#8221;off&#8221;][et_pb_column type=&#8221;4_4&#8243; module_class=&#8221;pa-vertical-align&#8221; _builder_version=&#8221;3.25&#8243; custom_padding=&#8221;|||&#8221; custom_padding__hover=&#8221;|||&#8221;][et_pb_text module_class=&#8221;pa-centered-heading-line&#8221; _builder_version=&#8221;4.9.4&#8243; text_font=&#8221;||||||||&#8221; header_text_align=&#8221;center&#8221; text_orientation=&#8221;center&#8221; background_layout=&#8221;dark&#8221; max_width=&#8221;1080px&#8221; module_alignment=&#8221;center&#8221; text_text_align=&#8221;center&#8221;]<\/p>\n<h1>Raspberries for African School Projects<br \/><span style=\"font-size: 18px; font-family: 'Open Sans', Helvetica, Arial, Lucida, sans-serif; font-weight: 500;\"><span style=\"font-size: x-large;\">RASP ist mehr als nur die Spende von vielen Computern f\u00fcr Schulen in Afrika.<\/span><\/span><\/h1>\n<p>&nbsp;<\/p>\n<div class=\"elementor-element elementor-element-7f86752 elementor-column elementor-col-16 elementor-inner-column\" data-id=\"7f86752\" data-element_type=\"column\"><\/div>\n<p>[\/et_pb_text][\/et_pb_column][\/et_pb_row][\/et_pb_section][et_pb_section fb_built=&#8221;1&#8243; _builder_version=&#8221;4.9.4&#8243; _module_preset=&#8221;default&#8221; custom_padding=&#8221;||2px|||&#8221;][et_pb_row _builder_version=&#8221;3.26.4&#8243; custom_padding=&#8221;4px|||||&#8221;][et_pb_column type=&#8221;4_4&#8243; _builder_version=&#8221;3.26.4&#8243;][et_pb_text module_class=&#8221;pa-centered-heading-line&#8221; _builder_version=&#8221;4.9.4&#8243; custom_margin=&#8221;||-6px|||&#8221;]<\/p>\n<h2><span style=\"color: #000080;\">RASP Wissensdatenbank<\/span><\/h2>\n<p style=\"text-align: left;\"><b><strong>ABIOLA spendet Raspberry Pi Systeme f\u00fcr Schulen in Afrika. Um den Lehrern und Sch\u00fclern den Einstieg in die neue &#8220;Computerwelt&#8221; zu erleichtern, wurde die ABIOLA Datenbank RASP &#8211; Raspberries for African School Projects geschaffen.<\/strong><\/b><\/p>\n<p style=\"text-align: left;\">Die Datenbank ist strukturiert in die vier Hauptkategorien (BASIC, ADVACED, LIBRARY und ORGANISATION sowie viele weitere Unterkategorien. Innerhalb der Kategorien sind einige Artikel zu finden. Alle Artikel sind in einem \u00e4hnlichem Layout aufgebaut.<br \/>Die ABIOLA online Academy verwendet diese RASP-Artikel in den Kursen. Diese Datenbank dienst auch als eine Art &#8220;FAQ&#8221; (Frequently Asked Questions).<\/p>\n<p style=\"text-align: left;\">\n<p style=\"text-align: left;\"><span><\/span><\/p>\n<p>[\/et_pb_text][\/et_pb_column][\/et_pb_row][\/et_pb_section][et_pb_section fb_built=&#8221;1&#8243; _builder_version=&#8221;3.26.5&#8243; custom_padding=&#8221;10px||20px|||&#8221;][et_pb_row column_structure=&#8221;3_5,2_5&#8243; make_equal=&#8221;on&#8221; _builder_version=&#8221;3.26.5&#8243; custom_padding=&#8221;0px|||||&#8221;][et_pb_column type=&#8221;3_5&#8243; _builder_version=&#8221;3.26.4&#8243;][et_pb_image src=&#8221;https:\/\/academy.abiola.ngo\/wp-content\/uploads\/2021\/05\/rasp.png&#8221; title_text=&#8221;rasp&#8221; _builder_version=&#8221;4.9.4&#8243; border_radii=&#8221;on|6px|6px|6px|6px&#8221; border_width_all=&#8221;2px&#8221; border_color_all=&#8221;#9b582f&#8221; box_shadow_style=&#8221;preset4&#8243; box_shadow_color=&#8221;rgba(204,219,232,0.39)&#8221;][\/et_pb_image][\/et_pb_column][et_pb_column type=&#8221;2_5&#8243; module_class=&#8221;pa-vertical-align&#8221; _builder_version=&#8221;3.26.5&#8243;][et_pb_text module_class=&#8221;pa-centered-heading-line&#8221; _builder_version=&#8221;3.27.4&#8243; text_font_size=&#8221;24px&#8221; text_orientation=&#8221;center&#8221; text_text_align=&#8221;center&#8221;]<\/p>\n<h2>&#8220;<span>Ausbildung hei\u00dft, das zu\u00a0<\/span><a href=\"https:\/\/www.spruechetante.de\/sprueche-sammlung\/index.php\/tag\/lernen\/\" class=\"st_tag internal_tag\" rel=\"tag\" title=\"lernen\">lernen<\/a><span>,<\/span><br \/><span>von dem du nicht einmal wusstest,<\/span><br \/><span>dass du es nicht wusstest.<\/span><\/h2>\n<p>[\/et_pb_text][et_pb_text _builder_version=&#8221;4.9.4&#8243; text_font=&#8221;||on||||||&#8221; text_text_color=&#8221;#00d263&#8243; custom_margin=&#8221;-41px|||||&#8221;]<\/p>\n<p style=\"text-align: center;\"><span>Ralph Waldo Emerson<\/span><\/p>\n<p>[\/et_pb_text][\/et_pb_column][\/et_pb_row][et_pb_row column_structure=&#8221;1_2,1_2&#8243; _builder_version=&#8221;3.26.4&#8243; custom_padding=&#8221;52px|||||&#8221;][et_pb_column type=&#8221;1_2&#8243; _builder_version=&#8221;3.26.4&#8243;][et_pb_text module_class=&#8221;pa-centered-heading-line&#8221; _builder_version=&#8221;4.9.4&#8243;]<\/p>\n<h2 style=\"text-align: center;\"><span><span style=\"color: #000080;\">Willst du RASP-Artikel lesen?<\/span><\/span><\/h2>\n<p style=\"text-align: left;\"><strong>Unsere ABIOLA RASP-Artikel k\u00f6nnen mit PC, Tablet oder mit einem Smartphone studiert werden. Alle Artikel sind kostenlos und jederzeit abrufbar. Wichtige Artikel kann man sich als Lesezeichen in seinem Browser hinterlegen.<\/strong><span><\/span><\/p>\n<p style=\"text-align: left;\">Die RASP Datenbank ist eingerichtet, dass du schnell nach Details suchen kannst. Die gro\u00dfe Anzahl der RASP-Artikel kann dazu f\u00fchren, dass du schlecht unterscheiden kannst, welche Artikel f\u00fcr deinen aktuellen Wissenstand angemessen sind und welche noch zu kompliziert sind.<span><\/span><\/p>\n<p style=\"text-align: left;\">Genau aus diesem Grund wurde die ABIOLA online Academy geschaffen. Hier kannst du dein Fachwissen stufenweise aufbauen und nur in den Bereichen, die dich interessieren. Die meisten Artikel der Academy-Kurse werden direkt mit RASP-Artikeln verlinkt.<\/p>\n<p style=\"text-align: left;\">\u00dcbrigens werden die Artikel von einem Academy Kurs &#8220;Themen&#8221; genannt. Die Struktur eines Academy Kurses ist: <strong>Kurs<\/strong> &#8211; <strong>Lextionen<\/strong> &#8211; <strong>Themen<\/strong> &#8211; <strong>Quiz<\/strong><\/p>\n<p style=\"text-align: left;\"><span><\/span><\/p>\n<p>[\/et_pb_text][\/et_pb_column][et_pb_column type=&#8221;1_2&#8243; _builder_version=&#8221;3.26.4&#8243;][et_pb_text module_class=&#8221;pa-centered-heading-line&#8221; _builder_version=&#8221;3.27.4&#8243;]<\/p>\n<h2 style=\"text-align: center;\"><span style=\"color: #000080;\">Willst du RASP-Artikel schreiben?<\/span><\/h2>\n<p><strong>Du findest es gut, dass wir unser wertvolles Fachwissen mit Menschen teilen, die sich keine teuren Fachb\u00fccher bzw. Videokurse leisten k\u00f6nnen? Hast du selbst gesammelte Erfahrung und m\u00f6chtest selbst gerne einen Beitrag dazu leisten?<\/strong><\/p>\n<p><span>Reihe dich ein in die Gruppe der &#8220;Academy-Helden&#8221; und hilf mit, dass die ABIOLA Academy eine wertvolle &#8220;Knowhow Freeware&#8221; wird.\u00a0<\/span><\/p>\n<p>Egal, ob du f\u00fcr uns interessante Tipps zu Raspberry Pi oder Linux schreiben oder ob du anspruchsvolle Beitr\u00e4ge erstellen willst. Wir sind f\u00fcr alles dankbar.<br \/><span style=\"font-size: 18px;\">Auch f\u00fcr den Programmierbereich haben wir uns Einiges vorgenommen, jedoch nur im Bereich der Grundlagen. Vielleicht magst du auch einen eigenen Kurs erstellen.<\/span><\/p>\n<p>Im ersten Kurs &#8220;ABIOLA&#8221; wird Thema Kurserstellung noch weiter vertieft.<br \/>Schreibe uns gerne an <a href=\"mailto:info@rasp@abiola.eu\">info@rasp@abiola.eu<\/a>\u00a0<\/p>\n<p><span><\/span><\/p>\n<p><span><\/span><\/p>\n<p>[\/et_pb_text][\/et_pb_column][\/et_pb_row][\/et_pb_section][et_pb_section fb_built=&#8221;1&#8243; _builder_version=&#8221;3.26.5&#8243; background_color=&#8221;#f3f6fd&#8221; custom_padding=&#8221;45px|||||&#8221;][et_pb_row _builder_version=&#8221;3.26.4&#8243;][et_pb_column type=&#8221;4_4&#8243; _builder_version=&#8221;3.26.4&#8243;][et_pb_text admin_label=&#8221;Title&#8221; _builder_version=&#8221;4.9.4&#8243; text_font=&#8221;|700||on|||||&#8221; text_text_color=&#8221;#1f4de0&#8243; text_font_size=&#8221;20px&#8221; text_letter_spacing=&#8221;4px&#8221; header_font=&#8221;Poppins||||||||&#8221; header_2_font=&#8221;Lato||||||||&#8221; header_2_font_size=&#8221;36px&#8221; header_2_line_height=&#8221;1.5em&#8221; header_3_text_color=&#8221;#1f4de0&#8243; header_5_font=&#8221;Poppins|600|||||||&#8221; header_5_font_size=&#8221;23px&#8221; header_5_line_height=&#8221;30px&#8221; text_orientation=&#8221;center&#8221; custom_margin=&#8221;||10px||false|false&#8221; custom_padding=&#8221;||0px|&#8221; animation_direction=&#8221;left&#8221; text_font_size_tablet=&#8221;18px&#8221; text_font_size_phone=&#8221;18px&#8221; text_text_align=&#8221;center&#8221;]<\/p>\n<p>Statistik<\/p>\n<p>[\/et_pb_text][et_pb_text module_class=&#8221;pa-centered-heading-line&#8221; _builder_version=&#8221;3.27.4&#8243; text_orientation=&#8221;center&#8221; text_text_align=&#8221;center&#8221;]<\/p>\n<h2 class=\"sub-heading\">Viele Artikel warten in RASP auf deinen Besuch!<\/h2>\n<p>[\/et_pb_text][\/et_pb_column][\/et_pb_row][et_pb_row column_structure=&#8221;1_4,1_4,1_4,1_4&#8243; use_custom_gutter=&#8221;on&#8221; gutter_width=&#8221;2&#8243; custom_padding_last_edited=&#8221;off|tablet&#8221; padding_top_bottom_link_1=&#8221;false&#8221; padding_top_bottom_link_2=&#8221;false&#8221; padding_top_bottom_link_3=&#8221;false&#8221; padding_left_right_link_2=&#8221;false&#8221; padding_left_right_link_3=&#8221;false&#8221; admin_label=&#8221;3 Steps Row&#8221; _builder_version=&#8221;4.9.4&#8243; max_width=&#8221;100%&#8221; custom_margin=&#8221;|||&#8221; custom_padding_tablet=&#8221;0px||30px|&#8221; custom_padding_phone=&#8221;0px||30px|&#8221; animation_style=&#8221;fold&#8221; animation_direction=&#8221;bottom&#8221; animation_intensity_fold=&#8221;15%&#8221; use_custom_width=&#8221;on&#8221; width_unit=&#8221;off&#8221;][et_pb_column type=&#8221;1_4&#8243; module_class=&#8221;pa-number-column-one&#8221; _builder_version=&#8221;3.26.4&#8243; background_color=&#8221;#ffffff&#8221; custom_padding=&#8221;30px|30px|30px|30px|true|true&#8221; custom_padding_tablet=&#8221;|30px||30px&#8221; custom_padding_last_edited=&#8221;off|phone&#8221; border_radii=&#8221;on|6px|6px|6px|6px&#8221; custom_padding__hover=&#8221;|||&#8221;][et_pb_image src=&#8221;https:\/\/academy.abiola.ngo\/wp-content\/uploads\/2021\/05\/Asset-32.png&#8221; align=&#8221;center&#8221; _builder_version=&#8221;3.26.5&#8243;][\/et_pb_image][et_pb_number_counter title=&#8221;LINUX Programme&#8221; number=&#8221;25&#8243; percent_sign=&#8221;off&#8221; _builder_version=&#8221;4.9.4&#8243; title_level=&#8221;h4&#8243; title_text_color=&#8221;#d2007f&#8221; title_font_size=&#8221;21px&#8221; number_font=&#8221;|700|||||||&#8221; number_text_color=&#8221;#26245b&#8221; number_font_size=&#8221;40px&#8221; number_line_height=&#8221;90px&#8221;][\/et_pb_number_counter][\/et_pb_column][et_pb_column type=&#8221;1_4&#8243; module_class=&#8221;pa-number-column-one&#8221; _builder_version=&#8221;3.26.4&#8243; background_color=&#8221;#ffffff&#8221; custom_padding=&#8221;30px|30px|30px|30px|true|true&#8221; custom_padding_tablet=&#8221;|30px||30px&#8221; custom_padding_last_edited=&#8221;off|phone&#8221; border_radii=&#8221;on|6px|6px|6px|6px&#8221; custom_padding__hover=&#8221;|||&#8221;][et_pb_image src=&#8221;https:\/\/academy.abiola.ngo\/wp-content\/uploads\/2021\/05\/Asset-24.png&#8221; align=&#8221;center&#8221; _builder_version=&#8221;4.9.4&#8243;][\/et_pb_image][et_pb_number_counter title=&#8221;ADVANCED Tips&#8221; number=&#8221;15&#8243; percent_sign=&#8221;off&#8221; _builder_version=&#8221;4.9.4&#8243; title_level=&#8221;h4&#8243; title_text_color=&#8221;#00d263&#8243; title_font_size=&#8221;21px&#8221; number_font=&#8221;|700|||||||&#8221; number_text_color=&#8221;#26245b&#8221; number_font_size=&#8221;40px&#8221; number_line_height=&#8221;90px&#8221;][\/et_pb_number_counter][\/et_pb_column][et_pb_column type=&#8221;1_4&#8243; module_class=&#8221;pa-number-column-one&#8221; _builder_version=&#8221;3.26.4&#8243; background_color=&#8221;#ffffff&#8221; custom_padding=&#8221;30px|30px|30px|30px|true|true&#8221; custom_padding_tablet=&#8221;|30px||30px&#8221; custom_padding_last_edited=&#8221;off|phone&#8221; border_radii=&#8221;on|6px|6px|6px|6px&#8221; custom_padding__hover=&#8221;|||&#8221;][et_pb_image src=&#8221;https:\/\/academy.abiola.ngo\/wp-content\/uploads\/2021\/05\/Asset-31.png&#8221; align=&#8221;center&#8221; _builder_version=&#8221;3.26.5&#8243;][\/et_pb_image][et_pb_number_counter title=&#8221;BASIC Tips&#8221; number=&#8221;85&#8243; percent_sign=&#8221;off&#8221; _builder_version=&#8221;4.9.4&#8243; title_level=&#8221;h4&#8243; title_text_color=&#8221;#1f4de0&#8243; title_font_size=&#8221;21px&#8221; number_font=&#8221;|700|||||||&#8221; number_text_color=&#8221;#26245b&#8221; number_font_size=&#8221;40px&#8221; number_line_height=&#8221;90px&#8221;][\/et_pb_number_counter][\/et_pb_column][et_pb_column type=&#8221;1_4&#8243; module_class=&#8221;pa-number-column-one&#8221; _builder_version=&#8221;3.26.5&#8243; background_color=&#8221;#ffffff&#8221; custom_padding=&#8221;30px|30px|30px|30px|true|true&#8221; custom_padding_tablet=&#8221;|30px||30px&#8221; custom_padding_last_edited=&#8221;off|phone&#8221; border_radii=&#8221;on|6px|6px|6px|6px&#8221; custom_padding__hover=&#8221;|||&#8221;][et_pb_image src=&#8221;https:\/\/academy.abiola.ngo\/wp-content\/uploads\/2021\/05\/Asset-24.png&#8221; align=&#8221;center&#8221; _builder_version=&#8221;3.26.5&#8243;][\/et_pb_image][et_pb_number_counter title=&#8221;Artikel gesamt&#8221; number=&#8221;126&#8243; percent_sign=&#8221;off&#8221; _builder_version=&#8221;4.9.4&#8243; title_level=&#8221;h4&#8243; title_text_color=&#8221;#a66a12&#8243; title_font_size=&#8221;21px&#8221; number_font=&#8221;|700|||||||&#8221; number_text_color=&#8221;#26245b&#8221; number_font_size=&#8221;40px&#8221; number_line_height=&#8221;90px&#8221;][\/et_pb_number_counter][\/et_pb_column][\/et_pb_row][\/et_pb_section][et_pb_section fb_built=&#8221;1&#8243; _builder_version=&#8221;3.26.5&#8243; background_color=&#8221;#26245b&#8221; custom_padding=&#8221;80px||80px||false|false&#8221;][et_pb_row _builder_version=&#8221;3.26.4&#8243;][et_pb_column type=&#8221;4_4&#8243; _builder_version=&#8221;3.26.4&#8243;][et_pb_text admin_label=&#8221;Title&#8221; _builder_version=&#8221;4.9.4&#8243; text_font=&#8221;|700||on|||||&#8221; text_text_color=&#8221;#00d263&#8243; text_font_size=&#8221;20px&#8221; text_letter_spacing=&#8221;4px&#8221; header_font=&#8221;Poppins||||||||&#8221; header_2_font=&#8221;Lato||||||||&#8221; header_2_font_size=&#8221;36px&#8221; header_2_line_height=&#8221;1.5em&#8221; header_3_text_color=&#8221;#1f4de0&#8243; header_5_font=&#8221;Poppins|600|||||||&#8221; header_5_font_size=&#8221;23px&#8221; header_5_line_height=&#8221;30px&#8221; text_orientation=&#8221;center&#8221; custom_margin=&#8221;||10px||false|false&#8221; custom_padding=&#8221;||0px|&#8221; animation_direction=&#8221;left&#8221; text_font_size_tablet=&#8221;18px&#8221; text_font_size_phone=&#8221;18px&#8221; text_text_align=&#8221;center&#8221;]<\/p>\n<p>Neugierig?<\/p>\n<p>[\/et_pb_text][et_pb_text module_class=&#8221;pa-centered-heading-line&#8221; _builder_version=&#8221;4.9.4&#8243; text_orientation=&#8221;center&#8221; background_layout=&#8221;dark&#8221; hover_enabled=&#8221;0&#8243; text_text_align=&#8221;center&#8221; sticky_enabled=&#8221;0&#8243;]<\/p>\n<h2>Du bist einen Mausklick vom ABIOLA Licht Portal entfernt!<\/h2>\n<p>Komme und verschaffe dir einen \u00dcberblick. Aktuell in deutsch und englisch verf\u00fcgbar.<\/p>\n<p>[\/et_pb_text][et_pb_button button_url=&#8221;https:\/\/www.abiola.ngo\/lichtportal&#8221; url_new_window=&#8221;on&#8221; button_text=&#8221;zum Licht Portal&#8221; button_alignment=&#8221;center&#8221; _builder_version=&#8221;4.9.4&#8243; button_border_width=&#8221;2px&#8221; hover_enabled=&#8221;0&#8243; button_bg_color__hover=&#8221;rgba(0,0,0,0)&#8221; button_bg_color__hover_enabled=&#8221;on|hover&#8221; sticky_enabled=&#8221;0&#8243;][\/et_pb_button][\/et_pb_column][\/et_pb_row][\/et_pb_section]<\/p>\n","protected":false},"excerpt":{"rendered":"<p>Raspberries for African School ProjectsRASP ist mehr als nur die Spende von vielen Computern f\u00fcr Schulen in Afrika. &nbsp; RASP Wissensdatenbank ABIOLA spendet Raspberry Pi Systeme f\u00fcr Schulen in Afrika. Um den Lehrern und Sch\u00fclern den Einstieg in die neue &#8220;Computerwelt&#8221; zu erleichtern, wurde die ABIOLA Datenbank RASP &#8211; Raspberries for African School Projects geschaffen. [&hellip;]<\/p>\n","protected":false},"author":1,"featured_media":0,"parent":0,"menu_order":0,"comment_status":"open","ping_status":"closed","template":"","meta":{"_et_pb_use_builder":"on","_et_pb_old_content":"This is an example of a WordPress page, you could edit this to put information about yourself or your site so readers know where you are coming from. You can create as many pages like this one or sub-pages as you like and manage all of your content inside of WordPress.","_et_gb_content_width":"","footnotes":""},"class_list":["post-1070","page","type-page","status-publish","hentry"],"featured_image_src":"","featured_image_src_square":false,"rbea_author_info":{"display_name":"Academy director Christoph K\u00f6hler","author_link":"https:\/\/academy.abiola.ngo\/de\/author\/admin87471\/"},"rbea_excerpt_info":"<p>Raspberries for African School ProjectsRASP ist mehr als nur die Spende von vielen Computern f\u00fcr Schulen in Afrika. &nbsp; RASP Wissensdatenbank ABIOLA spendet Raspberry Pi Systeme f\u00fcr Schulen in Afrika. Um den Lehrern und Sch\u00fclern den Einstieg in die neue \"Computerwelt\" zu erleichtern, wurde die ABIOLA Datenbank RASP - Raspberries for African School Projects geschaffen. [&hellip;]<\/p>\n","_links":{"self":[{"href":"https:\/\/academy.abiola.ngo\/de\/wp-json\/wp\/v2\/pages\/1070","targetHints":{"allow":["GET"]}}],"collection":[{"href":"https:\/\/academy.abiola.ngo\/de\/wp-json\/wp\/v2\/pages"}],"about":[{"href":"https:\/\/academy.abiola.ngo\/de\/wp-json\/wp\/v2\/types\/page"}],"author":[{"embeddable":true,"href":"https:\/\/academy.abiola.ngo\/de\/wp-json\/wp\/v2\/users\/1"}],"replies":[{"embeddable":true,"href":"https:\/\/academy.abiola.ngo\/de\/wp-json\/wp\/v2\/comments?post=1070"}],"version-history":[{"count":50,"href":"https:\/\/academy.abiola.ngo\/de\/wp-json\/wp\/v2\/pages\/1070\/revisions"}],"predecessor-version":[{"id":32704,"href":"https:\/\/academy.abiola.ngo\/de\/wp-json\/wp\/v2\/pages\/1070\/revisions\/32704"}],"wp:attachment":[{"href":"https:\/\/academy.abiola.ngo\/de\/wp-json\/wp\/v2\/media?parent=1070"}],"curies":[{"name":"wp","href":"https:\/\/api.w.org\/{rel}","templated":true}]}}