{"id":1208,"date":"2021-05-10T10:31:58","date_gmt":"2021-05-10T08:31:58","guid":{"rendered":"https:\/\/abiola-academy.eu\/?page_id=1208"},"modified":"2021-05-27T10:07:20","modified_gmt":"2021-05-27T08:07:20","slug":"blog","status":"publish","type":"page","link":"https:\/\/academy.abiola.ngo\/de\/blog\/","title":{"rendered":"Blog"},"content":{"rendered":"<p>[et_pb_section fb_built=&#8221;1&#8243; _builder_version=&#8221;4.9.4&#8243; use_background_color_gradient=&#8221;on&#8221; background_color_gradient_start=&#8221;rgba(0,0,0,0.32)&#8221; background_color_gradient_end=&#8221;rgba(38,32,0,0.39)&#8221; background_color_gradient_direction=&#8221;230deg&#8221; background_color_gradient_end_position=&#8221;21%&#8221; background_color_gradient_overlays_image=&#8221;on&#8221; background_image=&#8221;https:\/\/academy.abiola.ngo\/wp-content\/uploads\/2021\/05\/board.png&#8221; custom_padding=&#8221;||79px|||&#8221; bottom_divider_height=&#8221;50px&#8221; bottom_divider_arrangement=&#8221;above_content&#8221; animation_style=&#8221;slide&#8221; border_radii__hover_enabled=&#8221;off&#8221;][et_pb_row _builder_version=&#8221;3.26.5&#8243; use_custom_width=&#8221;on&#8221; width_unit=&#8221;off&#8221;][et_pb_column type=&#8221;4_4&#8243; module_class=&#8221;pa-vertical-align&#8221; _builder_version=&#8221;3.25&#8243; custom_padding=&#8221;|||&#8221; custom_padding__hover=&#8221;|||&#8221;][et_pb_text module_class=&#8221;pa-centered-heading-line&#8221; _builder_version=&#8221;4.9.4&#8243; text_font=&#8221;||||||||&#8221; header_text_align=&#8221;center&#8221; text_orientation=&#8221;center&#8221; background_layout=&#8221;dark&#8221; max_width=&#8221;1080px&#8221; module_alignment=&#8221;center&#8221; custom_padding=&#8221;||6px|||&#8221; text_text_align=&#8221;center&#8221;]<\/p>\n<h1>Unsere Blogbeitr\u00e4ge f\u00fcr euch<\/h1>\n<div class=\"elementor-element elementor-element-2546923a elementor-column elementor-col-66 elementor-inner-column\" data-id=\"2546923a\" data-element_type=\"column\">\n<div class=\"elementor-column-wrap  elementor-element-populated\">\n<div class=\"elementor-widget-wrap\">\n<div class=\"elementor-element elementor-element-521c7dcb elementor-position-top elementor-vertical-align-top elementor-widget elementor-widget-image-box\" data-id=\"521c7dcb\" data-element_type=\"widget\" data-widget_type=\"image-box.default\">\n<div class=\"elementor-widget-container\">\n<div class=\"elementor-image-box-wrapper\">\n<div class=\"elementor-image-box-content\">\n<p class=\"elementor-image-box-description\"><span style=\"font-size: x-large;\">Hier entstehen Blockbeitr\u00e4ge f\u00fcr die Academy. <br \/>Weitere interessante Beitr\u00e4ge findest du bei ABIOLA <a href=\"https:\/\/www.abiola.ngo\/blog\" target=\"_blank\" rel=\"noopener\"><span style=\"color: #f4e800;\">mehr &gt;&gt;<\/span><\/a><\/span><\/p>\n<\/div>\n<\/div>\n<\/div>\n<\/div>\n<\/div>\n<\/div>\n<\/div>\n<div class=\"elementor-element elementor-element-7f86752 elementor-column elementor-col-16 elementor-inner-column\" data-id=\"7f86752\" data-element_type=\"column\"><\/div>\n<p>[\/et_pb_text][\/et_pb_column][\/et_pb_row][\/et_pb_section][et_pb_section fb_built=&#8221;1&#8243; admin_label=&#8221;Blog&#8221; _builder_version=&#8221;3.26.6&#8243; custom_padding=&#8221;42px|||||&#8221;][et_pb_row column_structure=&#8221;3_4,1_4&#8243; _builder_version=&#8221;3.26.6&#8243; max_width=&#8221;100%&#8221;][et_pb_column type=&#8221;3_4&#8243; _builder_version=&#8221;3.25&#8243; custom_padding=&#8221;|||&#8221; custom_padding__hover=&#8221;|||&#8221;][et_pb_blog fullwidth=&#8221;off&#8221; posts_number=&#8221;4&#8243; show_more=&#8221;on&#8221; module_class=&#8221;pa-blog-grid&#8221; _builder_version=&#8221;4.4.8&#8243; header_font_size=&#8221;28px&#8221; header_line_height=&#8221;1.2em&#8221; body_font_size=&#8221;18px&#8221; meta_text_color=&#8221;#1f4de0&#8243; read_more_font=&#8221;|700|||||||&#8221; custom_margin=&#8221;||60px|||&#8221; header_font_size_tablet=&#8221;26px&#8221; header_font_size_phone=&#8221;24px&#8221; header_font_size_last_edited=&#8221;on|phone&#8221; body_font_size_tablet=&#8221;17px&#8221; body_font_size_phone=&#8221;16px&#8221; body_font_size_last_edited=&#8221;on|desktop&#8221; border_radii=&#8221;on|6px|6px|6px|6px&#8221; border_width_all=&#8221;0px&#8221; box_shadow_style=&#8221;preset1&#8243; box_shadow_color=&#8221;#e8edfb&#8221;][\/et_pb_blog][\/et_pb_column][et_pb_column type=&#8221;1_4&#8243; _builder_version=&#8221;3.25&#8243; custom_padding=&#8221;|||&#8221; custom_padding__hover=&#8221;|||&#8221;][et_pb_sidebar orientation=&#8221;right&#8221; show_border=&#8221;off&#8221; _builder_version=&#8221;4.2.2&#8243;][\/et_pb_sidebar][\/et_pb_column][\/et_pb_row][\/et_pb_section][et_pb_section fb_built=&#8221;1&#8243; _builder_version=&#8221;3.26.5&#8243; hover_enabled=&#8221;0&#8243; sticky_enabled=&#8221;0&#8243;][et_pb_row column_structure=&#8221;3_5,2_5&#8243; make_equal=&#8221;on&#8221; _builder_version=&#8221;3.26.5&#8243;][et_pb_column type=&#8221;3_5&#8243; _builder_version=&#8221;3.26.4&#8243;][et_pb_image src=&#8221;https:\/\/academy.abiola.ngo\/wp-content\/uploads\/2021\/05\/Provisorische-Klasse-unter-einem-Baum-1.jpg&#8221; title_text=&#8221;OLYMPUS DIGITAL CAMERA&#8221; _builder_version=&#8221;4.9.4&#8243; border_radii=&#8221;on|6px|6px|6px|6px&#8221; box_shadow_style=&#8221;preset1&#8243; box_shadow_color=&#8221;#e8edfb&#8221;][\/et_pb_image][\/et_pb_column][et_pb_column type=&#8221;2_5&#8243; module_class=&#8221;pa-vertical-align&#8221; _builder_version=&#8221;3.26.5&#8243;][et_pb_text module_class=&#8221;pa-centered-heading-line&#8221; _builder_version=&#8221;3.27.4&#8243; text_font_size=&#8221;24px&#8221; text_orientation=&#8221;center&#8221; text_text_align=&#8221;center&#8221;]<\/p>\n<h2>&#8220;Manchmal muss man nur 20 Sekunden mutig sein<span>.<\/span>.<\/h2>\n<p>[\/et_pb_text][et_pb_text _builder_version=&#8221;4.9.4&#8243; text_font=&#8221;||on||||||&#8221; text_text_color=&#8221;#00d263&#8243; custom_margin=&#8221;-41px|||||&#8221; hover_enabled=&#8221;0&#8243; sticky_enabled=&#8221;0&#8243;]<\/p>\n<p style=\"text-align: center;\"><span>Zum Beispiel bei deinem ersten Vortrag\u00a0 \ud83d\ude09<\/span><\/p>\n<p>[\/et_pb_text][\/et_pb_column][\/et_pb_row][\/et_pb_section][et_pb_section fb_built=&#8221;1&#8243; _builder_version=&#8221;3.26.4&#8243; background_color=&#8221;#26245b&#8221;][et_pb_row _builder_version=&#8221;3.26.4&#8243; max_width=&#8221;100%&#8221; global_module=&#8221;1291&#8243;][et_pb_column type=&#8221;4_4&#8243; _builder_version=&#8221;3.26.4&#8243;][et_pb_text admin_label=&#8221;Title&#8221; _builder_version=&#8221;4.9.4&#8243; text_font=&#8221;|700||on|||||&#8221; text_text_color=&#8221;#00d263&#8243; text_font_size=&#8221;20px&#8221; text_letter_spacing=&#8221;4px&#8221; header_font=&#8221;Poppins||||||||&#8221; header_2_font=&#8221;Lato||||||||&#8221; header_2_font_size=&#8221;36px&#8221; header_2_line_height=&#8221;1.5em&#8221; header_3_text_color=&#8221;#1f4de0&#8243; header_5_font=&#8221;Poppins|600|||||||&#8221; header_5_font_size=&#8221;23px&#8221; header_5_line_height=&#8221;30px&#8221; text_orientation=&#8221;center&#8221; custom_margin=&#8221;||10px||false|false&#8221; custom_padding=&#8221;||0px|&#8221; animation_direction=&#8221;left&#8221; text_font_size_tablet=&#8221;18px&#8221; text_font_size_phone=&#8221;18px&#8221; text_text_align=&#8221;center&#8221;]<\/p>\n<p>Ergreife die Initiative<\/p>\n<p>[\/et_pb_text][et_pb_text module_class=&#8221;pa-centered-heading-line&#8221; _builder_version=&#8221;4.9.4&#8243; text_orientation=&#8221;center&#8221; background_layout=&#8221;dark&#8221; text_text_align=&#8221;center&#8221;]<\/p>\n<h2>Teste heute deinen ersten Kurs<\/h2>\n<p>In wenigen Minuten bist du registriert.\u00a0Wir helfen dir gerne in eine erfolgreiche Zukunft zu starten.<\/p>\n<p>[\/et_pb_text][et_pb_button button_url=&#8221;https:\/\/academy.abiola.ngo\/kurse\/&#8221; button_text=&#8221;Alle Kurse&#8221; button_alignment=&#8221;center&#8221; _builder_version=&#8221;4.9.4&#8243; button_border_width=&#8221;2px&#8221; button_bg_color__hover=&#8221;rgba(0,0,0,0)&#8221; button_bg_color__hover_enabled=&#8221;on|desktop&#8221;][\/et_pb_button][\/et_pb_column][\/et_pb_row][\/et_pb_section]<\/p>\n","protected":false},"excerpt":{"rendered":"<p>Unsere Blogbeitr\u00e4ge f\u00fcr euch Hier entstehen Blockbeitr\u00e4ge f\u00fcr die Academy. Weitere interessante Beitr\u00e4ge findest du bei ABIOLA mehr &gt;&gt; &#8220;Manchmal muss man nur 20 Sekunden mutig sein..Zum Beispiel bei deinem ersten Vortrag\u00a0 ;-)Ergreife die InitiativeTeste heute deinen ersten Kurs In wenigen Minuten bist du registriert.\u00a0Wir helfen dir gerne in eine erfolgreiche Zukunft zu starten.<\/p>\n","protected":false},"author":1,"featured_media":0,"parent":0,"menu_order":0,"comment_status":"closed","ping_status":"closed","template":"","meta":{"_et_pb_use_builder":"on","_et_pb_old_content":"<!-- wp:divi\/placeholder \/-->","_et_gb_content_width":"","footnotes":""},"class_list":["post-1208","page","type-page","status-publish","hentry"],"featured_image_src":"","featured_image_src_square":false,"rbea_author_info":{"display_name":"Academy director Christoph K\u00f6hler","author_link":"https:\/\/academy.abiola.ngo\/de\/author\/admin87471\/"},"rbea_excerpt_info":"<p>Unsere Blogbeitr\u00e4ge f\u00fcr euch Hier entstehen Blockbeitr\u00e4ge f\u00fcr die Academy. Weitere interessante Beitr\u00e4ge findest du bei ABIOLA mehr &gt;&gt; \"Manchmal muss man nur 20 Sekunden mutig sein..Zum Beispiel bei deinem ersten Vortrag\u00a0 ;-)Ergreife die InitiativeTeste heute deinen ersten Kurs In wenigen Minuten bist du registriert.\u00a0Wir helfen dir gerne in eine erfolgreiche Zukunft zu starten.<\/p>\n","_links":{"self":[{"href":"https:\/\/academy.abiola.ngo\/de\/wp-json\/wp\/v2\/pages\/1208","targetHints":{"allow":["GET"]}}],"collection":[{"href":"https:\/\/academy.abiola.ngo\/de\/wp-json\/wp\/v2\/pages"}],"about":[{"href":"https:\/\/academy.abiola.ngo\/de\/wp-json\/wp\/v2\/types\/page"}],"author":[{"embeddable":true,"href":"https:\/\/academy.abiola.ngo\/de\/wp-json\/wp\/v2\/users\/1"}],"replies":[{"embeddable":true,"href":"https:\/\/academy.abiola.ngo\/de\/wp-json\/wp\/v2\/comments?post=1208"}],"version-history":[{"count":23,"href":"https:\/\/academy.abiola.ngo\/de\/wp-json\/wp\/v2\/pages\/1208\/revisions"}],"predecessor-version":[{"id":32723,"href":"https:\/\/academy.abiola.ngo\/de\/wp-json\/wp\/v2\/pages\/1208\/revisions\/32723"}],"wp:attachment":[{"href":"https:\/\/academy.abiola.ngo\/de\/wp-json\/wp\/v2\/media?parent=1208"}],"curies":[{"name":"wp","href":"https:\/\/api.w.org\/{rel}","templated":true}]}}