{"id":12834,"date":"2020-12-10T20:35:18","date_gmt":"2020-12-10T20:35:18","guid":{"rendered":"https:\/\/abiola.eu\/?page_id=12834"},"modified":"2020-12-10T20:35:18","modified_gmt":"2020-12-10T20:35:18","slug":"pressemitteilungen","status":"publish","type":"page","link":"https:\/\/academy.abiola.ngo\/de\/pressemitteilungen\/","title":{"rendered":"Pressemitteilungen"},"content":{"rendered":"<p>[et_pb_section fb_built=&#8221;1&#8243; _builder_version=&#8221;3.22&#8243; background_image=&#8221;https:\/\/www.abiola.ngo\/wp-content\/uploads\/2018\/11\/background-texture.jpg&#8221; background_blend=&#8221;multiply&#8221; custom_padding=&#8221;|||&#8221; animation_style=&#8221;zoom&#8221; animation_intensity_zoom=&#8221;4%&#8221;][et_pb_row _builder_version=&#8221;3.25&#8243; background_size=&#8221;initial&#8221; background_position=&#8221;top_left&#8221; background_repeat=&#8221;repeat&#8221; background_blend=&#8221;multiply&#8221; custom_padding=&#8221;50px|||&#8221; animation_style=&#8221;slide&#8221; animation_direction=&#8221;top&#8221; animation_intensity_slide=&#8221;3%&#8221;][et_pb_column type=&#8221;4_4&#8243; _builder_version=&#8221;3.25&#8243; custom_padding=&#8221;|||&#8221; custom_padding__hover=&#8221;|||&#8221;][et_pb_text admin_label=&#8221;Seitentitel&#8221; _builder_version=&#8221;3.27.4&#8243; header_font=&#8221;|700||on|||||dotted&#8221; background_size=&#8221;initial&#8221; background_position=&#8221;top_left&#8221; background_repeat=&#8221;repeat&#8221; header_font_size_last_edited=&#8221;off|desktop&#8221; locked=&#8221;off&#8221;]<\/p>\n<h1>Pressemitteilungen<\/h1>\n<p>[\/et_pb_text][et_pb_divider divider_weight=&#8221;6px&#8221; disabled_on=&#8221;on|on|off&#8221; _builder_version=&#8221;3.17.6&#8243; max_width=&#8221;120px&#8221; animation_style=&#8221;slide&#8221; animation_direction=&#8221;top&#8221; animation_intensity_slide=&#8221;30%&#8221;][\/et_pb_divider][\/et_pb_column][\/et_pb_row][\/et_pb_section][et_pb_section fb_built=&#8221;1&#8243; _builder_version=&#8221;3.22&#8243;][et_pb_row _builder_version=&#8221;3.26.7&#8243;][et_pb_column type=&#8221;4_4&#8243; _builder_version=&#8221;3.26.7&#8243;][et_pb_text _builder_version=&#8221;3.27.4&#8243; custom_margin=&#8221;||9px|||&#8221;]<\/p>\n<p><strong>Dieser Bereich wurde geschaffen f\u00fcr &#8220;B\u00fcrger der schreibenden Zunft&#8221;, also Journalisten und alle, die interessante Bericht f\u00fcr die Presse aufbereiten.<br \/> <\/strong><strong style=\"font-size: 14px;\">Hier findet ihr einige aktuelle Pressemitteilungen, Logos und Bilder \u00fcber die Arbeit von ABIOLA f\u00fcr m\u00f6gliche Berichte.\u00a0<br \/> <\/strong><strong style=\"font-size: 14px;\"><span style=\"text-decoration: underline;\">Wichtig<\/span>: Bitte schaut euch die Bilder der\u00a0<a href=\"https:\/\/www.abiola.ngo\/galerie\">ABIOLA Galerie<\/a> an. Hier findet ihr viele interessante Bilder. Gebt uns einfach Bescheid, welche Bilder ihr zu eurem Presseartikel publizieren m\u00f6chtet, dann schicken wir euch das\/die Bilder gerne in der besten Aufl\u00f6sung zu. EMail: <a href=\"presse@abiole.eu\">presse@abiole.eu<\/a><\/strong><\/p>\n<p><strong><span style=\"color: #0c71c3;\">Wir stehen auch gerne f\u00fcr eine Videokonferenz per Zoom oder Teams zur Verf\u00fcgung.<\/span><\/strong><\/p>\n<p><strong style=\"font-size: 14px;\">\u00a0<\/strong><\/p>\n<p>[\/et_pb_text][et_pb_text _builder_version=&#8221;3.27.4&#8243;]<\/p>\n<p><span style=\"text-decoration: underline;\">Zun\u00e4chst unsere Pressemitteilungen \/ Vorlagen als PDF oder Word-Dokument<\/span><\/p>\n<p>[\/et_pb_text][\/et_pb_column][\/et_pb_row][et_pb_row column_structure=&#8221;1_3,1_3,1_3&#8243; _builder_version=&#8221;3.26.7&#8243; background_color=&#8221;rgba(214,214,214,0.32)&#8221;][et_pb_column type=&#8221;1_3&#8243; _builder_version=&#8221;3.26.7&#8243;][et_pb_text _builder_version=&#8221;3.27.4&#8243;]<\/p>\n<p><span style=\"color: #0c71c3;\"><strong>ABIOLA Mitteilung, ausf\u00fchrlich<\/strong><\/span><\/p>\n<p>[\/et_pb_text][\/et_pb_column][et_pb_column type=&#8221;1_3&#8243; _builder_version=&#8221;3.26.7&#8243;][et_pb_text _builder_version=&#8221;3.27.4&#8243;]<\/p>\n<p><a href=\"https:\/\/www.abiola.ngo\/wp-content\/uploads\/020_12_08_Pressemeldung_ABIOLA.pdf\">Download als PDF-Dokument<\/a><\/p>\n<p>[\/et_pb_text][\/et_pb_column][et_pb_column type=&#8221;1_3&#8243; _builder_version=&#8221;3.26.7&#8243;][et_pb_text _builder_version=&#8221;3.27.4&#8243;]<\/p>\n<p><a href=\"https:\/\/www.abiola.ngo\/wp-content\/uploads\/2020_12_08_Pressemeldung_ABIOLA.docx\">Download als Word-Dokument<\/a><\/p>\n<p>[\/et_pb_text][\/et_pb_column][\/et_pb_row][et_pb_row column_structure=&#8221;1_3,1_3,1_3&#8243; _builder_version=&#8221;3.26.7&#8243;][et_pb_column type=&#8221;1_3&#8243; _builder_version=&#8221;3.26.7&#8243;][et_pb_text _builder_version=&#8221;3.27.4&#8243;]<\/p>\n<p><span style=\"color: #0c71c3;\"><strong>ABIOLA Mitteilung, mittel<\/strong><\/span><\/p>\n<p>[\/et_pb_text][\/et_pb_column][et_pb_column type=&#8221;1_3&#8243; _builder_version=&#8221;3.26.7&#8243;][et_pb_text _builder_version=&#8221;3.27.4&#8243;]<\/p>\n<p><a href=\"https:\/\/www.abiola.ngo\/wp-content\/uploads\/2020_12_08_PMmittel_ABIOLA.pdf\">Download als PDF-Dokument<\/a><\/p>\n<p>[\/et_pb_text][\/et_pb_column][et_pb_column type=&#8221;1_3&#8243; _builder_version=&#8221;3.26.7&#8243;][et_pb_text _builder_version=&#8221;3.27.4&#8243;]<\/p>\n<p><a href=\"https:\/\/www.abiola.ngo\/wp-content\/uploads\/2020_12_08_PMmittel_ABIOLA.docx\">Download als Word-Dokument<\/a><\/p>\n<p>[\/et_pb_text][\/et_pb_column][\/et_pb_row][et_pb_row column_structure=&#8221;1_3,1_3,1_3&#8243; _builder_version=&#8221;3.26.7&#8243; background_color=&#8221;rgba(214,214,214,0.33)&#8221;][et_pb_column type=&#8221;1_3&#8243; _builder_version=&#8221;3.26.7&#8243;][et_pb_text _builder_version=&#8221;3.27.4&#8243;]<\/p>\n<p><span style=\"color: #0c71c3;\"><strong>ABIOLA Mitteilung, kompakt<\/strong><\/span><\/p>\n<p><strong><\/strong><\/p>\n<p>[\/et_pb_text][\/et_pb_column][et_pb_column type=&#8221;1_3&#8243; _builder_version=&#8221;3.26.7&#8243;][et_pb_text _builder_version=&#8221;3.27.4&#8243;]<\/p>\n<p><a href=\"https:\/\/www.abiola.ngo\/wp-content\/uploads\/2020_12_08_PMkurz_ABIOLA.pdf\">Download als PDF-Dokument<\/a><\/p>\n<p>[\/et_pb_text][\/et_pb_column][et_pb_column type=&#8221;1_3&#8243; _builder_version=&#8221;3.26.7&#8243;][et_pb_text _builder_version=&#8221;3.27.4&#8243;]<\/p>\n<p><a href=\"https:\/\/www.abiola.ngo\/wp-content\/uploads\/2020_12_08_PMkurz_ABIOLA.docx\">Download als Word-Dokument<\/a><\/p>\n<p>[\/et_pb_text][\/et_pb_column][\/et_pb_row][et_pb_row column_structure=&#8221;1_3,1_3,1_3&#8243; _builder_version=&#8221;3.26.7&#8243;][et_pb_column type=&#8221;1_3&#8243; _builder_version=&#8221;3.26.7&#8243;][et_pb_text _builder_version=&#8221;3.27.4&#8243;]<\/p>\n<p><span style=\"color: #0c71c3;\"><strong>ABIOLA Mitteilung,<br \/> Schwerpunkt: <\/strong><strong>Frauenrechte in Afrika<\/strong><\/span><\/p>\n<p>[\/et_pb_text][\/et_pb_column][et_pb_column type=&#8221;1_3&#8243; _builder_version=&#8221;3.26.7&#8243;][et_pb_text _builder_version=&#8221;3.27.4&#8243;]<\/p>\n<p><a href=\"https:\/\/www.abiola.ngo\/wp-content\/uploads\/2020_12_09_PM_SolarKits_f\u00fcr_Afrika.pdf\">Download als PDF-Dokument<\/a><\/p>\n<p>[\/et_pb_text][\/et_pb_column][et_pb_column type=&#8221;1_3&#8243; _builder_version=&#8221;3.26.7&#8243;][et_pb_text _builder_version=&#8221;3.27.4&#8243;]<\/p>\n<p><a href=\"https:\/\/www.abiola.ngo\/wp-content\/uploads\/2020_12_09_PM_SolarKits_f\u00fcr_Afrika.docx\">Download als Word-Dokument<\/a><\/p>\n<p>[\/et_pb_text][\/et_pb_column][\/et_pb_row][et_pb_row column_structure=&#8221;1_3,1_3,1_3&#8243; _builder_version=&#8221;3.26.7&#8243; background_color=&#8221;rgba(214,214,214,0.32)&#8221;][et_pb_column type=&#8221;1_3&#8243; _builder_version=&#8221;3.26.7&#8243;][et_pb_text _builder_version=&#8221;3.27.4&#8243;]<\/p>\n<p><span style=\"color: #0000ff;\"><strong><span style=\"color: #0c71c3;\">ABIOLA Mitteilung,<\/span><br \/> <span style=\"color: #0c71c3;\">Schwerpunkt &#8211; Geschenk mit Mehrwert<\/span><\/strong><\/span><\/p>\n<p>[\/et_pb_text][\/et_pb_column][et_pb_column type=&#8221;1_3&#8243; _builder_version=&#8221;3.26.7&#8243;][et_pb_text _builder_version=&#8221;3.27.4&#8243;]<\/p>\n<p><a href=\"https:\/\/www.abiola.ngo\/wp-content\/uploads\/2020_12_10_PM_Ein_Geschenk_mit_Mehrwert.pdf\">Download als PDF-Dokument<\/a><\/p>\n<p>[\/et_pb_text][\/et_pb_column][et_pb_column type=&#8221;1_3&#8243; _builder_version=&#8221;3.26.7&#8243;][et_pb_text _builder_version=&#8221;3.27.4&#8243;]<\/p>\n<p><a href=\"https:\/\/www.abiola.ngo\/wp-content\/uploads\/2020_12_10_PM_Ein_Geschenk_mit_Mehrwert.docx\">Download als Word-Dokument<\/a><\/p>\n<p>[\/et_pb_text][\/et_pb_column][\/et_pb_row][et_pb_row _builder_version=&#8221;3.26.7&#8243;][et_pb_column type=&#8221;4_4&#8243; _builder_version=&#8221;3.26.7&#8243;][et_pb_text _builder_version=&#8221;3.27.4&#8243; min_height=&#8221;24px&#8221; custom_margin=&#8221;45px|||||&#8221; custom_padding=&#8221;||56px|||&#8221;]<\/p>\n<p><span style=\"text-decoration: underline;\">Und dann noch einige Logos und Bilder zum Download\u00a0<\/span><span style=\"font-size: 14px;\">(Auf Bild klicken, dann rechte Taste und Download..)<\/span><\/p>\n<p><span style=\"font-size: 14px;\"><strong>Kontaktaufnahme<\/strong>: <a href=\"mailto:presse@abiola.eu\">presse@abiola.eu<\/a>\u00a0 \u00a0 \u00a0Danke. Euer ABIOLA-Team<\/span><\/p>\n<p><span style=\"font-size: 14px;\"><\/span><\/p>\n<p>[\/et_pb_text][et_pb_4divi_masonry_gallery gallery_ids=&#8221;12645,12636,12633,12573,6297,12576,12549,12552,12555,12558,12348,12498,12432,12459,12384,12369,10564,10489,9744,5076,12951,12957,12441,12438,12429,12426,12420,12417,12414,12411,12408,12405,12402,12399,12396,12393,12390,12960,3589,12954,12948&#8243; gallery_columns=&#8221;6&#8243; posts_number=&#8221;50&#8243; zoom_icon_color=&#8221;#fcd21d&#8221; hover_overlay_color=&#8221;rgba(34,34,34,0.46)&#8221; hover_icon=&#8221;%%51%%&#8221; _builder_version=&#8221;3.26.7&#8243; background_color=&#8221;#000000&#8243; use_background_color_gradient=&#8221;on&#8221; background_color_gradient_start=&#8221;rgba(34,34,34,0.44)&#8221;][\/et_pb_4divi_masonry_gallery][\/et_pb_column][\/et_pb_row][et_pb_row column_structure=&#8221;1_4,1_4,1_4,1_4&#8243; _builder_version=&#8221;4.7.6&#8243; _module_preset=&#8221;default&#8221; custom_margin=&#8221;124px|auto||auto||&#8221;][et_pb_column type=&#8221;1_4&#8243; _builder_version=&#8221;4.7.6&#8243; _module_preset=&#8221;default&#8221;][et_pb_image src=&#8221;https:\/\/www.abiola.ngo\/wp-content\/uploads\/Jansna.jpg&#8221; title_text=&#8221;Jansna&#8221; _builder_version=&#8221;4.7.6&#8243; _module_preset=&#8221;default&#8221; hover_enabled=&#8221;0&#8243; show_in_lightbox=&#8221;on&#8221; sticky_enabled=&#8221;0&#8243;][\/et_pb_image][\/et_pb_column][et_pb_column type=&#8221;1_4&#8243; _builder_version=&#8221;4.7.6&#8243; _module_preset=&#8221;default&#8221;][et_pb_text _builder_version=&#8221;4.7.6&#8243; _module_preset=&#8221;default&#8221;]<\/p>\n<p>&nbsp;<\/p>\n<p>\u00a0<span style=\"font-size: 14px;\">\u00a0<\/span><\/p>\n<p>&nbsp;<\/p>\n<p>Danke an Jasna Lazovic<\/p>\n<p>und ihre Kreativwerkstatt f\u00fcr die flei\u00dfige Bew\u00e4ltigung der Pressearbeit f\u00fcr ABIOLA<\/p>\n<p>[\/et_pb_text][\/et_pb_column][et_pb_column type=&#8221;1_4&#8243; _builder_version=&#8221;4.7.6&#8243; _module_preset=&#8221;default&#8221;][et_pb_image src=&#8221;https:\/\/www.abiola.ngo\/wp-content\/uploads\/kw.jpg&#8221; title_text=&#8221;kw&#8221; _builder_version=&#8221;4.7.6&#8243; _module_preset=&#8221;default&#8221; custom_margin=&#8221;49px||||false|false&#8221;][\/et_pb_image][\/et_pb_column][et_pb_column type=&#8221;1_4&#8243; _builder_version=&#8221;4.7.6&#8243; _module_preset=&#8221;default&#8221;][et_pb_text _builder_version=&#8221;4.7.6&#8243; _module_preset=&#8221;default&#8221;]<\/p>\n<p><strong><\/strong><\/p>\n<p><strong><\/strong><\/p>\n<p><strong><\/strong><\/p>\n<p><strong><\/strong><\/p>\n<p><strong>Kontakt:<\/strong><\/p>\n<p><a href=\"http:\/\/www.facebook.com\/JasnasKreativWerkstatt\">facebook<\/a><br \/> <a href=\"http:\/\/www.instagram.com\/jasnas_kreativ_werkstatt\/\" style=\"font-size: 14px;\"><\/a><\/p>\n<p><a href=\"https:\/\/www.instagram.com\/jasnas_kreativwerkstatt\/\" style=\"font-size: 14px;\">instagram<\/a><\/p>\n<p><a href=\"http:\/\/www.pinterest.de\/jasnalazovic\/boards\">pinterest<\/a><\/p>\n<p>email:\u00a0jasna.lazovic@web.de<\/p>\n<p>&nbsp;<\/p>\n<p>&nbsp;<\/p>\n<p>[\/et_pb_text][\/et_pb_column][\/et_pb_row][\/et_pb_section]<\/p>\n","protected":false},"excerpt":{"rendered":"<p>PressemitteilungenDieser Bereich wurde geschaffen f\u00fcr &#8220;B\u00fcrger der schreibenden Zunft&#8221;, also Journalisten und alle, die interessante Bericht f\u00fcr die Presse aufbereiten. Hier findet ihr einige aktuelle Pressemitteilungen, Logos und Bilder \u00fcber die Arbeit von ABIOLA f\u00fcr m\u00f6gliche Berichte.\u00a0 Wichtig: Bitte schaut euch die Bilder der\u00a0ABIOLA Galerie an. Hier findet ihr viele interessante Bilder. Gebt uns einfach [&hellip;]<\/p>\n","protected":false},"author":1,"featured_media":0,"parent":0,"menu_order":0,"comment_status":"closed","ping_status":"closed","template":"","meta":{"_et_pb_use_builder":"on","_et_pb_old_content":"","_et_gb_content_width":"","footnotes":""},"class_list":["post-12834","page","type-page","status-publish","hentry"],"featured_image_src":"","featured_image_src_square":false,"rbea_author_info":{"display_name":"Academy director Christoph K\u00f6hler","author_link":"https:\/\/academy.abiola.ngo\/de\/author\/admin87471\/"},"rbea_excerpt_info":"<p>PressemitteilungenDieser Bereich wurde geschaffen f\u00fcr \"B\u00fcrger der schreibenden Zunft\", also Journalisten und alle, die interessante Bericht f\u00fcr die Presse aufbereiten. Hier findet ihr einige aktuelle Pressemitteilungen, Logos und Bilder \u00fcber die Arbeit von ABIOLA f\u00fcr m\u00f6gliche Berichte.\u00a0 Wichtig: Bitte schaut euch die Bilder der\u00a0ABIOLA Galerie an. Hier findet ihr viele interessante Bilder. Gebt uns einfach [&hellip;]<\/p>\n","_links":{"self":[{"href":"https:\/\/academy.abiola.ngo\/de\/wp-json\/wp\/v2\/pages\/12834","targetHints":{"allow":["GET"]}}],"collection":[{"href":"https:\/\/academy.abiola.ngo\/de\/wp-json\/wp\/v2\/pages"}],"about":[{"href":"https:\/\/academy.abiola.ngo\/de\/wp-json\/wp\/v2\/types\/page"}],"author":[{"embeddable":true,"href":"https:\/\/academy.abiola.ngo\/de\/wp-json\/wp\/v2\/users\/1"}],"replies":[{"embeddable":true,"href":"https:\/\/academy.abiola.ngo\/de\/wp-json\/wp\/v2\/comments?post=12834"}],"version-history":[{"count":0,"href":"https:\/\/academy.abiola.ngo\/de\/wp-json\/wp\/v2\/pages\/12834\/revisions"}],"wp:attachment":[{"href":"https:\/\/academy.abiola.ngo\/de\/wp-json\/wp\/v2\/media?parent=12834"}],"curies":[{"name":"wp","href":"https:\/\/api.w.org\/{rel}","templated":true}]}}