{"id":31255,"date":"2021-05-15T08:14:12","date_gmt":"2021-05-15T06:14:12","guid":{"rendered":"https:\/\/abiola-academy.eu\/?page_id=31255"},"modified":"2021-05-17T17:10:56","modified_gmt":"2021-05-17T15:10:56","slug":"student","status":"publish","type":"page","link":"https:\/\/academy.abiola.ngo\/de\/student\/","title":{"rendered":"Student"},"content":{"rendered":"<p>[et_pb_section fb_built=&#8221;1&#8243; _builder_version=&#8221;4.9.4&#8243; _module_preset=&#8221;default&#8221;][et_pb_row column_structure=&#8221;1_2,1_2&#8243; _builder_version=&#8221;4.9.4&#8243; _module_preset=&#8221;default&#8221;][et_pb_column type=&#8221;1_2&#8243; _builder_version=&#8221;4.9.4&#8243; _module_preset=&#8221;default&#8221;][et_pb_image src=&#8221;https:\/\/academy.abiola.ngo\/wp-content\/uploads\/2021\/05\/abiola.png&#8221; title_text=&#8221;abiola&#8221; _builder_version=&#8221;4.9.4&#8243; _module_preset=&#8221;default&#8221;][\/et_pb_image][\/et_pb_column][et_pb_column type=&#8221;1_2&#8243; _builder_version=&#8221;4.9.4&#8243; _module_preset=&#8221;default&#8221;][et_pb_image src=&#8221;https:\/\/academy.abiola.ngo\/wp-content\/uploads\/2021\/05\/needy.png&#8221; _builder_version=&#8221;4.9.4&#8243; _module_preset=&#8221;default&#8221; title_text=&#8221;needy&#8221; hover_enabled=&#8221;0&#8243; sticky_enabled=&#8221;0&#8243;][\/et_pb_image][\/et_pb_column][\/et_pb_row][et_pb_row _builder_version=&#8221;4.9.4&#8243; _module_preset=&#8221;default&#8221;][et_pb_column type=&#8221;4_4&#8243; _builder_version=&#8221;4.9.4&#8243; _module_preset=&#8221;default&#8221;][et_pb_text _builder_version=&#8221;4.9.4&#8243; _module_preset=&#8221;default&#8221; hover_enabled=&#8221;0&#8243; sticky_enabled=&#8221;0&#8243;]<\/p>\n<p><span style=\"font-weight: 400;\">Hallo Studierende(r),<\/span><\/p>\n<p><b>wir suchen Studierende mit Erfahrung mit Linux und ggf. Raspberry, die f\u00fcr uns Artikel und\/oder Kursbeitr\u00e4ge schreiben. Diese Zusammenarbeit kann auf verschiedene Weisen erfolgen:<\/b><\/p>\n<ul>\n<li style=\"font-weight: 400;\" aria-level=\"1\"><span style=\"font-weight: 400;\">Freelancer per Homeoffice (Stundenlohn 12 \u20ac) auf Vertrauensbasis<\/span><\/li>\n<li style=\"font-weight: 400;\" aria-level=\"1\"><span style=\"font-weight: 400;\">Praktikum in unserem Haus in Sulzberg bei Kempten<\/span><\/li>\n<li style=\"font-weight: 400;\" aria-level=\"1\"><span style=\"font-weight: 400;\">Bachelor- bzw. Masterarbeit<\/span><\/li>\n<\/ul>\n<p><span style=\"font-weight: 400;\">Das Ergebnis deiner Arbeit wird auf unserer <\/span><b>ABIOLA RASP Wissensdatenbank<\/b><span style=\"font-weight: 400;\"> und ggf. in unserer <\/span><b>ABIOLA online Academy<\/b><span style=\"font-weight: 400;\"> ver\u00f6ffentlicht. Unsere Beitr\u00e4ge sollen f\u00fcr alle Menschen kostenlos zur Verf\u00fcgung sein, die sich teure B\u00fccher und Kurse nicht leisten k\u00f6nnen. Wir spenden im Zuge einer Kampagne die ersten 100 Raspberry Computersysteme an afrikanische Schulen. Die Knowledge Base und Akademie sollen Lehrer und Studenten helfen, schnell die ersten Erfolge zu erzielen.<\/span><\/p>\n<p><b>RASP Wissensdatenbank<\/b><span style=\"font-weight: 400;\"> : <\/span><a href=\"https:\/\/www.abiola.ngo\/en\/knowledge-base\"><span style=\"font-weight: 400;\">https:\/\/www.abiola.ngo\/en\/knowledge-base<\/span><\/a><br \/><b>ABIOLA online Academy:<\/b> <a href=\"https:\/\/academy.abiola.ngo\/\"><span style=\"font-weight: 400;\">https:\/\/academy.abiola.ngo\/<\/span><\/a><span style=\"font-weight: 400;\"> (Passwort: ara)<br \/><\/span><span style=\"font-weight: 400;\">(die URL der Akademie ist noch im Entwurf und tr\u00e4gt deshalb ein Passwort)<\/span><\/p>\n<p><b>zu ABIOLA:<\/b><span style=\"font-weight: 400;\"><br \/><\/span><span style=\"font-weight: 400;\">Hier einige interessante Links<br \/><\/span><a href=\"https:\/\/www.abiola.ngo\/\"><span style=\"font-weight: 400;\">https:\/\/www.abiola.ngo\/<\/span><\/a><br \/><a href=\"https:\/\/academy.abiola.ngo\/ueber-abiola\/\"><span style=\"font-weight: 400;\">https:\/\/academy.abiola.ngo\/ueber-abiola\/<\/span><\/a><span style=\"font-weight: 400;\">\u00a0<\/span><\/p>\n<p><b>zum ABIOLA LichtPortal:<\/b><\/p>\n<p><span style=\"font-weight: 400;\">Wir konnten im Jahr 2020 \u00fcber 1.000 SolarKits an arme Familien in 15 verschiedene afrikanischen L\u00e4nder spenden verteilen. Auch dieses Jahr werden es wieder etwa 1.000 SolarKits werden. Alle Familien und Projekte werden in unserem LichtPortal dokumentiert.<\/span><\/p>\n<p><span style=\"font-weight: 400;\">LichtPortal: <\/span><a href=\"http:\/\/www.abiola.ngo\/lp\"><span style=\"font-weight: 400;\">www.abiola.ngo\/lp<\/span><\/a><br \/>Interessante\u00a0Projekte: <a href=\"http:\/\/www.abiola.ngo\/top10\"><span style=\"font-weight: 400;\">www.abiola.ngo\/top10<\/span><\/a><br \/><span style=\"font-weight: 400;\">Beispiel: Tolles Beispiel Projekt in Kamerun: <\/span><a href=\"http:\/\/www.abiola.ngo\/574\"><span style=\"font-weight: 400;\">www.abiola.ngo\/574<\/span><\/a><span style=\"font-weight: 400;\">\u00a0<\/span><\/p>\n<p><span style=\"font-weight: 400;\">Wir freuen uns \u00fcber deine Unterst\u00fctzung. Sonnige Gr\u00fc\u00dfe. Christoph <\/span><a href=\"mailto:ck@abiola.eu\"><span style=\"font-weight: 400;\">ck@abiola.eu<\/span><\/a><\/p>\n<p>[\/et_pb_text][\/et_pb_column][\/et_pb_row][\/et_pb_section]<\/p>\n","protected":false},"excerpt":{"rendered":"<p>Hallo Studierende(r), wir suchen Studierende mit Erfahrung mit Linux und ggf. Raspberry, die f\u00fcr uns Artikel und\/oder Kursbeitr\u00e4ge schreiben. Diese Zusammenarbeit kann auf verschiedene Weisen erfolgen: Freelancer per Homeoffice (Stundenlohn 12 \u20ac) auf Vertrauensbasis Praktikum in unserem Haus in Sulzberg bei Kempten Bachelor- bzw. Masterarbeit Das Ergebnis deiner Arbeit wird auf unserer ABIOLA RASP Wissensdatenbank [&hellip;]<\/p>\n","protected":false},"author":1,"featured_media":0,"parent":0,"menu_order":0,"comment_status":"closed","ping_status":"closed","template":"","meta":{"_et_pb_use_builder":"on","_et_pb_old_content":"","_et_gb_content_width":"","footnotes":""},"class_list":["post-31255","page","type-page","status-publish","hentry"],"featured_image_src":"","featured_image_src_square":false,"rbea_author_info":{"display_name":"Academy director Christoph K\u00f6hler","author_link":"https:\/\/academy.abiola.ngo\/de\/author\/admin87471\/"},"rbea_excerpt_info":"<p>Hallo Studierende(r), wir suchen Studierende mit Erfahrung mit Linux und ggf. Raspberry, die f\u00fcr uns Artikel und\/oder Kursbeitr\u00e4ge schreiben. Diese Zusammenarbeit kann auf verschiedene Weisen erfolgen: Freelancer per Homeoffice (Stundenlohn 12 \u20ac) auf Vertrauensbasis Praktikum in unserem Haus in Sulzberg bei Kempten Bachelor- bzw. Masterarbeit Das Ergebnis deiner Arbeit wird auf unserer ABIOLA RASP Wissensdatenbank [&hellip;]<\/p>\n","_links":{"self":[{"href":"https:\/\/academy.abiola.ngo\/de\/wp-json\/wp\/v2\/pages\/31255","targetHints":{"allow":["GET"]}}],"collection":[{"href":"https:\/\/academy.abiola.ngo\/de\/wp-json\/wp\/v2\/pages"}],"about":[{"href":"https:\/\/academy.abiola.ngo\/de\/wp-json\/wp\/v2\/types\/page"}],"author":[{"embeddable":true,"href":"https:\/\/academy.abiola.ngo\/de\/wp-json\/wp\/v2\/users\/1"}],"replies":[{"embeddable":true,"href":"https:\/\/academy.abiola.ngo\/de\/wp-json\/wp\/v2\/comments?post=31255"}],"version-history":[{"count":4,"href":"https:\/\/academy.abiola.ngo\/de\/wp-json\/wp\/v2\/pages\/31255\/revisions"}],"predecessor-version":[{"id":31697,"href":"https:\/\/academy.abiola.ngo\/de\/wp-json\/wp\/v2\/pages\/31255\/revisions\/31697"}],"wp:attachment":[{"href":"https:\/\/academy.abiola.ngo\/de\/wp-json\/wp\/v2\/media?parent=31255"}],"curies":[{"name":"wp","href":"https:\/\/api.w.org\/{rel}","templated":true}]}}