{"id":32154,"date":"2021-05-22T12:30:45","date_gmt":"2021-05-22T10:30:45","guid":{"rendered":"https:\/\/abiola-academy.eu\/?page_id=32154"},"modified":"2022-01-11T12:30:14","modified_gmt":"2022-01-11T11:30:14","slug":"pause","status":"publish","type":"page","link":"https:\/\/academy.abiola.ngo\/de\/pause\/","title":{"rendered":"Pause"},"content":{"rendered":"<p>[et_pb_section fb_built=&#8221;1&#8243; _builder_version=&#8221;4.9.4&#8243; use_background_color_gradient=&#8221;on&#8221; background_color_gradient_start=&#8221;rgba(0,0,0,0)&#8221; background_color_gradient_end=&#8221;rgba(181,126,43,0.36)&#8221; background_color_gradient_type=&#8221;radial&#8221; background_color_gradient_end_position=&#8221;74%&#8221; background_color_gradient_overlays_image=&#8221;on&#8221; background_image=&#8221;https:\/\/academy.abiola.ngo\/wp-content\/uploads\/2021\/05\/pause3.png&#8221; custom_padding=&#8221;||165px|||&#8221; bottom_divider_height=&#8221;50px&#8221; bottom_divider_arrangement=&#8221;above_content&#8221; animation_style=&#8221;slide&#8221; global_colors_info=&#8221;{}&#8221; border_radii__hover_enabled=&#8221;off&#8221;][et_pb_row _builder_version=&#8221;4.9.4&#8243; use_custom_width=&#8221;on&#8221; width_unit=&#8221;off&#8221; global_colors_info=&#8221;{}&#8221;][et_pb_column type=&#8221;4_4&#8243; module_class=&#8221;pa-vertical-align&#8221; _builder_version=&#8221;3.25&#8243; custom_padding=&#8221;|||&#8221; global_colors_info=&#8221;{}&#8221; custom_padding__hover=&#8221;|||&#8221;][et_pb_text module_class=&#8221;pa-centered-heading-line&#8221; _builder_version=&#8221;4.9.4&#8243; text_font=&#8221;||||||||&#8221; header_text_align=&#8221;center&#8221; text_orientation=&#8221;center&#8221; background_layout=&#8221;dark&#8221; max_width=&#8221;1080px&#8221; module_alignment=&#8221;center&#8221; custom_margin=&#8221;||-61px|||&#8221; text_text_align=&#8221;center&#8221; global_colors_info=&#8221;{}&#8221;]<\/p>\n<h1>Pause<\/h1>\n<p><span style=\"font-size: x-large;\">Wer flei\u00dfig studiert, der hat auch eine Pause verdient.<\/span><\/p>\n<div class=\"elementor-element elementor-element-7f86752 elementor-column elementor-col-16 elementor-inner-column\" data-id=\"7f86752\" data-element_type=\"column\"><\/div>\n<p>[\/et_pb_text][\/et_pb_column][\/et_pb_row][\/et_pb_section][et_pb_section fb_built=&#8221;1&#8243; _builder_version=&#8221;4.9.4&#8243; custom_padding=&#8221;40px|||||&#8221; global_colors_info=&#8221;{}&#8221;][et_pb_row _builder_version=&#8221;4.9.4&#8243; _module_preset=&#8221;default&#8221; global_colors_info=&#8221;{}&#8221;][et_pb_column type=&#8221;4_4&#8243; _builder_version=&#8221;4.9.4&#8243; _module_preset=&#8221;default&#8221; global_colors_info=&#8221;{}&#8221;][et_pb_text _builder_version=&#8221;4.9.4&#8243; _module_preset=&#8221;default&#8221; global_colors_info=&#8221;{}&#8221;]<\/p>\n<p><strong>Auch in der ABIOLA online Academy bekommen flei\u00dfige Studenten und interessierte Besucher &#8220;Pausezeiten&#8221; zum Erholen und Relaxen<\/strong>.<br \/>In unserem Fall stellen wir einige besondere Musikwerke aus Afrika vor. Die meisten Bands sind schon einmal auf dem Africa Festival W\u00fcrzburg aufgetreten.<br \/>Es ist das gr\u00f6\u00dfte Afrika Festival in Europa. Auch ABIOLA hat sich dort schon als NGO pr\u00e4sentiert.\u00a0 Lehne dich zur\u00fcck und lasse dich inspirieren :-J<\/p>\n<p>[\/et_pb_text][\/et_pb_column][\/et_pb_row][et_pb_row column_structure=&#8221;1_3,1_3,1_3&#8243; _builder_version=&#8221;4.9.4&#8243; _module_preset=&#8221;default&#8221; global_colors_info=&#8221;{}&#8221;][et_pb_column type=&#8221;1_3&#8243; _builder_version=&#8221;4.9.4&#8243; _module_preset=&#8221;default&#8221; global_colors_info=&#8221;{}&#8221;][et_pb_video src=&#8221;https:\/\/youtu.be\/T3qc7Qw2x68&#8243; _builder_version=&#8221;4.9.4&#8243; _module_preset=&#8221;default&#8221; global_colors_info=&#8221;{}&#8221;][\/et_pb_video][\/et_pb_column][et_pb_column type=&#8221;1_3&#8243; _builder_version=&#8221;4.9.4&#8243; _module_preset=&#8221;default&#8221; global_colors_info=&#8221;{}&#8221;][et_pb_video src=&#8221;https:\/\/youtu.be\/r4-uq8cTF7o&#8221; _builder_version=&#8221;4.9.4&#8243; _module_preset=&#8221;default&#8221; global_colors_info=&#8221;{}&#8221;][\/et_pb_video][\/et_pb_column][et_pb_column type=&#8221;1_3&#8243; _builder_version=&#8221;4.9.4&#8243; _module_preset=&#8221;default&#8221; global_colors_info=&#8221;{}&#8221;][et_pb_video src=&#8221;https:\/\/youtu.be\/08S9UYUXZYA&#8221; _builder_version=&#8221;4.9.4&#8243; _module_preset=&#8221;default&#8221; global_colors_info=&#8221;{}&#8221;][\/et_pb_video][\/et_pb_column][\/et_pb_row][et_pb_row column_structure=&#8221;1_3,1_3,1_3&#8243; _builder_version=&#8221;4.9.4&#8243; _module_preset=&#8221;default&#8221; global_colors_info=&#8221;{}&#8221;][et_pb_column type=&#8221;1_3&#8243; _builder_version=&#8221;4.9.4&#8243; _module_preset=&#8221;default&#8221; global_colors_info=&#8221;{}&#8221;][et_pb_video src=&#8221;https:\/\/youtu.be\/Apkc-a98Qxc&#8221; _builder_version=&#8221;4.9.4&#8243; _module_preset=&#8221;default&#8221; global_colors_info=&#8221;{}&#8221;][\/et_pb_video][\/et_pb_column][et_pb_column type=&#8221;1_3&#8243; _builder_version=&#8221;4.9.4&#8243; _module_preset=&#8221;default&#8221; global_colors_info=&#8221;{}&#8221;][et_pb_video src=&#8221;https:\/\/youtu.be\/OYQPuZx4e2g&#8221; _builder_version=&#8221;4.9.4&#8243; _module_preset=&#8221;default&#8221; global_colors_info=&#8221;{}&#8221;][\/et_pb_video][\/et_pb_column][et_pb_column type=&#8221;1_3&#8243; _builder_version=&#8221;4.9.4&#8243; _module_preset=&#8221;default&#8221; global_colors_info=&#8221;{}&#8221;][et_pb_video src=&#8221;https:\/\/youtu.be\/idQlXAgpJDE&#8221; _builder_version=&#8221;4.14.5&#8243; _module_preset=&#8221;default&#8221; hover_enabled=&#8221;0&#8243; sticky_enabled=&#8221;0&#8243;][\/et_pb_video][\/et_pb_column][\/et_pb_row][et_pb_row column_structure=&#8221;1_3,1_3,1_3&#8243; _builder_version=&#8221;4.9.4&#8243; _module_preset=&#8221;default&#8221; global_colors_info=&#8221;{}&#8221;][et_pb_column type=&#8221;1_3&#8243; _builder_version=&#8221;4.9.4&#8243; _module_preset=&#8221;default&#8221; global_colors_info=&#8221;{}&#8221;][et_pb_video src=&#8221;https:\/\/youtu.be\/Ig91Z0-rBfo&#8221; _builder_version=&#8221;4.9.4&#8243; _module_preset=&#8221;default&#8221; global_colors_info=&#8221;{}&#8221;][\/et_pb_video][\/et_pb_column][et_pb_column type=&#8221;1_3&#8243; _builder_version=&#8221;4.9.4&#8243; _module_preset=&#8221;default&#8221; global_colors_info=&#8221;{}&#8221;][et_pb_video src=&#8221;https:\/\/youtu.be\/FT3Wz_u4WeA&#8221; _builder_version=&#8221;4.9.4&#8243; _module_preset=&#8221;default&#8221; global_colors_info=&#8221;{}&#8221;][\/et_pb_video][\/et_pb_column][et_pb_column type=&#8221;1_3&#8243; _builder_version=&#8221;4.9.4&#8243; _module_preset=&#8221;default&#8221; global_colors_info=&#8221;{}&#8221;][et_pb_video src=&#8221;https:\/\/youtu.be\/AjrKMqcHZjY&#8221; _builder_version=&#8221;4.9.4&#8243; _module_preset=&#8221;default&#8221; global_colors_info=&#8221;{}&#8221;][\/et_pb_video][\/et_pb_column][\/et_pb_row][et_pb_row column_structure=&#8221;1_3,1_3,1_3&#8243; _builder_version=&#8221;4.9.4&#8243; _module_preset=&#8221;default&#8221; global_colors_info=&#8221;{}&#8221;][et_pb_column type=&#8221;1_3&#8243; _builder_version=&#8221;4.9.4&#8243; _module_preset=&#8221;default&#8221; global_colors_info=&#8221;{}&#8221;][et_pb_video src=&#8221;https:\/\/youtu.be\/TObZqG7n_mg&#8221; _builder_version=&#8221;4.9.4&#8243; _module_preset=&#8221;default&#8221; global_colors_info=&#8221;{}&#8221;][\/et_pb_video][\/et_pb_column][et_pb_column type=&#8221;1_3&#8243; _builder_version=&#8221;4.9.4&#8243; _module_preset=&#8221;default&#8221; global_colors_info=&#8221;{}&#8221;][et_pb_video src=&#8221;https:\/\/youtu.be\/DT_8vvWnImc&#8221; _builder_version=&#8221;4.9.4&#8243; _module_preset=&#8221;default&#8221; global_colors_info=&#8221;{}&#8221;][\/et_pb_video][\/et_pb_column][et_pb_column type=&#8221;1_3&#8243; _builder_version=&#8221;4.9.4&#8243; _module_preset=&#8221;default&#8221; global_colors_info=&#8221;{}&#8221;][et_pb_video src=&#8221;https:\/\/youtu.be\/aUHOb7bhGwU&#8221; _builder_version=&#8221;4.9.4&#8243; _module_preset=&#8221;default&#8221; global_colors_info=&#8221;{}&#8221;][\/et_pb_video][\/et_pb_column][\/et_pb_row][et_pb_row _builder_version=&#8221;4.9.4&#8243; _module_preset=&#8221;default&#8221; global_colors_info=&#8221;{}&#8221;][et_pb_column type=&#8221;4_4&#8243; _builder_version=&#8221;4.9.4&#8243; _module_preset=&#8221;default&#8221; global_colors_info=&#8221;{}&#8221;][et_pb_text _builder_version=&#8221;4.9.4&#8243; _module_preset=&#8221;default&#8221; global_colors_info=&#8221;{}&#8221;]<\/p>\n<p><strong>Wichtiger Hinweis: <\/strong>Wir kennen den Inhalt der Liedertexte nicht und ber\u00fccksichtigen deshalb nur musikalische Kriterien des Clips. Falls ein Videoclip inhaltlich f\u00fcr eine Pr\u00e4sentation an dieser Stelle ungeeignet ist, dann freuen wir uns \u00fcber einen Hinweis.<\/p>\n<p>[\/et_pb_text][\/et_pb_column][\/et_pb_row][et_pb_row _builder_version=&#8221;4.9.4&#8243; _module_preset=&#8221;default&#8221; custom_padding=&#8221;5px|||||&#8221; global_colors_info=&#8221;{}&#8221;][et_pb_column type=&#8221;4_4&#8243; _builder_version=&#8221;4.9.4&#8243; _module_preset=&#8221;default&#8221; global_colors_info=&#8221;{}&#8221;][et_pb_text _builder_version=&#8221;4.9.4&#8243; _module_preset=&#8221;default&#8221; global_colors_info=&#8221;{}&#8221;]<\/p>\n<p><span style=\"color: #0000ff;\"><strong>Willst du noch mehr VideoClips sehen?<\/strong><br \/>Wegen der Ladezeit haben wir diese auf Seite 2 gepackt. Wir haben noch eine &#8220;Zugabe&#8221; f\u00fcr euch. Viel Spa\u00df.<\/span><\/p>\n<p>[\/et_pb_text][\/et_pb_column][\/et_pb_row][et_pb_row _builder_version=&#8221;4.9.4&#8243; _module_preset=&#8221;default&#8221; global_colors_info=&#8221;{}&#8221;][et_pb_column type=&#8221;4_4&#8243; _builder_version=&#8221;4.9.4&#8243; _module_preset=&#8221;default&#8221; global_colors_info=&#8221;{}&#8221;][et_pb_button button_url=&#8221;https:\/\/academy.abiola.ngo\/pause2\/&#8221; button_text=&#8221;Weitere Video Clips&#8221; _builder_version=&#8221;4.9.4&#8243; _module_preset=&#8221;default&#8221; global_colors_info=&#8221;{}&#8221;][\/et_pb_button][\/et_pb_column][\/et_pb_row][\/et_pb_section]<\/p>\n","protected":false},"excerpt":{"rendered":"<p>Pause Wer flei\u00dfig studiert, der hat auch eine Pause verdient. Auch in der ABIOLA online Academy bekommen flei\u00dfige Studenten und interessierte Besucher &#8220;Pausezeiten&#8221; zum Erholen und Relaxen.In unserem Fall stellen wir einige besondere Musikwerke aus Afrika vor. Die meisten Bands sind schon einmal auf dem Africa Festival W\u00fcrzburg aufgetreten.Es ist das gr\u00f6\u00dfte Afrika Festival in [&hellip;]<\/p>\n","protected":false},"author":1,"featured_media":0,"parent":0,"menu_order":0,"comment_status":"open","ping_status":"closed","template":"","meta":{"_et_pb_use_builder":"on","_et_pb_old_content":"This is an example of a WordPress page, you could edit this to put information about yourself or your site so readers know where you are coming from. You can create as many pages like this one or sub-pages as you like and manage all of your content inside of WordPress.","_et_gb_content_width":"","footnotes":""},"class_list":["post-32154","page","type-page","status-publish","hentry"],"featured_image_src":"","featured_image_src_square":false,"rbea_author_info":{"display_name":"Academy director Christoph K\u00f6hler","author_link":"https:\/\/academy.abiola.ngo\/de\/author\/admin87471\/"},"rbea_excerpt_info":"<p>Pause Wer flei\u00dfig studiert, der hat auch eine Pause verdient. Auch in der ABIOLA online Academy bekommen flei\u00dfige Studenten und interessierte Besucher \"Pausezeiten\" zum Erholen und Relaxen.In unserem Fall stellen wir einige besondere Musikwerke aus Afrika vor. Die meisten Bands sind schon einmal auf dem Africa Festival W\u00fcrzburg aufgetreten.Es ist das gr\u00f6\u00dfte Afrika Festival in [&hellip;]<\/p>\n","_links":{"self":[{"href":"https:\/\/academy.abiola.ngo\/de\/wp-json\/wp\/v2\/pages\/32154","targetHints":{"allow":["GET"]}}],"collection":[{"href":"https:\/\/academy.abiola.ngo\/de\/wp-json\/wp\/v2\/pages"}],"about":[{"href":"https:\/\/academy.abiola.ngo\/de\/wp-json\/wp\/v2\/types\/page"}],"author":[{"embeddable":true,"href":"https:\/\/academy.abiola.ngo\/de\/wp-json\/wp\/v2\/users\/1"}],"replies":[{"embeddable":true,"href":"https:\/\/academy.abiola.ngo\/de\/wp-json\/wp\/v2\/comments?post=32154"}],"version-history":[{"count":30,"href":"https:\/\/academy.abiola.ngo\/de\/wp-json\/wp\/v2\/pages\/32154\/revisions"}],"predecessor-version":[{"id":43796,"href":"https:\/\/academy.abiola.ngo\/de\/wp-json\/wp\/v2\/pages\/32154\/revisions\/43796"}],"wp:attachment":[{"href":"https:\/\/academy.abiola.ngo\/de\/wp-json\/wp\/v2\/media?parent=32154"}],"curies":[{"name":"wp","href":"https:\/\/api.w.org\/{rel}","templated":true}]}}