{"id":32192,"date":"2021-05-22T16:44:57","date_gmt":"2021-05-22T14:44:57","guid":{"rendered":"https:\/\/abiola-academy.eu\/?page_id=32192"},"modified":"2021-05-24T17:32:42","modified_gmt":"2021-05-24T15:32:42","slug":"pause2","status":"publish","type":"page","link":"https:\/\/academy.abiola.ngo\/de\/pause2\/","title":{"rendered":"Pause-2"},"content":{"rendered":"<p>[et_pb_section fb_built=&#8221;1&#8243; _builder_version=&#8221;4.9.4&#8243; use_background_color_gradient=&#8221;on&#8221; background_color_gradient_start=&#8221;rgba(0,0,0,0)&#8221; background_color_gradient_end=&#8221;rgba(181,126,43,0.36)&#8221; background_color_gradient_type=&#8221;radial&#8221; background_color_gradient_end_position=&#8221;74%&#8221; background_color_gradient_overlays_image=&#8221;on&#8221; background_image=&#8221;https:\/\/academy.abiola.ngo\/wp-content\/uploads\/2021\/05\/pause.png&#8221; custom_padding=&#8221;||165px|||&#8221; bottom_divider_height=&#8221;50px&#8221; bottom_divider_arrangement=&#8221;above_content&#8221; animation_style=&#8221;slide&#8221; border_radii__hover_enabled=&#8221;off&#8221;][et_pb_row _builder_version=&#8221;4.9.4&#8243; use_custom_width=&#8221;on&#8221; width_unit=&#8221;off&#8221;][et_pb_column type=&#8221;4_4&#8243; module_class=&#8221;pa-vertical-align&#8221; _builder_version=&#8221;3.25&#8243; custom_padding=&#8221;|||&#8221; custom_padding__hover=&#8221;|||&#8221;][et_pb_text module_class=&#8221;pa-centered-heading-line&#8221; _builder_version=&#8221;4.9.4&#8243; text_font=&#8221;||||||||&#8221; header_text_align=&#8221;center&#8221; text_orientation=&#8221;center&#8221; background_layout=&#8221;dark&#8221; max_width=&#8221;1080px&#8221; module_alignment=&#8221;center&#8221; custom_margin=&#8221;||-61px|||&#8221; hover_enabled=&#8221;0&#8243; text_text_align=&#8221;center&#8221; sticky_enabled=&#8221;0&#8243;]<\/p>\n<h1>Pause<\/h1>\n<p><span style=\"font-size: x-large;\">Wie versprochen unsere &#8220;Zugabe&#8221;.<\/span><\/p>\n<div class=\"elementor-element elementor-element-7f86752 elementor-column elementor-col-16 elementor-inner-column\" data-id=\"7f86752\" data-element_type=\"column\"><\/div>\n<p>[\/et_pb_text][\/et_pb_column][\/et_pb_row][\/et_pb_section][et_pb_section fb_built=&#8221;1&#8243; _builder_version=&#8221;4.9.4&#8243; custom_padding=&#8221;40px|||||&#8221;][et_pb_row _builder_version=&#8221;4.9.4&#8243; _module_preset=&#8221;default&#8221;][et_pb_column type=&#8221;4_4&#8243; _builder_version=&#8221;4.9.4&#8243; _module_preset=&#8221;default&#8221;][et_pb_text _builder_version=&#8221;4.9.4&#8243; _module_preset=&#8221;default&#8221; hover_enabled=&#8221;0&#8243; sticky_enabled=&#8221;0&#8243;]<\/p>\n<p><strong>Hier sind noch einige weitere Bands aus Afrika. Falls du selbst einen guten Youtube Clip aus Afrika kennst, dann schicke uns das gerne auf <a href=\"mailto:info@abiola.eu\">info@abiola.eu.\u00a0<\/a><\/strong>Es kann gut sein, dass wir es hier aufnehmen.<\/p>\n<p>[\/et_pb_text][\/et_pb_column][\/et_pb_row][et_pb_row column_structure=&#8221;1_3,1_3,1_3&#8243; _builder_version=&#8221;4.9.4&#8243; _module_preset=&#8221;default&#8221;][et_pb_column type=&#8221;1_3&#8243; _builder_version=&#8221;4.9.4&#8243; _module_preset=&#8221;default&#8221;][et_pb_video src=&#8221;https:\/\/youtu.be\/UBsUAJgqkbw&#8221; _builder_version=&#8221;4.9.4&#8243; _module_preset=&#8221;default&#8221;][\/et_pb_video][\/et_pb_column][et_pb_column type=&#8221;1_3&#8243; _builder_version=&#8221;4.9.4&#8243; _module_preset=&#8221;default&#8221;][et_pb_video src=&#8221;https:\/\/youtu.be\/rK-3xl-l5dk&#8221; _builder_version=&#8221;4.9.4&#8243; _module_preset=&#8221;default&#8221;][\/et_pb_video][\/et_pb_column][et_pb_column type=&#8221;1_3&#8243; _builder_version=&#8221;4.9.4&#8243; _module_preset=&#8221;default&#8221;][et_pb_video src=&#8221;https:\/\/youtu.be\/tqBYETPQbE4&#8243; _builder_version=&#8221;4.9.4&#8243; _module_preset=&#8221;default&#8221;][\/et_pb_video][\/et_pb_column][\/et_pb_row][et_pb_row column_structure=&#8221;1_3,1_3,1_3&#8243; _builder_version=&#8221;4.9.4&#8243; _module_preset=&#8221;default&#8221;][et_pb_column type=&#8221;1_3&#8243; _builder_version=&#8221;4.9.4&#8243; _module_preset=&#8221;default&#8221;][et_pb_video src=&#8221;https:\/\/youtu.be\/cbRgTaiOh_U&#8221; _builder_version=&#8221;4.9.4&#8243; _module_preset=&#8221;default&#8221;][\/et_pb_video][\/et_pb_column][et_pb_column type=&#8221;1_3&#8243; _builder_version=&#8221;4.9.4&#8243; _module_preset=&#8221;default&#8221;][et_pb_video src=&#8221;https:\/\/youtu.be\/BivLTzvvW8A&#8221; _builder_version=&#8221;4.9.4&#8243; _module_preset=&#8221;default&#8221;][\/et_pb_video][\/et_pb_column][et_pb_column type=&#8221;1_3&#8243; _builder_version=&#8221;4.9.4&#8243; _module_preset=&#8221;default&#8221;][et_pb_video src=&#8221;https:\/\/youtu.be\/vdDL1IFXAEY&#8221; _builder_version=&#8221;4.9.4&#8243; _module_preset=&#8221;default&#8221;][\/et_pb_video][\/et_pb_column][\/et_pb_row][et_pb_row column_structure=&#8221;1_3,1_3,1_3&#8243; _builder_version=&#8221;4.9.4&#8243; _module_preset=&#8221;default&#8221;][et_pb_column type=&#8221;1_3&#8243; _builder_version=&#8221;4.9.4&#8243; _module_preset=&#8221;default&#8221;][et_pb_video src=&#8221;https:\/\/youtu.be\/HV2hfn-TS14&#8243; _builder_version=&#8221;4.9.4&#8243; _module_preset=&#8221;default&#8221;][\/et_pb_video][\/et_pb_column][et_pb_column type=&#8221;1_3&#8243; _builder_version=&#8221;4.9.4&#8243; _module_preset=&#8221;default&#8221;][et_pb_video src=&#8221;https:\/\/youtu.be\/aelUo382Du0&#8243; _builder_version=&#8221;4.9.4&#8243; _module_preset=&#8221;default&#8221;][\/et_pb_video][\/et_pb_column][et_pb_column type=&#8221;1_3&#8243; _builder_version=&#8221;4.9.4&#8243; _module_preset=&#8221;default&#8221;][et_pb_video src=&#8221;https:\/\/youtu.be\/R_uaf06xRIk&#8221; _builder_version=&#8221;4.9.4&#8243; _module_preset=&#8221;default&#8221;][\/et_pb_video][\/et_pb_column][\/et_pb_row][et_pb_row column_structure=&#8221;1_3,1_3,1_3&#8243; _builder_version=&#8221;4.9.4&#8243; _module_preset=&#8221;default&#8221;][et_pb_column type=&#8221;1_3&#8243; _builder_version=&#8221;4.9.4&#8243; _module_preset=&#8221;default&#8221;][et_pb_video src=&#8221;https:\/\/youtu.be\/F0MEjbHE5G4&#8243; _builder_version=&#8221;4.9.4&#8243; _module_preset=&#8221;default&#8221;][\/et_pb_video][\/et_pb_column][et_pb_column type=&#8221;1_3&#8243; _builder_version=&#8221;4.9.4&#8243; _module_preset=&#8221;default&#8221;][et_pb_video src=&#8221;https:\/\/youtu.be\/hq9lxX-NzZY&#8221; _builder_version=&#8221;4.9.4&#8243; _module_preset=&#8221;default&#8221;][\/et_pb_video][\/et_pb_column][et_pb_column type=&#8221;1_3&#8243; _builder_version=&#8221;4.9.4&#8243; _module_preset=&#8221;default&#8221;][et_pb_video src=&#8221;https:\/\/youtu.be\/jWJAvmjfCFI&#8221; _builder_version=&#8221;4.9.4&#8243; _module_preset=&#8221;default&#8221;][\/et_pb_video][\/et_pb_column][\/et_pb_row][et_pb_row _builder_version=&#8221;4.9.4&#8243; _module_preset=&#8221;default&#8221;][et_pb_column type=&#8221;4_4&#8243; _builder_version=&#8221;4.9.4&#8243; _module_preset=&#8221;default&#8221;][et_pb_text _builder_version=&#8221;4.9.4&#8243; _module_preset=&#8221;default&#8221;]<\/p>\n<p><strong>Wichtiger Hinweis: <\/strong>Wir kennen den Inhalt der Liedertexte nicht und ber\u00fccksichtigen deshalb nur musikalische Kriterien des Clips. Falls ein Videoclip inhaltlich f\u00fcr eine Pr\u00e4sentation an dieser Stelle ungeeignet ist, dann freuen wir uns \u00fcber einen Hinweis.<\/p>\n<p>[\/et_pb_text][\/et_pb_column][\/et_pb_row][\/et_pb_section]<\/p>\n","protected":false},"excerpt":{"rendered":"<p>Pause Wie versprochen unsere &#8220;Zugabe&#8221;. Hier sind noch einige weitere Bands aus Afrika. Falls du selbst einen guten Youtube Clip aus Afrika kennst, dann schicke uns das gerne auf info@abiola.eu.\u00a0Es kann gut sein, dass wir es hier aufnehmen.Wichtiger Hinweis: Wir kennen den Inhalt der Liedertexte nicht und ber\u00fccksichtigen deshalb nur musikalische Kriterien des Clips. Falls [&hellip;]<\/p>\n","protected":false},"author":1,"featured_media":0,"parent":0,"menu_order":0,"comment_status":"open","ping_status":"closed","template":"","meta":{"_et_pb_use_builder":"on","_et_pb_old_content":"This is an example of a WordPress page, you could edit this to put information about yourself or your site so readers know where you are coming from. You can create as many pages like this one or sub-pages as you like and manage all of your content inside of WordPress.","_et_gb_content_width":"","footnotes":""},"class_list":["post-32192","page","type-page","status-publish","hentry"],"featured_image_src":"","featured_image_src_square":false,"rbea_author_info":{"display_name":"Academy director Christoph K\u00f6hler","author_link":"https:\/\/academy.abiola.ngo\/de\/author\/admin87471\/"},"rbea_excerpt_info":"<p>Pause Wie versprochen unsere \"Zugabe\". Hier sind noch einige weitere Bands aus Afrika. Falls du selbst einen guten Youtube Clip aus Afrika kennst, dann schicke uns das gerne auf info@abiola.eu.\u00a0Es kann gut sein, dass wir es hier aufnehmen.Wichtiger Hinweis: Wir kennen den Inhalt der Liedertexte nicht und ber\u00fccksichtigen deshalb nur musikalische Kriterien des Clips. Falls [&hellip;]<\/p>\n","_links":{"self":[{"href":"https:\/\/academy.abiola.ngo\/de\/wp-json\/wp\/v2\/pages\/32192","targetHints":{"allow":["GET"]}}],"collection":[{"href":"https:\/\/academy.abiola.ngo\/de\/wp-json\/wp\/v2\/pages"}],"about":[{"href":"https:\/\/academy.abiola.ngo\/de\/wp-json\/wp\/v2\/types\/page"}],"author":[{"embeddable":true,"href":"https:\/\/academy.abiola.ngo\/de\/wp-json\/wp\/v2\/users\/1"}],"replies":[{"embeddable":true,"href":"https:\/\/academy.abiola.ngo\/de\/wp-json\/wp\/v2\/comments?post=32192"}],"version-history":[{"count":10,"href":"https:\/\/academy.abiola.ngo\/de\/wp-json\/wp\/v2\/pages\/32192\/revisions"}],"predecessor-version":[{"id":32556,"href":"https:\/\/academy.abiola.ngo\/de\/wp-json\/wp\/v2\/pages\/32192\/revisions\/32556"}],"wp:attachment":[{"href":"https:\/\/academy.abiola.ngo\/de\/wp-json\/wp\/v2\/media?parent=32192"}],"curies":[{"name":"wp","href":"https:\/\/api.w.org\/{rel}","templated":true}]}}