{"id":487,"date":"2016-12-15T21:35:39","date_gmt":"2016-12-15T21:35:39","guid":{"rendered":"https:\/\/demo1.divilms.com\/divi-learndash\/?page_id=4"},"modified":"2023-11-04T09:15:36","modified_gmt":"2023-11-04T08:15:36","slug":"pruefungen","status":"publish","type":"page","link":"https:\/\/academy.abiola.ngo\/de\/pruefungen\/","title":{"rendered":"Pr\u00fcfungen"},"content":{"rendered":"<p>[et_pb_section fb_built=&#8221;1&#8243; _builder_version=&#8221;4.16&#8243; use_background_color_gradient=&#8221;on&#8221; background_color_gradient_type=&#8221;circular&#8221; background_color_gradient_stops=&#8221;rgba(0,0,0,0.51) 0%|rgba(173,170,20,0.52) 100%&#8221; background_color_gradient_overlays_image=&#8221;on&#8221; background_color_gradient_start=&#8221;rgba(0,0,0,0.51)&#8221; background_color_gradient_end=&#8221;rgba(173,170,20,0.52)&#8221; background_image=&#8221;https:\/\/academy.abiola.ngo\/wp-content\/uploads\/2021\/05\/schueler-2.png&#8221; custom_padding=&#8221;||105px|||&#8221; bottom_divider_height=&#8221;50px&#8221; bottom_divider_arrangement=&#8221;above_content&#8221; animation_style=&#8221;slide&#8221; global_colors_info=&#8221;{}&#8221; border_radii__hover_enabled=&#8221;off&#8221;][et_pb_row _builder_version=&#8221;4.16&#8243; use_custom_width=&#8221;on&#8221; width_unit=&#8221;off&#8221; global_colors_info=&#8221;{}&#8221;][et_pb_column type=&#8221;4_4&#8243; module_class=&#8221;pa-vertical-align&#8221; _builder_version=&#8221;4.16&#8243; custom_padding=&#8221;|||&#8221; global_colors_info=&#8221;{}&#8221; custom_padding__hover=&#8221;|||&#8221;][et_pb_text module_class=&#8221;pa-centered-heading-line&#8221; _builder_version=&#8221;4.16&#8243; text_font=&#8221;||||||||&#8221; header_text_align=&#8221;center&#8221; text_orientation=&#8221;center&#8221; background_layout=&#8221;dark&#8221; max_width=&#8221;1080px&#8221; module_alignment=&#8221;center&#8221; text_text_align=&#8221;center&#8221; global_colors_info=&#8221;{}&#8221;]<\/p>\n<h1>KursQuiz &amp; LevelPr\u00fcfung<\/h1>\n<div class=\"elementor-element elementor-element-2546923a elementor-column elementor-col-66 elementor-inner-column\" data-id=\"2546923a\" data-element_type=\"column\">\n<div class=\"elementor-column-wrap  elementor-element-populated\">\n<div class=\"elementor-widget-wrap\">\n<div class=\"elementor-element elementor-element-521c7dcb elementor-position-top elementor-vertical-align-top elementor-widget elementor-widget-image-box\" data-id=\"521c7dcb\" data-element_type=\"widget\" data-widget_type=\"image-box.default\">\n<div class=\"elementor-widget-container\">\n<div class=\"elementor-image-box-wrapper\">\n<div class=\"elementor-image-box-content\">\n<p class=\"elementor-image-box-description\"><span style=\"font-size: x-large;\">Im folgenden Text erkl\u00e4ren wir dir den Unterschied.<\/span><\/p>\n<\/div>\n<\/div>\n<\/div>\n<\/div>\n<\/div>\n<\/div>\n<\/div>\n<div class=\"elementor-element elementor-element-7f86752 elementor-column elementor-col-16 elementor-inner-column\" data-id=\"7f86752\" data-element_type=\"column\"><\/div>\n<p>[\/et_pb_text][\/et_pb_column][\/et_pb_row][\/et_pb_section][et_pb_section fb_built=&#8221;1&#8243; _builder_version=&#8221;4.16&#8243; _module_preset=&#8221;default&#8221; custom_padding=&#8221;||2px|||&#8221; global_colors_info=&#8221;{}&#8221;][et_pb_row _builder_version=&#8221;4.16&#8243; custom_padding=&#8221;17px|||||&#8221; global_colors_info=&#8221;{}&#8221;][et_pb_column type=&#8221;4_4&#8243; _builder_version=&#8221;4.16&#8243; global_colors_info=&#8221;{}&#8221;][et_pb_text module_class=&#8221;pa-centered-heading-line&#8221; _builder_version=&#8221;4.16&#8243; custom_margin=&#8221;||-6px|||&#8221; global_colors_info=&#8221;{}&#8221;]<\/p>\n<h2><span style=\"color: #000080;\">Wie ist ein ABIOLA Kurs aufgebaut?<\/span><\/h2>\n<p style=\"text-align: left;\"><b>Jeder Kurs besteht aus verschiedenen Lektionen. Jede Lektion besteht aus verschiedenen Themen. Am Ende eines Kurses folgt eine \u00dcberpr\u00fcfung der\u00a0 des Kursinhaltes. Dies nennen wir KursQuiz.<\/b><\/p>\n<p style=\"text-align: left;\">Viele Themen aus dem Bereich Raspberry \/ Linux haben selbst keinen Inhalt, sondern werden auf einen Artikel der <a href=\"https:\/\/www.abiola.ngo\/knowledge-base\">RASP Datenbank<\/a> verlinkt. In diesem Fall ist ein <strong>Thema<\/strong> eines Academy-Kurses das gleiche wie der jeweilige <strong>Artikel<\/strong> von der RASP Datenbank. Es ist nur ein anderer Name.<\/p>\n<p style=\"text-align: left;\"><span><\/span><\/p>\n<p>[\/et_pb_text][\/et_pb_column][\/et_pb_row][\/et_pb_section][et_pb_section fb_built=&#8221;1&#8243; _builder_version=&#8221;4.16&#8243; background_color=&#8221;#f3f6fd&#8221; use_background_color_gradient=&#8221;on&#8221; background_color_gradient_stops=&#8221;rgba(169,194,216,0.31) 0%|#79c4b6 100%&#8221; background_color_gradient_start=&#8221;rgba(169,194,216,0.31)&#8221; background_color_gradient_end=&#8221;#79c4b6&#8243; custom_padding=&#8221;||0px|||&#8221; global_colors_info=&#8221;{}&#8221;][et_pb_row _builder_version=&#8221;4.16&#8243; _module_preset=&#8221;default&#8221; custom_margin=&#8221;-24px|auto||auto||&#8221; custom_padding=&#8221;22px||9px|||&#8221; global_colors_info=&#8221;{}&#8221;][et_pb_column type=&#8221;4_4&#8243; _builder_version=&#8221;4.16&#8243; _module_preset=&#8221;default&#8221; global_colors_info=&#8221;{}&#8221;][et_pb_text _builder_version=&#8221;4.16&#8243; _module_preset=&#8221;default&#8221; global_colors_info=&#8221;{}&#8221;]<\/p>\n<h2 style=\"text-align: left;\"><span><span style=\"color: #000080;\">Unterschied zwischen KursQuiz und LevelPr\u00fcfung?<\/span><\/span><\/h2>\n<p>[\/et_pb_text][\/et_pb_column][\/et_pb_row][et_pb_row column_structure=&#8221;1_2,1_2&#8243; _builder_version=&#8221;4.16&#8243; custom_padding=&#8221;38px||3px|||&#8221; global_colors_info=&#8221;{}&#8221;][et_pb_column type=&#8221;1_2&#8243; _builder_version=&#8221;4.16&#8243; global_colors_info=&#8221;{}&#8221;][et_pb_text module_class=&#8221;pa-centered-heading-line&#8221; _builder_version=&#8221;4.16&#8243; global_colors_info=&#8221;{}&#8221;]<\/p>\n<h2 style=\"text-align: center;\"><span><span style=\"color: #000080;\">KursQuiz<\/span><\/span><\/h2>\n<p style=\"text-align: left;\"><strong style=\"font-size: 18px;\">Ein KursQuiz findest du jeweils am Ende eines Kurses.<br \/><\/strong>In dem Quiz kannst du durch die Beantwortung von Multiple Choice Fragen \u00fcberpr\u00fcfen, ob du den Inhalt des jeweiligen Kurses verstanden hast. In einem KursQuiz gehen wir nicht in die Details.<br \/>Alle Fragen beziehen sich auf den Inhalt des jeweiligen Kurses.\u00a0<span><\/span><\/p>\n<p style=\"text-align: left;\">\n<p style=\"text-align: left;\"><span><\/span><\/p>\n<p>[\/et_pb_text][\/et_pb_column][et_pb_column type=&#8221;1_2&#8243; _builder_version=&#8221;4.16&#8243; global_colors_info=&#8221;{}&#8221;][et_pb_text module_class=&#8221;pa-centered-heading-line&#8221; _builder_version=&#8221;4.16&#8243; global_colors_info=&#8221;{}&#8221;]<\/p>\n<h2 style=\"text-align: center;\"><span style=\"color: #000080;\">ExamPr\u00fcfung<\/span><\/h2>\n<p><strong>Eine ExamPr\u00fcfung geht &#8220;in die Tiefe&#8221;<br \/><\/strong><span style=\"font-size: 18px;\">Eine LevelPr\u00fcfung fragt zum Teil die in den Kursen die KursQuiz Fragen ab und auch andere Fragen von den Kursinhalten,.<\/span><\/p>\n<p><span style=\"font-size: 18px;\"> Durch eine Exam Pr\u00fcfung kann ein Sch\u00fcler ein ABIOLA Zertifikat erhalten.<\/span><\/p>\n<p><span><\/span><\/p>\n<p>[\/et_pb_text][\/et_pb_column][\/et_pb_row][et_pb_row _builder_version=&#8221;4.16&#8243; _module_preset=&#8221;default&#8221; custom_padding=&#8221;0px|||||&#8221; global_colors_info=&#8221;{}&#8221;][et_pb_column type=&#8221;4_4&#8243; _builder_version=&#8221;4.16&#8243; _module_preset=&#8221;default&#8221; global_colors_info=&#8221;{}&#8221;][et_pb_text _builder_version=&#8221;4.16&#8243; _module_preset=&#8221;default&#8221; custom_padding=&#8221;||0px|||&#8221; global_colors_info=&#8221;{}&#8221;]<\/p>\n<p><strong><span style=\"font-size: 18px;\">Wir empfehlen, sowohl KursQuiz als auch die LevelPr\u00fcfungen durchzuf\u00fchren. Wir limitieren die Pr\u00fcfungen nicht zeitlich. Alles ist f\u00fcr dich eine reine Selbstkontrolle! Du entscheidest selbst, wie du bei den LevelPr\u00fcfungen vorgehst.<\/span><\/strong><\/p>\n<p><strong><span style=\"font-size: 18px;\">Wir sehen zwei Methoden:<br \/><\/span><\/strong><span style=\"font-size: 18px;\">a) Wenn das Ergebnis eines <strong>Levels zu schlecht<\/strong> ist, dann besch\u00e4ftigst du dich <strong>noch einmal<\/strong> gr\u00fcndlich mit den <strong>Themen\/Artikel<\/strong> und versuchst es sp\u00e4ter noch einmal.<br \/><\/span>b) <strong>W\u00e4hrend<\/strong> du deine <strong>LevelPr\u00fcfung bearbeitst<\/strong> und du auf eine Frage sto\u00dft, die du nicht beantworten kannst, dann \u00f6ffnest du mit deinem Browser einen zweiten Tab (oben +) und suchst nach einer L\u00f6sung in der RASP-Datenbank oder im Internet. Erst dann wechselst du wieder zu deinem Tab &#8220;LevelPr\u00fcfung&#8221; zur\u00fcck und beantwortest dann diese Frage.<\/p>\n<p><span style=\"font-size: 18px;\"><\/span><\/p>\n<p>[\/et_pb_text][\/et_pb_column][\/et_pb_row][\/et_pb_section][et_pb_section fb_built=&#8221;1&#8243; custom_padding_last_edited=&#8221;on|phone&#8221; admin_label=&#8221;3 Steps Section&#8221; _builder_version=&#8221;4.16&#8243; background_color=&#8221;#ffffff&#8221; custom_padding=&#8221;16px||26px|||&#8221; custom_padding_tablet=&#8221;&#8221; custom_padding_phone=&#8221;20px|||&#8221; global_colors_info=&#8221;{}&#8221;][et_pb_row _builder_version=&#8221;4.16&#8243; custom_padding=&#8221;46px|||||&#8221; global_colors_info=&#8221;{}&#8221;][et_pb_column type=&#8221;4_4&#8243; _builder_version=&#8221;4.16&#8243; global_colors_info=&#8221;{}&#8221;][et_pb_text module_class=&#8221;pa-centered-heading-line&#8221; _builder_version=&#8221;4.16&#8243; global_colors_info=&#8221;{}&#8221;]<\/p>\n<h2><span style=\"color: #000080;\">Bleibe am Ball!\u00a0<\/span><\/h2>\n<p style=\"text-align: left;\">Wir empfehlen dir, von Anfang an den &#8220;Anschluss&#8221; zu halten. Absolviere am besten alle von uns angebotenen Kurse und besch\u00e4ftige dich auch mit der ABIOLA RASP-Datenbank. Dann werden dir sp\u00e4ter diese LevelPr\u00fcfungen leichter fallen.<br \/><span><\/span><\/p>\n<p style=\"text-align: left;\">\n<p style=\"text-align: left;\"><span><\/span><\/p>\n<p>[\/et_pb_text][et_pb_text module_class=&#8221;pa-centered-heading-line&#8221; _builder_version=&#8221;4.16&#8243; global_colors_info=&#8221;{}&#8221;]<\/p>\n<h2 style=\"text-align: left;\"><span style=\"color: #000080;\">Coole Sache &#8211; Smartphone!<\/span><\/h2>\n<p>Vielleicht hast du selbst noch keinen eigenen Computer und nicht so oft die M\u00f6glichkeit, in der Schule mit deinem Raspberry Pi zu lernen, aber vielleicht hast du ein eigenes Smartphone. Wir planen, sowohl die <strong>ABIOLA RASP-Datenbank<\/strong> als auch die <strong>ABIOLA online Academy<\/strong> so zu gestalten, dass alle Tips, Kurse und Pr\u00fcfungen auch mit einem <strong>Tablet<\/strong> oder <strong>Smartphone<\/strong> ben\u00fctzt werden k\u00f6nnen. So kannst du dein Ziel wesentlich schneller erreichen.<\/p>\n<p>&nbsp;<\/p>\n<p><span><\/span><\/p>\n<p>[\/et_pb_text][\/et_pb_column][\/et_pb_row][et_pb_row column_structure=&#8221;1_3,1_3,1_3&#8243; use_custom_gutter=&#8221;on&#8221; gutter_width=&#8221;2&#8243; custom_padding_last_edited=&#8221;off|tablet&#8221; padding_top_bottom_link_1=&#8221;false&#8221; padding_top_bottom_link_2=&#8221;false&#8221; padding_top_bottom_link_3=&#8221;false&#8221; padding_left_right_link_2=&#8221;false&#8221; padding_left_right_link_3=&#8221;false&#8221; admin_label=&#8221;3 Steps Row&#8221; _builder_version=&#8221;3.26.5&#8243; max_width=&#8221;100%&#8221; custom_margin=&#8221;|||&#8221; custom_padding=&#8221;5px||8px|||&#8221; custom_padding_tablet=&#8221;0px||30px|&#8221; custom_padding_phone=&#8221;0px||30px|&#8221; animation_style=&#8221;fold&#8221; animation_direction=&#8221;bottom&#8221; animation_intensity_fold=&#8221;15%&#8221; use_custom_width=&#8221;on&#8221; width_unit=&#8221;off&#8221; global_module=&#8221;1288&#8243; saved_tabs=&#8221;all&#8221; global_colors_info=&#8221;{}&#8221;][et_pb_column type=&#8221;1_3&#8243; module_class=&#8221;pa-number-column-one&#8221; _builder_version=&#8221;4.16&#8243; background_color=&#8221;#ffffff&#8221; custom_padding=&#8221;30px|30px|30px|30px|true|true&#8221; custom_padding_tablet=&#8221;|30px||30px&#8221; custom_padding_last_edited=&#8221;off|phone&#8221; border_radii=&#8221;on|6px|6px|6px|6px&#8221; global_colors_info=&#8221;{}&#8221; custom_padding__hover=&#8221;|||&#8221;][\/et_pb_column][et_pb_column type=&#8221;1_3&#8243; module_class=&#8221;pa-number-column-one&#8221; _builder_version=&#8221;4.16&#8243; background_color=&#8221;#ffffff&#8221; custom_padding=&#8221;30px|30px|30px|30px|true|true&#8221; custom_padding_tablet=&#8221;|30px||30px&#8221; custom_padding_last_edited=&#8221;off|phone&#8221; border_radii=&#8221;on|6px|6px|6px|6px&#8221; global_colors_info=&#8221;{}&#8221; custom_padding__hover=&#8221;|||&#8221;][et_pb_text admin_label=&#8221;We Do the Hard Work&#8221; _builder_version=&#8221;4.16&#8243; header_font=&#8221;||||||||&#8221; header_4_text_color=&#8221;#26245b&#8221; header_4_font_size=&#8221;30px&#8221; header_4_line_height=&#8221;1.7em&#8221; custom_margin=&#8221;||0px|&#8221; animation_style=&#8221;fold&#8221; animation_direction=&#8221;bottom&#8221; animation_intensity_fold=&#8221;15%&#8221; global_colors_info=&#8221;{}&#8221;][\/et_pb_text][\/et_pb_column][et_pb_column type=&#8221;1_3&#8243; module_class=&#8221;pa-number-column-one&#8221; _builder_version=&#8221;4.16&#8243; background_color=&#8221;#ffffff&#8221; custom_padding=&#8221;30px|30px|30px|30px|true|true&#8221; custom_padding_tablet=&#8221;|30px||30px&#8221; custom_padding_last_edited=&#8221;off|phone&#8221; border_radii=&#8221;on|6px|6px|6px|6px&#8221; global_colors_info=&#8221;{}&#8221; custom_padding__hover=&#8221;|||&#8221;][\/et_pb_column][\/et_pb_row][\/et_pb_section][et_pb_section fb_built=&#8221;1&#8243; _builder_version=&#8221;4.16&#8243; background_color=&#8221;#26245b&#8221; custom_padding=&#8221;11px|||||&#8221; global_colors_info=&#8221;{}&#8221;][et_pb_row _builder_version=&#8221;3.26.4&#8243; max_width=&#8221;100%&#8221; global_module=&#8221;1291&#8243; saved_tabs=&#8221;all&#8221; global_colors_info=&#8221;{}&#8221;][et_pb_column type=&#8221;4_4&#8243; _builder_version=&#8221;4.16&#8243; global_colors_info=&#8221;{}&#8221;][et_pb_text admin_label=&#8221;Title&#8221; _builder_version=&#8221;4.16&#8243; text_font=&#8221;|700||on|||||&#8221; text_text_color=&#8221;#00d263&#8243; text_font_size=&#8221;20px&#8221; text_letter_spacing=&#8221;4px&#8221; header_font=&#8221;Poppins||||||||&#8221; header_2_font=&#8221;Lato||||||||&#8221; header_2_font_size=&#8221;36px&#8221; header_2_line_height=&#8221;1.5em&#8221; header_3_text_color=&#8221;#1f4de0&#8243; header_5_font=&#8221;Poppins|600|||||||&#8221; header_5_font_size=&#8221;23px&#8221; header_5_line_height=&#8221;30px&#8221; text_orientation=&#8221;center&#8221; custom_margin=&#8221;||10px||false|false&#8221; custom_padding=&#8221;||0px|&#8221; animation_direction=&#8221;left&#8221; text_font_size_tablet=&#8221;18px&#8221; text_font_size_phone=&#8221;18px&#8221; text_text_align=&#8221;center&#8221; global_colors_info=&#8221;{}&#8221;]<\/p>\n<p>Ergreife die Initiative<\/p>\n<p>[\/et_pb_text][et_pb_text module_class=&#8221;pa-centered-heading-line&#8221; _builder_version=&#8221;4.16&#8243; text_orientation=&#8221;center&#8221; background_layout=&#8221;dark&#8221; text_text_align=&#8221;center&#8221; global_colors_info=&#8221;{}&#8221;]<\/p>\n<h2>Teste heute deinen ersten Kurs<\/h2>\n<p>In wenigen Minuten bist du registriert.\u00a0Wir helfen dir gerne in eine erfolgreiche Zukunft zu starten.<\/p>\n<p>[\/et_pb_text][\/et_pb_column][\/et_pb_row][\/et_pb_section]<\/p>\n","protected":false},"excerpt":{"rendered":"<p>KursQuiz &amp; LevelPr\u00fcfung Im folgenden Text erkl\u00e4ren wir dir den Unterschied. Wie ist ein ABIOLA Kurs aufgebaut? Jeder Kurs besteht aus verschiedenen Lektionen. Jede Lektion besteht aus verschiedenen Themen. Am Ende eines Kurses folgt eine \u00dcberpr\u00fcfung der\u00a0 des Kursinhaltes. Dies nennen wir KursQuiz. Viele Themen aus dem Bereich Raspberry \/ Linux haben selbst keinen Inhalt, [&hellip;]<\/p>\n","protected":false},"author":2,"featured_media":0,"parent":0,"menu_order":0,"comment_status":"closed","ping_status":"closed","template":"","meta":{"_et_pb_use_builder":"on","_et_pb_old_content":"[ld_course_list]","_et_gb_content_width":"","footnotes":""},"class_list":["post-487","page","type-page","status-publish","hentry"],"featured_image_src":"","featured_image_src_square":false,"rbea_author_info":{"display_name":"","author_link":"https:\/\/academy.abiola.ngo\/de\/author\/"},"rbea_excerpt_info":"<p>KursQuiz &amp; LevelPr\u00fcfung Im folgenden Text erkl\u00e4ren wir dir den Unterschied. Wie ist ein ABIOLA Kurs aufgebaut? Jeder Kurs besteht aus verschiedenen Lektionen. Jede Lektion besteht aus verschiedenen Themen. Am Ende eines Kurses folgt eine \u00dcberpr\u00fcfung der\u00a0 des Kursinhaltes. Dies nennen wir KursQuiz. Viele Themen aus dem Bereich Raspberry \/ Linux haben selbst keinen Inhalt, [&hellip;]<\/p>\n","_links":{"self":[{"href":"https:\/\/academy.abiola.ngo\/de\/wp-json\/wp\/v2\/pages\/487","targetHints":{"allow":["GET"]}}],"collection":[{"href":"https:\/\/academy.abiola.ngo\/de\/wp-json\/wp\/v2\/pages"}],"about":[{"href":"https:\/\/academy.abiola.ngo\/de\/wp-json\/wp\/v2\/types\/page"}],"author":[{"embeddable":true,"href":"https:\/\/academy.abiola.ngo\/de\/wp-json\/wp\/v2\/users\/2"}],"replies":[{"embeddable":true,"href":"https:\/\/academy.abiola.ngo\/de\/wp-json\/wp\/v2\/comments?post=487"}],"version-history":[{"count":9,"href":"https:\/\/academy.abiola.ngo\/de\/wp-json\/wp\/v2\/pages\/487\/revisions"}],"predecessor-version":[{"id":87742,"href":"https:\/\/academy.abiola.ngo\/de\/wp-json\/wp\/v2\/pages\/487\/revisions\/87742"}],"wp:attachment":[{"href":"https:\/\/academy.abiola.ngo\/de\/wp-json\/wp\/v2\/media?parent=487"}],"curies":[{"name":"wp","href":"https:\/\/api.w.org\/{rel}","templated":true}]}}