{"id":50456,"date":"2022-05-27T11:20:10","date_gmt":"2022-05-27T09:20:10","guid":{"rendered":"https:\/\/academy.abiola.ngo\/?page_id=50456"},"modified":"2022-05-31T09:07:31","modified_gmt":"2022-05-31T07:07:31","slug":"punkte-schuler","status":"publish","type":"page","link":"https:\/\/academy.abiola.ngo\/de\/punkte-schuler\/","title":{"rendered":"Punkte &#8211; Sch\u00fcler"},"content":{"rendered":"<p>[et_pb_section fb_built=&#8221;1&#8243; _builder_version=&#8221;4.17.4&#8243; use_background_color_gradient=&#8221;on&#8221; background_color_gradient_direction=&#8221;192deg&#8221; background_color_gradient_stops=&#8221;rgba(0,0,0,0) 0%|rgba(147,105,0,0.75) 100%&#8221; background_color_gradient_overlays_image=&#8221;on&#8221; background_color_gradient_start=&#8221;rgba(0,0,0,0)&#8221; background_color_gradient_end=&#8221;rgba(147,105,0,0.75)&#8221; background_color_gradient_end_position=&#8221;74%&#8221; background_image=&#8221;https:\/\/academy.abiola.ngo\/wp-content\/uploads\/2022\/05\/point.png&#8221; custom_padding=&#8221;||99px|||&#8221; bottom_divider_height=&#8221;50px&#8221; bottom_divider_arrangement=&#8221;above_content&#8221; animation_style=&#8221;slide&#8221; global_colors_info=&#8221;{}&#8221; border_radii__hover_enabled=&#8221;off&#8221;][et_pb_row _builder_version=&#8221;4.16&#8243; use_custom_width=&#8221;on&#8221; width_unit=&#8221;off&#8221; global_colors_info=&#8221;{}&#8221;][et_pb_column type=&#8221;4_4&#8243; module_class=&#8221;pa-vertical-align&#8221; _builder_version=&#8221;4.16&#8243; custom_padding=&#8221;|||&#8221; global_colors_info=&#8221;{}&#8221; custom_padding__hover=&#8221;|||&#8221;][et_pb_text module_class=&#8221;pa-centered-heading-line&#8221; _builder_version=&#8221;4.16&#8243; text_font=&#8221;||||||||&#8221; header_text_align=&#8221;center&#8221; text_orientation=&#8221;center&#8221; background_layout=&#8221;dark&#8221; max_width=&#8221;1080px&#8221; module_alignment=&#8221;center&#8221; text_text_align=&#8221;center&#8221; global_colors_info=&#8221;{}&#8221;]<\/p>\n<h1>ABIOLA Punkte<\/h1>\n<p><span style=\"font-size: 18px; font-family: 'Open Sans', Helvetica, Arial, Lucida, sans-serif; font-weight: 500;\"><span style=\"font-size: x-large;\">Sch\u00fcler<\/span><\/span><\/p>\n<div class=\"elementor-element elementor-element-7f86752 elementor-column elementor-col-16 elementor-inner-column\" data-id=\"7f86752\" data-element_type=\"column\"><\/div>\n<p>[\/et_pb_text][\/et_pb_column][\/et_pb_row][\/et_pb_section][et_pb_section fb_built=&#8221;1&#8243; _builder_version=&#8221;4.16&#8243; _module_preset=&#8221;default&#8221; custom_padding=&#8221;||2px|||&#8221; global_colors_info=&#8221;{}&#8221;][et_pb_row _builder_version=&#8221;4.16&#8243; custom_padding=&#8221;18px||0px|||&#8221; global_colors_info=&#8221;{}&#8221;][et_pb_column type=&#8221;4_4&#8243; _builder_version=&#8221;4.16&#8243; global_colors_info=&#8221;{}&#8221;][et_pb_text module_class=&#8221;pa-centered-heading-line&#8221; _builder_version=&#8221;4.16&#8243; custom_margin=&#8221;||-6px|||&#8221; custom_padding=&#8221;3px|||||&#8221; global_colors_info=&#8221;{}&#8221;]<\/p>\n<h2><span style=\"color: #000080;\">Dein Einstieg als Sch\u00fcler der ABIOLA online Academy\u00a0<\/span><\/h2>\n<p style=\"text-align: left;\"><b>Wir freuen uns, dir als Sch\u00fcler wertvolles Fachwissen \u00fcber die bereitgestellten ABIOLA Kurse vermitteln zu d\u00fcrfen. Falls du selbst Sch\u00fcler einer von uns unterst\u00fctzen Schule bist, dann solltest du zun\u00e4chst einige Aufgaben pers\u00f6nlich zu erledigen, bevor du beginnst, unsere Kurse zu studieren. Bitte lies unsere Hinweise unten genau durch und gehe entsprechend vor. Es dauert nur wenige Minuten.\u00a0<\/b><\/p>\n<p style=\"text-align: left;\">\n<p style=\"text-align: left;\"><span><\/span><\/p>\n<p>[\/et_pb_text][\/et_pb_column][\/et_pb_row][et_pb_row column_structure=&#8221;3_4,1_4&#8243; _builder_version=&#8221;4.17.4&#8243; _module_preset=&#8221;default&#8221; background_color=&#8221;rgba(156,209,169,0.34)&#8221; custom_margin=&#8221;50px|auto||auto||&#8221; box_shadow_style=&#8221;preset2&#8243; global_colors_info=&#8221;{}&#8221;][et_pb_column type=&#8221;3_4&#8243; _builder_version=&#8221;4.16&#8243; _module_preset=&#8221;default&#8221; custom_padding=&#8221;|||33px|false|false&#8221; global_colors_info=&#8221;{}&#8221;][et_pb_text _builder_version=&#8221;4.16&#8243; _module_preset=&#8221;default&#8221; global_colors_info=&#8221;{}&#8221; custom_margin=&#8221;||3px|||&#8221;]<\/p>\n<h2><span style=\"color: #000080;\">1. ABIOLA Punkte Belohnungprinzip<\/span><\/h2>\n<p><span style=\"color: #000080;\"><\/span><\/p>\n<p>[\/et_pb_text][et_pb_text _builder_version=&#8221;4.16.1&#8243; _module_preset=&#8221;default&#8221; global_colors_info=&#8221;{}&#8221;]<\/p>\n<p><strong>Warum sollst du Punkte sammeln beim Studieren der Kurse?<\/strong><\/p>\n<p>Egal, welchen Kurs du bearbeitest, du bekommst Punkte daf\u00fcr. Zum Beispiel:<br \/>&#8211; Punkte f\u00fcr das Einloggen<br \/>&#8211; Punkte f\u00fcr studierte Topics<br \/>&#8211; Punkte f\u00fcr absolvierte Quiz<\/p>\n<p>Du kannst jederzeit deinen aktuellen Punktestand einsehen. Das zeigen wir dir weiter unten. Die Summe der Punkte aller Sch\u00fcler deiner Schule werden addiert und diese sind bekannt. <br \/>Jede Schule bekommt f\u00fcr den Start normalerweise 5 Computer von ABIOLA gespendet. Wenn ihr Sch\u00fcler zusammen flei\u00dfig unsere Kurse studiert, dann m\u00f6chten wir eurer Schule weitere PC\u00b4s \u00fcbergeben. Wir k\u00f6nnen somit deine Schule belohnen, wenn du und deine Mitsch\u00fcler viel in der ABIOLA online Academy studiert.<\/p>\n<p>Es gibt f\u00fcr ABIOLA auch die M\u00f6glichkeiten, dich als flei\u00dfiger Sch\u00fcler pers\u00f6nlich zu belohnen.<\/p>\n<p><strong>Zum Beispiel:<\/strong><br \/>&#8211; kostenloser Computer f\u00fcr die besten Sch\u00fcler unserer Academy<br \/>&#8211; extrem g\u00fcnstige Computer auf Micro-Kredit Basis nach der Schule (z.B. 5 \u20ac \/Monat) f\u00fcr sehr gute Sch\u00fcler<\/p>\n<p><strong>Au\u00dferdem hat das Punkte Belohnungssystem auch andere Vorteile.<\/strong> <br \/>a) Wenn du ein Topic als gelesen markierst, dann wei\u00dft du am n\u00e4chsten Tag genau, an welcher Stelle weiter studieren kannst.<br \/>b)\u00a0Nur wenn ABIOLA wei\u00df, welche Kurse von euch angenommen und studiert werden, k\u00f6nnen wir unser Kurse optimieren und erg\u00e4nzen. ABIOLA lernt sozusagen von euch Sch\u00fclern \ud83d\ude09<\/p>\n<p>Wir hoffen, dass du den Vorteil vom ABIOLA Punkte Belohnungsprinzip erkennen kannst. In den ABIOLA Kursen stecken 40 Jahre Computererfahrung Unsere Autoren haben ein umfangreiches Fachwissen. Linux PC\u00b4s sind nach unserer Einsch\u00e4tzung f\u00fcr die meisten L\u00e4ndern von Afrika besser, weil sie a) viel g\u00fcnstiger sind und b) es f\u00fcr fast alle Bereiche kostenlose Programm gibt. \u00dcber 100 Programm werden von uns in der Academy und RASP vorgestellt.<\/p>\n<p>[\/et_pb_text][\/et_pb_column][et_pb_column type=&#8221;1_4&#8243; _builder_version=&#8221;4.16&#8243; _module_preset=&#8221;default&#8221; custom_padding=&#8221;|||33px|false|false&#8221; global_colors_info=&#8221;{}&#8221;][\/et_pb_column][\/et_pb_row][et_pb_row _builder_version=&#8221;4.16&#8243; _module_preset=&#8221;default&#8221; custom_margin=&#8221;|auto|50px|auto||&#8221; custom_padding=&#8221;0px||31px|||&#8221; global_colors_info=&#8221;{}&#8221;][et_pb_column type=&#8221;4_4&#8243; _builder_version=&#8221;4.16&#8243; _module_preset=&#8221;default&#8221; global_colors_info=&#8221;{}&#8221;][\/et_pb_column][\/et_pb_row][et_pb_row column_structure=&#8221;3_4,1_4&#8243; _builder_version=&#8221;4.17.4&#8243; _module_preset=&#8221;default&#8221; background_color=&#8221;rgba(252,247,156,0.3)&#8221; box_shadow_style=&#8221;preset2&#8243; global_colors_info=&#8221;{}&#8221;][et_pb_column type=&#8221;3_4&#8243; _builder_version=&#8221;4.16&#8243; _module_preset=&#8221;default&#8221; custom_padding=&#8221;|||33px|false|false&#8221; global_colors_info=&#8221;{}&#8221;][et_pb_text _builder_version=&#8221;4.16&#8243; _module_preset=&#8221;default&#8221; global_colors_info=&#8221;{}&#8221;]<\/p>\n<h2><span style=\"color: #000080;\">2. Registrierung mit EMail Adresse<\/span><\/h2>\n<p>Du musst dich einmalig in der ABIOLA online Academy registrieren. Dazu brauchst du auch eine eigene EMail Adresse (das erwartet WordPress, die Sofwarumgebung der Academy). Um das zu erreichen, brauchst du nur einen Internetzugang. Du kannst das schnell mit deinem Schulrechner erreichen. Falls du keine eigene EMail Adresse hast, dann kannst dir eine einmalige tempor\u00e4re EMail Adresse anlegen, mit der du dich in der Academy registrieren kannst. Alles ist genau im Men\u00fcpunkt &#8220;<strong>Sonstiges &#8211; Registrierung<\/strong>&#8221; Ziffer 4 (pink) beschrieben. Dein Lehrer oder andere Sch\u00fcler k\u00f6nnen dir helfen, falls du selbst nicht klar kommst.<span style=\"color: #000080;\"><\/span><\/p>\n<p><span style=\"color: #000080;\"><\/span><\/p>\n<p>[\/et_pb_text][\/et_pb_column][et_pb_column type=&#8221;1_4&#8243; _builder_version=&#8221;4.16&#8243; _module_preset=&#8221;default&#8221; custom_padding=&#8221;|||33px|false|false&#8221; global_colors_info=&#8221;{}&#8221;][et_pb_button button_url=&#8221;https:\/\/academy.abiola.ngo\/registrierung\/&#8221; url_new_window=&#8221;on&#8221; button_text=&#8221;Registrieren&#8221; _builder_version=&#8221;4.17.4&#8243; _module_preset=&#8221;default&#8221; global_colors_info=&#8221;{}&#8221;][\/et_pb_button][\/et_pb_column][\/et_pb_row][et_pb_row _builder_version=&#8221;4.16&#8243; _module_preset=&#8221;default&#8221; custom_margin=&#8221;|auto|50px|auto||&#8221; custom_padding=&#8221;0px||31px|||&#8221; global_colors_info=&#8221;{}&#8221;][et_pb_column type=&#8221;4_4&#8243; _builder_version=&#8221;4.16&#8243; _module_preset=&#8221;default&#8221; global_colors_info=&#8221;{}&#8221;][\/et_pb_column][\/et_pb_row][et_pb_row column_structure=&#8221;3_4,1_4&#8243; _builder_version=&#8221;4.17.4&#8243; _module_preset=&#8221;default&#8221; background_color=&#8221;rgba(181,191,224,0.52)&#8221; box_shadow_style=&#8221;preset2&#8243; global_colors_info=&#8221;{}&#8221;][et_pb_column type=&#8221;3_4&#8243; _builder_version=&#8221;4.16&#8243; _module_preset=&#8221;default&#8221; custom_padding=&#8221;|||33px|false|false&#8221; global_colors_info=&#8221;{}&#8221;][et_pb_text _builder_version=&#8221;4.16&#8243; _module_preset=&#8221;default&#8221; global_colors_info=&#8221;{}&#8221;]<\/p>\n<h2><span style=\"color: #000080;\">3. Zuweisung deines Accounts zu deiner Schule<\/span><\/h2>\n<p>Nach der Registrierung bist du ein Sch\u00fcler der ABIOLA online Academy, aber deine gesammelten Punkte werden noch nicht zu deiner Schule zugeordnet. Die Zuordnung erreichst du in wenigen Sekunden. Frage deinen Lehrer nach deinem Schulcode.\u00a0<span style=\"color: #000080;\"><\/span><\/p>\n<p>Gehe dann wie oben beschrieben auf &#8220;<strong>Sonstiges &#8211; Registrierung<\/strong>&#8221; jedoch in Ziffer 2 (gr\u00fcn). Trage dann deinen Schulcode ein, klicke dann auf das H\u00e4ckchen darunter und sp\u00e4ter auf den Button &#8220;Submit&#8221;.\u00a0<\/p>\n<p><span style=\"color: #000080;\"><\/span><\/p>\n<p>[\/et_pb_text][\/et_pb_column][et_pb_column type=&#8221;1_4&#8243; _builder_version=&#8221;4.16&#8243; _module_preset=&#8221;default&#8221; custom_padding=&#8221;|||33px|false|false&#8221; global_colors_info=&#8221;{}&#8221;][et_pb_button button_url=&#8221;https:\/\/academy.abiola.ngo\/registrierung\/&#8221; button_text=&#8221;Registrieren&#8221; _builder_version=&#8221;4.17.4&#8243; _module_preset=&#8221;default&#8221; global_colors_info=&#8221;{}&#8221;][\/et_pb_button][\/et_pb_column][\/et_pb_row][\/et_pb_section][et_pb_section fb_built=&#8221;1&#8243; _builder_version=&#8221;4.16&#8243; _module_preset=&#8221;default&#8221; custom_padding=&#8221;71px|||||&#8221; global_colors_info=&#8221;{}&#8221;][et_pb_row _builder_version=&#8221;4.16&#8243; _module_preset=&#8221;default&#8221; custom_margin=&#8221;-61px|auto|50px|auto||&#8221; custom_padding=&#8221;0px||31px|||&#8221; global_colors_info=&#8221;{}&#8221;][et_pb_column type=&#8221;4_4&#8243; _builder_version=&#8221;4.16&#8243; _module_preset=&#8221;default&#8221; global_colors_info=&#8221;{}&#8221;][\/et_pb_column][\/et_pb_row][et_pb_row column_structure=&#8221;3_4,1_4&#8243; _builder_version=&#8221;4.17.4&#8243; _module_preset=&#8221;default&#8221; background_color=&#8221;rgba(178,161,105,0.29)&#8221; box_shadow_style=&#8221;preset2&#8243; global_colors_info=&#8221;{}&#8221;][et_pb_column type=&#8221;3_4&#8243; _builder_version=&#8221;4.16&#8243; _module_preset=&#8221;default&#8221; custom_padding=&#8221;|||33px|false|false&#8221; global_colors_info=&#8221;{}&#8221;][et_pb_text _builder_version=&#8221;4.16&#8243; _module_preset=&#8221;default&#8221; global_colors_info=&#8221;{}&#8221;]<\/p>\n<h2><span style=\"color: #000080;\"><\/span><\/h2>\n<h2><span style=\"color: #000080;\">4. Kurse studieren und Punkte sammeln<\/span><\/h2>\n<p>Jetzt kannst du unsere Kurse studieren. Nur zu deiner Info. Jeder Kurs ist so strukturiert aufgebaut:<br \/>&#8211; Kurs<br \/>&#8211; Lektionen<br \/>&#8211; Topics<br \/>&#8211; Quiz<br \/>Die wichtigsten und <strong>meisten Punkte<\/strong> bekommst du f\u00fcr das Studieren der einzelnen <strong>Topics<\/strong>.<\/p>\n<p><strong>Wichtig:<br \/><\/strong>Nur dann, wenn du am Ende eines Quiz auf den gr\u00fcnen Button &#8220;<strong>Mark Complete<\/strong>&#8221; klickst, dann bekommst du <strong>Punkte<\/strong>. Die Punkte werden dir dann\u00a0 kurz angezeigt.\u00a0<\/p>\n<p>&nbsp;<\/p>\n<p><strong>Tipp<\/strong>: Pr\u00fcfe bei jeder neuen Sitzung in der Academy, dass du selbst an deinem PC der Schule eingeloggt bist.<br \/><span style=\"font-size: 18px;\">Nicht, dass du Punkte f\u00fcr deine Mitsch\u00fcler sammelst.<\/span><\/p>\n<p><span style=\"color: #000080;\"><\/span><\/p>\n<p>[\/et_pb_text][\/et_pb_column][et_pb_column type=&#8221;1_4&#8243; _builder_version=&#8221;4.16&#8243; _module_preset=&#8221;default&#8221; custom_padding=&#8221;|||33px|false|false&#8221; global_colors_info=&#8221;{}&#8221;][et_pb_button button_url=&#8221;https:\/\/academy.abiola.ngo\/registrierung-mail\/&#8221; button_text=&#8221;EMail&#8221; _builder_version=&#8221;4.16&#8243; _module_preset=&#8221;default&#8221; global_colors_info=&#8221;{}&#8221;][\/et_pb_button][\/et_pb_column][\/et_pb_row][et_pb_row _builder_version=&#8221;4.16&#8243; _module_preset=&#8221;default&#8221; custom_margin=&#8221;-61px|auto|50px|auto||&#8221; custom_padding=&#8221;0px||31px|||&#8221; global_colors_info=&#8221;{}&#8221;][et_pb_column type=&#8221;4_4&#8243; _builder_version=&#8221;4.16&#8243; _module_preset=&#8221;default&#8221; global_colors_info=&#8221;{}&#8221;][\/et_pb_column][\/et_pb_row][et_pb_row column_structure=&#8221;3_4,1_4&#8243; _builder_version=&#8221;4.17.4&#8243; _module_preset=&#8221;default&#8221; background_color=&#8221;rgba(168,40,153,0.19)&#8221; box_shadow_style=&#8221;preset2&#8243; global_colors_info=&#8221;{}&#8221;][et_pb_column type=&#8221;3_4&#8243; _builder_version=&#8221;4.16&#8243; _module_preset=&#8221;default&#8221; custom_padding=&#8221;|||33px|false|false&#8221; global_colors_info=&#8221;{}&#8221;][et_pb_text _builder_version=&#8221;4.16&#8243; _module_preset=&#8221;default&#8221; global_colors_info=&#8221;{}&#8221;]<\/p>\n<h2><span style=\"color: #000080;\">5. Deine Punkte auswerten<\/span><\/h2>\n<p>Immer dann, wenn du Punkte in der Academy studiert hast, werden diese in einem kleinen Banner am rechten oberen Bildschirm f\u00fcr einige Sekunden angezeigt. Du kannst die Summe deiner deine eigenen Punkte und eine \u00dcbersicht aller von dir besuchten Kurse jederzeit im Men\u00fcpunkt &#8220;<strong>Sonstiges &#8211; Kurse &amp; Punkte<\/strong>&#8221; einsehen.<\/p>\n<p>&nbsp;<\/p>\n<p><strong>Unsere Empfehlung:<\/strong><br \/>Pr\u00fcfe zun\u00e4chst einmal deinen Punktestand wie gerade beschrieben. Dann studierst du eine Topic von irgendeinem Kurs. Dann markierst du das Topic als &#8220;<strong>Mark Complete<\/strong>&#8221; (Gr\u00fcner Button). Dann schaust du oben rechts, wie viel Punkte du bekommen hast. Dann pr\u00fcfst du deinen aktuellen Punktestand erneut. Stimmt die neue Summe?<\/p>\n<p>\u00a0Viel Erfolg<\/p>\n<p><span style=\"color: #000080;\"><\/span><\/p>\n<p>[\/et_pb_text][\/et_pb_column][et_pb_column type=&#8221;1_4&#8243; _builder_version=&#8221;4.16&#8243; _module_preset=&#8221;default&#8221; custom_padding=&#8221;|||33px|false|false&#8221; global_colors_info=&#8221;{}&#8221;][et_pb_button button_url=&#8221;https:\/\/academy.abiola.ngo\/my-profile\/&#8221; button_text=&#8221;Kurse &#038; Punkte&#8221; _builder_version=&#8221;4.17.4&#8243; _module_preset=&#8221;default&#8221; button_text_size=&#8221;23px&#8221; custom_margin=&#8221;|31px||0px|false|false&#8221; global_colors_info=&#8221;{}&#8221;][\/et_pb_button][\/et_pb_column][\/et_pb_row][\/et_pb_section][et_pb_section fb_built=&#8221;1&#8243; _builder_version=&#8221;4.16&#8243; custom_padding=&#8221;70px|||||&#8221; global_colors_info=&#8221;{}&#8221;][et_pb_row column_structure=&#8221;3_5,2_5&#8243; make_equal=&#8221;on&#8221; _builder_version=&#8221;4.16&#8243; global_colors_info=&#8221;{}&#8221;][et_pb_column type=&#8221;3_5&#8243; _builder_version=&#8221;4.16&#8243; global_colors_info=&#8221;{}&#8221;][et_pb_image src=&#8221;https:\/\/academy.abiola.ngo\/wp-content\/uploads\/2021\/05\/P1030212-scaled.jpg&#8221; title_text=&#8221;P1030212&#8243; _builder_version=&#8221;4.16&#8243; border_radii=&#8221;on|6px|6px|6px|6px&#8221; box_shadow_style=&#8221;preset1&#8243; box_shadow_color=&#8221;#e8edfb&#8221; global_colors_info=&#8221;{}&#8221;][\/et_pb_image][\/et_pb_column][et_pb_column type=&#8221;2_5&#8243; module_class=&#8221;pa-vertical-align&#8221; _builder_version=&#8221;4.16&#8243; global_colors_info=&#8221;{}&#8221;][et_pb_text module_class=&#8221;pa-centered-heading-line&#8221; _builder_version=&#8221;4.16&#8243; text_font_size=&#8221;24px&#8221; text_orientation=&#8221;center&#8221; text_text_align=&#8221;center&#8221; global_colors_info=&#8221;{}&#8221;]<\/p>\n<h2>&#8220;<span>Die\u00a0<a href=\"https:\/\/www.spruechetante.de\/sprueche-sammlung\/index.php\/tag\/bildung\/\" class=\"st_tag internal_tag\" rel=\"tag\" title=\"Bildung\">Bildung<\/a>\u00a0kommt nicht vom\u00a0<a href=\"https:\/\/www.spruechetante.de\/sprueche-sammlung\/index.php\/tag\/lesen\/\" class=\"st_tag internal_tag\" rel=\"tag\" title=\"Lesen\">Lesen<\/a>,<br \/>sondern vom Nachdenken \u00fcber das Gelesene<\/span><span>.<\/span>.<\/h2>\n<p>[\/et_pb_text][et_pb_text _builder_version=&#8221;4.16&#8243; text_font=&#8221;||on||||||&#8221; text_text_color=&#8221;#00d263&#8243; custom_margin=&#8221;-41px|||||&#8221; global_colors_info=&#8221;{}&#8221;]<\/p>\n<p style=\"text-align: center;\"><span>Carl Hilty<\/span><\/p>\n<p>[\/et_pb_text][\/et_pb_column][\/et_pb_row][\/et_pb_section]<\/p>\n","protected":false},"excerpt":{"rendered":"<p>ABIOLA Punkte Sch\u00fcler Dein Einstieg als Sch\u00fcler der ABIOLA online Academy\u00a0 Wir freuen uns, dir als Sch\u00fcler wertvolles Fachwissen \u00fcber die bereitgestellten ABIOLA Kurse vermitteln zu d\u00fcrfen. Falls du selbst Sch\u00fcler einer von uns unterst\u00fctzen Schule bist, dann solltest du zun\u00e4chst einige Aufgaben pers\u00f6nlich zu erledigen, bevor du beginnst, unsere Kurse zu studieren. Bitte lies [&hellip;]<\/p>\n","protected":false},"author":1,"featured_media":0,"parent":0,"menu_order":0,"comment_status":"closed","ping_status":"closed","template":"","meta":{"_et_pb_use_builder":"on","_et_pb_old_content":"","_et_gb_content_width":"","footnotes":""},"class_list":["post-50456","page","type-page","status-publish","hentry"],"featured_image_src":"","featured_image_src_square":false,"rbea_author_info":{"display_name":"Academy director Christoph K\u00f6hler","author_link":"https:\/\/academy.abiola.ngo\/de\/author\/admin87471\/"},"rbea_excerpt_info":"<p>ABIOLA Punkte Sch\u00fcler Dein Einstieg als Sch\u00fcler der ABIOLA online Academy\u00a0 Wir freuen uns, dir als Sch\u00fcler wertvolles Fachwissen \u00fcber die bereitgestellten ABIOLA Kurse vermitteln zu d\u00fcrfen. Falls du selbst Sch\u00fcler einer von uns unterst\u00fctzen Schule bist, dann solltest du zun\u00e4chst einige Aufgaben pers\u00f6nlich zu erledigen, bevor du beginnst, unsere Kurse zu studieren. Bitte lies [&hellip;]<\/p>\n","_links":{"self":[{"href":"https:\/\/academy.abiola.ngo\/de\/wp-json\/wp\/v2\/pages\/50456","targetHints":{"allow":["GET"]}}],"collection":[{"href":"https:\/\/academy.abiola.ngo\/de\/wp-json\/wp\/v2\/pages"}],"about":[{"href":"https:\/\/academy.abiola.ngo\/de\/wp-json\/wp\/v2\/types\/page"}],"author":[{"embeddable":true,"href":"https:\/\/academy.abiola.ngo\/de\/wp-json\/wp\/v2\/users\/1"}],"replies":[{"embeddable":true,"href":"https:\/\/academy.abiola.ngo\/de\/wp-json\/wp\/v2\/comments?post=50456"}],"version-history":[{"count":48,"href":"https:\/\/academy.abiola.ngo\/de\/wp-json\/wp\/v2\/pages\/50456\/revisions"}],"predecessor-version":[{"id":50763,"href":"https:\/\/academy.abiola.ngo\/de\/wp-json\/wp\/v2\/pages\/50456\/revisions\/50763"}],"wp:attachment":[{"href":"https:\/\/academy.abiola.ngo\/de\/wp-json\/wp\/v2\/media?parent=50456"}],"curies":[{"name":"wp","href":"https:\/\/api.w.org\/{rel}","templated":true}]}}