{"id":52012,"date":"2022-07-28T11:46:35","date_gmt":"2022-07-28T09:46:35","guid":{"rendered":"https:\/\/academy.abiola.ngo\/?page_id=52012"},"modified":"2022-07-28T11:48:08","modified_gmt":"2022-07-28T09:48:08","slug":"top-x-future","status":"publish","type":"page","link":"https:\/\/academy.abiola.ngo\/de\/top-x-future\/","title":{"rendered":"Top-X future"},"content":{"rendered":"<p>[et_pb_section fb_built=&#8221;1&#8243; _builder_version=&#8221;4.9.4&#8243; use_background_color_gradient=&#8221;on&#8221; background_color_gradient_start=&#8221;rgba(143,160,80,0)&#8221; background_color_gradient_end=&#8221;rgba(72,89,0,0.75)&#8221; background_color_gradient_type=&#8221;radial&#8221; background_color_gradient_overlays_image=&#8221;on&#8221; background_image=&#8221;https:\/\/academy.abiola.ngo\/wp-content\/uploads\/2021\/05\/teacher.png&#8221; custom_padding=&#8221;||167px|||&#8221; bottom_divider_height=&#8221;50px&#8221; bottom_divider_arrangement=&#8221;above_content&#8221; animation_style=&#8221;slide&#8221; global_colors_info=&#8221;{}&#8221; border_radii__hover_enabled=&#8221;off&#8221;][et_pb_row _builder_version=&#8221;3.26.5&#8243; use_custom_width=&#8221;on&#8221; width_unit=&#8221;off&#8221; global_colors_info=&#8221;{}&#8221;][et_pb_column type=&#8221;4_4&#8243; module_class=&#8221;pa-vertical-align&#8221; _builder_version=&#8221;3.25&#8243; custom_padding=&#8221;|||&#8221; global_colors_info=&#8221;{}&#8221; custom_padding__hover=&#8221;|||&#8221;][et_pb_text module_class=&#8221;pa-centered-heading-line&#8221; _builder_version=&#8221;4.9.4&#8243; text_font=&#8221;||||||||&#8221; header_text_align=&#8221;center&#8221; text_orientation=&#8221;center&#8221; background_layout=&#8221;dark&#8221; max_width=&#8221;1080px&#8221; module_alignment=&#8221;center&#8221; custom_margin=&#8221;||-61px|||&#8221; text_text_align=&#8221;center&#8221; global_colors_info=&#8221;{}&#8221;]<\/p>\n<h1>Academy TOP-X<\/h1>\n<p><span style=\"font-size: x-large;\">Die flei\u00dfigsten Sch\u00fcler der ABIOLA online Academy<\/span><\/p>\n<div class=\"elementor-element elementor-element-7f86752 elementor-column elementor-col-16 elementor-inner-column\" data-id=\"7f86752\" data-element_type=\"column\"><\/div>\n<p>[\/et_pb_text][\/et_pb_column][\/et_pb_row][\/et_pb_section][et_pb_section fb_built=&#8221;1&#8243; _builder_version=&#8221;3.26.5&#8243; background_color=&#8221;#f3f6fd&#8221; custom_margin=&#8221;33px|||||&#8221; custom_padding=&#8221;19px||100px||false|false&#8221; global_colors_info=&#8221;{}&#8221;][et_pb_row _builder_version=&#8221;4.14.8&#8243; _module_preset=&#8221;default&#8221; custom_padding=&#8221;6px|||||&#8221; global_colors_info=&#8221;{}&#8221;][et_pb_column type=&#8221;4_4&#8243; _builder_version=&#8221;4.14.8&#8243; _module_preset=&#8221;default&#8221; global_colors_info=&#8221;{}&#8221;][et_pb_text _builder_version=&#8221;4.14.8&#8243; _module_preset=&#8221;default&#8221; global_colors_info=&#8221;{}&#8221;]<\/p>\n<p>&nbsp;<\/p>\n<p style=\"text-align: center;\"><span style=\"color: #d2007f; font-size: x-large;\">Diese spezielle Top-X Liste wird dargestellt, wenn gen\u00fcgend Daten daf\u00fcr verf\u00fcgbar sind.<\/span><\/p>\n<p>&nbsp;<\/p>\n<p>[\/et_pb_text][\/et_pb_column][\/et_pb_row][\/et_pb_section][et_pb_section fb_built=&#8221;1&#8243; _builder_version=&#8221;3.26.5&#8243; background_color=&#8221;#26245b&#8221; custom_padding=&#8221;80px||80px||false|false&#8221; global_colors_info=&#8221;{}&#8221;][et_pb_row _builder_version=&#8221;3.26.4&#8243; global_colors_info=&#8221;{}&#8221;][et_pb_column type=&#8221;4_4&#8243; _builder_version=&#8221;3.26.4&#8243; global_colors_info=&#8221;{}&#8221;][et_pb_text admin_label=&#8221;Title&#8221; _builder_version=&#8221;3.27.4&#8243; text_font=&#8221;|700||on|||||&#8221; text_text_color=&#8221;#00d263&#8243; text_font_size=&#8221;20px&#8221; text_letter_spacing=&#8221;4px&#8221; header_font=&#8221;Poppins||||||||&#8221; header_2_font=&#8221;Lato||||||||&#8221; header_2_font_size=&#8221;36px&#8221; header_2_line_height=&#8221;1.5em&#8221; header_3_text_color=&#8221;#1f4de0&#8243; header_5_font=&#8221;Poppins|600|||||||&#8221; header_5_font_size=&#8221;23px&#8221; header_5_line_height=&#8221;30px&#8221; text_orientation=&#8221;center&#8221; custom_margin=&#8221;||10px||false|false&#8221; custom_padding=&#8221;||0px|&#8221; animation_direction=&#8221;left&#8221; text_font_size_tablet=&#8221;18px&#8221; text_font_size_phone=&#8221;18px&#8221; text_text_align=&#8221;center&#8221; global_colors_info=&#8221;{}&#8221;]<\/p>\n<p>Start A Course<\/p>\n<p>[\/et_pb_text][et_pb_text module_class=&#8221;pa-centered-heading-line&#8221; _builder_version=&#8221;3.27.4&#8243; text_orientation=&#8221;center&#8221; background_layout=&#8221;dark&#8221; text_text_align=&#8221;center&#8221; global_colors_info=&#8221;{}&#8221;]<\/p>\n<h2>Enroll In A Course Today<\/h2>\n<p>Make the right decision for your future. Sign up for a course today!<\/p>\n<p>[\/et_pb_text][et_pb_button button_url=&#8221;@ET-DC@eyJkeW5hbWljIjp0cnVlLCJjb250ZW50IjoicG9zdF9saW5rX3VybF9wYWdlIiwic2V0dGluZ3MiOnsicG9zdF9pZCI6IjQifX0=@&#8221; button_text=&#8221;Enroll Now&#8221; button_alignment=&#8221;center&#8221; _builder_version=&#8221;4.2.2&#8243; _dynamic_attributes=&#8221;button_url&#8221; button_border_width=&#8221;2px&#8221; global_colors_info=&#8221;{}&#8221; button_bg_color__hover=&#8221;rgba(0,0,0,0)&#8221; button_bg_color__hover_enabled=&#8221;on|hover&#8221;][\/et_pb_button][\/et_pb_column][\/et_pb_row][\/et_pb_section]<\/p>\n","protected":false},"excerpt":{"rendered":"<p>Academy TOP-X Die flei\u00dfigsten Sch\u00fcler der ABIOLA online Academy &nbsp; Diese spezielle Top-X Liste wird dargestellt, wenn gen\u00fcgend Daten daf\u00fcr verf\u00fcgbar sind. &nbsp;Start A CourseEnroll In A Course Today Make the right decision for your future. Sign up for a course today!<\/p>\n","protected":false},"author":1,"featured_media":0,"parent":0,"menu_order":0,"comment_status":"closed","ping_status":"closed","template":"","meta":{"_et_pb_use_builder":"on","_et_pb_old_content":"","_et_gb_content_width":"","footnotes":""},"class_list":["post-52012","page","type-page","status-publish","hentry"],"featured_image_src":"","featured_image_src_square":false,"rbea_author_info":{"display_name":"Academy director Christoph K\u00f6hler","author_link":"https:\/\/academy.abiola.ngo\/de\/author\/admin87471\/"},"rbea_excerpt_info":"<p>Academy TOP-X Die flei\u00dfigsten Sch\u00fcler der ABIOLA online Academy &nbsp; Diese spezielle Top-X Liste wird dargestellt, wenn gen\u00fcgend Daten daf\u00fcr verf\u00fcgbar sind. &nbsp;Start A CourseEnroll In A Course Today Make the right decision for your future. Sign up for a course today!<\/p>\n","_links":{"self":[{"href":"https:\/\/academy.abiola.ngo\/de\/wp-json\/wp\/v2\/pages\/52012","targetHints":{"allow":["GET"]}}],"collection":[{"href":"https:\/\/academy.abiola.ngo\/de\/wp-json\/wp\/v2\/pages"}],"about":[{"href":"https:\/\/academy.abiola.ngo\/de\/wp-json\/wp\/v2\/types\/page"}],"author":[{"embeddable":true,"href":"https:\/\/academy.abiola.ngo\/de\/wp-json\/wp\/v2\/users\/1"}],"replies":[{"embeddable":true,"href":"https:\/\/academy.abiola.ngo\/de\/wp-json\/wp\/v2\/comments?post=52012"}],"version-history":[{"count":2,"href":"https:\/\/academy.abiola.ngo\/de\/wp-json\/wp\/v2\/pages\/52012\/revisions"}],"predecessor-version":[{"id":52017,"href":"https:\/\/academy.abiola.ngo\/de\/wp-json\/wp\/v2\/pages\/52012\/revisions\/52017"}],"wp:attachment":[{"href":"https:\/\/academy.abiola.ngo\/de\/wp-json\/wp\/v2\/media?parent=52012"}],"curies":[{"name":"wp","href":"https:\/\/api.w.org\/{rel}","templated":true}]}}