{"id":52359,"date":"2022-08-12T14:52:11","date_gmt":"2022-08-12T12:52:11","guid":{"rendered":"https:\/\/academy.abiola.ngo\/?page_id=52359"},"modified":"2022-08-12T18:41:42","modified_gmt":"2022-08-12T16:41:42","slug":"kampagne-2022","status":"publish","type":"page","link":"https:\/\/academy.abiola.ngo\/de\/kampagne-2022\/","title":{"rendered":"Kampagne 2022"},"content":{"rendered":"<p>[et_pb_section fb_built=&#8221;1&#8243; _builder_version=&#8221;4.14.8&#8243; use_background_color_gradient=&#8221;on&#8221; background_color_gradient_start=&#8221;rgba(143,160,80,0)&#8221; background_color_gradient_end=&#8221;rgba(72,89,0,0.75)&#8221; background_color_gradient_type=&#8221;radial&#8221; background_color_gradient_overlays_image=&#8221;on&#8221; background_image=&#8221;https:\/\/academy.abiola.ngo\/wp-content\/uploads\/2022\/08\/kampagne.gif&#8221; custom_margin=&#8221;||50px|||&#8221; custom_padding=&#8221;||176px|||&#8221; bottom_divider_height=&#8221;50px&#8221; bottom_divider_arrangement=&#8221;above_content&#8221; animation_style=&#8221;slide&#8221; global_colors_info=&#8221;{}&#8221; border_radii__hover_enabled=&#8221;off&#8221;][et_pb_row _builder_version=&#8221;3.26.5&#8243; use_custom_width=&#8221;on&#8221; width_unit=&#8221;off&#8221; global_colors_info=&#8221;{}&#8221;][et_pb_column type=&#8221;4_4&#8243; module_class=&#8221;pa-vertical-align&#8221; _builder_version=&#8221;3.25&#8243; custom_padding=&#8221;|||&#8221; global_colors_info=&#8221;{}&#8221; custom_padding__hover=&#8221;|||&#8221;][et_pb_text module_class=&#8221;pa-centered-heading-line&#8221; _builder_version=&#8221;4.9.4&#8243; text_font=&#8221;||||||||&#8221; header_text_align=&#8221;center&#8221; text_orientation=&#8221;center&#8221; background_layout=&#8221;dark&#8221; max_width=&#8221;1080px&#8221; module_alignment=&#8221;center&#8221; custom_margin=&#8221;||-61px|||&#8221; text_text_align=&#8221;center&#8221; global_colors_info=&#8221;{}&#8221;]<\/p>\n<h1>ABIOLA online Academy &#8211; Kampagne 2022<\/h1>\n<p><span style=\"font-size: x-large;\">Angebote f\u00fcr Schulen und Sch\u00fcler f\u00fcr gesammeltes Fachwissen.<\/span><\/p>\n<div class=\"elementor-element elementor-element-7f86752 elementor-column elementor-col-16 elementor-inner-column\" data-id=\"7f86752\" data-element_type=\"column\"><\/div>\n<p>[\/et_pb_text][\/et_pb_column][\/et_pb_row][\/et_pb_section][et_pb_section fb_built=&#8221;1&#8243; _builder_version=&#8221;4.14.8&#8243; background_color=&#8221;#f3f6fd&#8221; use_background_color_gradient=&#8221;on&#8221; background_color_gradient_start=&#8221;#331093&#8243; background_color_gradient_end=&#8221;#7397ba&#8221; background_color_gradient_direction=&#8221;1deg&#8221; background_color_gradient_end_position=&#8221;0%&#8221; background_color_gradient_overlays_image=&#8221;on&#8221; min_height=&#8221;1831.5px&#8221; custom_margin=&#8221;-52px|||||&#8221; custom_padding=&#8221;35px||0px|||&#8221; global_module=&#8221;52366&#8243; saved_tabs=&#8221;all&#8221; locked=&#8221;off&#8221; global_colors_info=&#8221;{}&#8221;][et_pb_row _builder_version=&#8221;4.9.4&#8243; _module_preset=&#8221;default&#8221; custom_margin=&#8221;35px|auto||auto||&#8221; custom_padding=&#8221;0px|||||&#8221; global_colors_info=&#8221;{}&#8221;][et_pb_column type=&#8221;4_4&#8243; _builder_version=&#8221;4.9.4&#8243; _module_preset=&#8221;default&#8221; global_colors_info=&#8221;{}&#8221;][et_pb_text _builder_version=&#8221;4.9.4&#8243; _module_preset=&#8221;default&#8221; custom_margin=&#8221;||-6px|||&#8221; custom_padding=&#8221;||0px|||&#8221; global_colors_info=&#8221;{}&#8221;]<\/p>\n<p style=\"text-align: center;\"><span style=\"color: #e8edfb;\"><strong>ABIOLA belohnt Schulen und User der ABIOLA online Academy f\u00fcr gesammelte Punkte im Zeitraum<\/strong><\/span><\/p>\n<p style=\"text-align: center;\"><span style=\"color: #e8edfb;\"><strong>zwischen 01. Juli 2022 und 31.12.2022<\/strong>\u00a0<\/span><\/p>\n<p style=\"text-align: center;\"><span style=\"color: #e8edfb;\"><\/span><\/p>\n<p style=\"text-align: center;\">\n<p><span style=\"font-size: 18px;\"><\/span><\/p>\n<p>[\/et_pb_text][et_pb_testimonial author=&#8221;Christoph K\u00f6hler &#8211; Gesch\u00e4ftsf\u00fchrer ABIOLA gGmbH&#8221; portrait_url=&#8221;https:\/\/academy.abiola.ngo\/wp-content\/uploads\/2022\/08\/ck1.gif&#8221; _builder_version=&#8221;4.14.8&#8243; _module_preset=&#8221;default&#8221; global_colors_info=&#8221;{}&#8221;]<\/p>\n<p>Falls du Sch\u00fcler einer von uns unterst\u00fctzten Schulen in Afrika, dann empfehlen wir dir, flei\u00dfig die Kurse der ABIOLA online Academy zu sammeln, f\u00fcr dich und f\u00fcr deine Schule.<\/p>\n<p>Wir m\u00f6chten euch daf\u00fcr belohnen. Jedes Jahr m\u00f6chten wir eine Kampagne anbieten, um den aktiven Schulen weitere PC\u00b4s zur Verf\u00fcgung zu stellen.<br \/>Au\u00dferdem bekommen die besten Sch\u00fcler einen eigenen ABIOLA Raspberry Pi. Viele weitere gute Sch\u00fcler bekommen dazu ein sehr attraktive Angebot f\u00fcr einen Raspberry Pi auf Microkredit Basis.\u00a0Die genauen Pr\u00e4mien aus der Kampagne 2022 findest du unten.<\/p>\n<p>[\/et_pb_testimonial][\/et_pb_column][\/et_pb_row][et_pb_row column_structure=&#8221;3_5,2_5&#8243; _builder_version=&#8221;4.14.8&#8243; _module_preset=&#8221;default&#8221; background_color=&#8221;rgba(255,255,255,0.63)&#8221; custom_margin=&#8221;2px|auto||auto||&#8221; custom_padding=&#8221;22px||34px|32px|false|false&#8221; border_radii=&#8221;on|18px|18px|18px|18px&#8221; global_colors_info=&#8221;{}&#8221;][et_pb_column type=&#8221;3_5&#8243; _builder_version=&#8221;4.14.8&#8243; _module_preset=&#8221;default&#8221; global_colors_info=&#8221;{}&#8221;][et_pb_text _builder_version=&#8221;4.14.8&#8243; _module_preset=&#8221;default&#8221; global_colors_info=&#8221;{}&#8221;]<\/p>\n<p><strong>Pr\u00e4mie 1:<\/strong><\/p>\n<p>Jede <strong>Schule<\/strong>, die in dieser Zeit <strong>10.000 Punkte<\/strong> erzielt (Lehrer und Sch\u00fcler) bekommt:<\/p>\n<p>[\/et_pb_text][\/et_pb_column][et_pb_column type=&#8221;2_5&#8243; _builder_version=&#8221;4.14.8&#8243; _module_preset=&#8221;default&#8221; global_colors_info=&#8221;{}&#8221;][et_pb_text _builder_version=&#8221;4.14.8&#8243; _module_preset=&#8221;default&#8221; global_colors_info=&#8221;{}&#8221;]<\/p>\n<p><strong><\/strong><\/p>\n<p><strong><\/strong><\/p>\n<p><strong><\/strong><\/p>\n<p><strong>1<\/strong> <strong>ABIOLA Raspberry Pi PC<\/strong><br \/>&#8211; kostenlos &#8211;<\/p>\n<p>[\/et_pb_text][\/et_pb_column][\/et_pb_row][et_pb_row column_structure=&#8221;3_5,2_5&#8243; _builder_version=&#8221;4.14.8&#8243; _module_preset=&#8221;default&#8221; background_color=&#8221;rgba(255,255,255,0.63)&#8221; custom_margin=&#8221;70px|auto||auto||&#8221; custom_padding=&#8221;22px|||32px|false|false&#8221; border_radii=&#8221;on|18px|18px|18px|18px&#8221; global_colors_info=&#8221;{}&#8221;][et_pb_column type=&#8221;3_5&#8243; _builder_version=&#8221;4.14.8&#8243; _module_preset=&#8221;default&#8221; global_colors_info=&#8221;{}&#8221;][et_pb_text _builder_version=&#8221;4.14.8&#8243; _module_preset=&#8221;default&#8221; global_colors_info=&#8221;{}&#8221;]<\/p>\n<p><strong>Pr\u00e4mie 2:<\/strong><\/p>\n<p>Die <strong>Schule<\/strong>, die in dieser Zeit am meisten Punkte erreicht hat (Lehrer und Sch\u00fcler), bekommt:<br \/>(Falls sie auch \u00fcber 10.000 Punkte erzielt hat, dann bekommt die Schule gesamt 2 PC\u00b4s)<\/p>\n<p>[\/et_pb_text][\/et_pb_column][et_pb_column type=&#8221;2_5&#8243; _builder_version=&#8221;4.14.8&#8243; _module_preset=&#8221;default&#8221; global_colors_info=&#8221;{}&#8221;][et_pb_text _builder_version=&#8221;4.14.8&#8243; _module_preset=&#8221;default&#8221; global_colors_info=&#8221;{}&#8221;]<\/p>\n<p><strong><\/strong><\/p>\n<p><strong><\/strong><\/p>\n<p><strong><\/strong><\/p>\n<p><strong><\/strong><\/p>\n<p><strong>1<\/strong> <strong>ABIOLA Raspberry Pi PC<\/strong><br \/>&#8211; kostenlos &#8211;<\/p>\n<p>[\/et_pb_text][\/et_pb_column][\/et_pb_row][et_pb_row column_structure=&#8221;3_5,2_5&#8243; _builder_version=&#8221;4.14.8&#8243; _module_preset=&#8221;default&#8221; background_color=&#8221;rgba(255,255,255,0.63)&#8221; custom_margin=&#8221;70px|auto||auto||&#8221; custom_padding=&#8221;22px|||32px|false|false&#8221; border_radii=&#8221;on|18px|18px|18px|18px&#8221; global_colors_info=&#8221;{}&#8221;][et_pb_column type=&#8221;3_5&#8243; _builder_version=&#8221;4.14.8&#8243; _module_preset=&#8221;default&#8221; global_colors_info=&#8221;{}&#8221;][et_pb_text _builder_version=&#8221;4.14.8&#8243; _module_preset=&#8221;default&#8221; global_colors_info=&#8221;{}&#8221;]<\/p>\n<p><strong>Pr\u00e4mie 3:<\/strong><\/p>\n<p>Von allen <strong>Sch\u00fclern<\/strong>, die mindestens <strong>2.000 Punkte<\/strong> in dieser Zeit erreicht haben, <strong>verlost<\/strong> ABIOLA und AOG zusammen <strong>drei<\/strong> Sch\u00fcler aus. Diese erhalten:<\/p>\n<p>[\/et_pb_text][\/et_pb_column][et_pb_column type=&#8221;2_5&#8243; _builder_version=&#8221;4.14.8&#8243; _module_preset=&#8221;default&#8221; global_colors_info=&#8221;{}&#8221;][et_pb_text _builder_version=&#8221;4.14.8&#8243; _module_preset=&#8221;default&#8221; global_colors_info=&#8221;{}&#8221;]<\/p>\n<p><strong><\/strong><\/p>\n<p><strong><\/strong><\/p>\n<p><strong><\/strong><\/p>\n<p><strong>1<\/strong> <strong>ABIOLA Raspberry Pi PC<\/strong><br \/>&#8211; kostenlos &#8211;<\/p>\n<p>[\/et_pb_text][\/et_pb_column][\/et_pb_row][et_pb_row column_structure=&#8221;3_5,2_5&#8243; _builder_version=&#8221;4.14.8&#8243; _module_preset=&#8221;default&#8221; background_color=&#8221;rgba(255,255,255,0.63)&#8221; custom_margin=&#8221;70px|auto||auto||&#8221; custom_padding=&#8221;22px|||32px|false|false&#8221; border_radii=&#8221;on|18px|18px|18px|18px&#8221; global_colors_info=&#8221;{}&#8221;][et_pb_column type=&#8221;3_5&#8243; _builder_version=&#8221;4.14.8&#8243; _module_preset=&#8221;default&#8221; global_colors_info=&#8221;{}&#8221;][et_pb_text _builder_version=&#8221;4.14.8&#8243; _module_preset=&#8221;default&#8221; global_colors_info=&#8221;{}&#8221;]<\/p>\n<p><strong>Pr\u00e4mie 4:<\/strong><\/p>\n<p>Von den <strong>anderen<\/strong> Sch\u00fclern, die mindestens <strong>1.500 Punkte<\/strong> in dieser Zeit erreicht haben, verlost ABIOLA und AOG 15 Sch\u00fcler aus. Diese erhalten ein besonderes Angebot:<\/p>\n<p>[\/et_pb_text][\/et_pb_column][et_pb_column type=&#8221;2_5&#8243; _builder_version=&#8221;4.14.8&#8243; _module_preset=&#8221;default&#8221; global_colors_info=&#8221;{}&#8221;][et_pb_text _builder_version=&#8221;4.14.8&#8243; _module_preset=&#8221;default&#8221; global_colors_info=&#8221;{}&#8221;]<\/p>\n<p><strong><\/strong><\/p>\n<p><strong><\/strong><\/p>\n<p><strong><\/strong><\/p>\n<p><strong>1<\/strong> <strong>ABIOLA Raspberry Pi<\/strong> PC<br \/>&#8211; auf Micro Kredit Basis, siehe unten * &#8211;<\/p>\n<p>[\/et_pb_text][\/et_pb_column][\/et_pb_row][et_pb_row column_structure=&#8221;3_5,2_5&#8243; _builder_version=&#8221;4.14.8&#8243; _module_preset=&#8221;default&#8221; background_color=&#8221;rgba(255,255,255,0.63)&#8221; custom_margin=&#8221;70px|auto||auto||&#8221; custom_padding=&#8221;22px|||32px|false|false&#8221; border_radii=&#8221;on|18px|18px|18px|18px&#8221; global_colors_info=&#8221;{}&#8221;][et_pb_column type=&#8221;3_5&#8243; _builder_version=&#8221;4.14.8&#8243; _module_preset=&#8221;default&#8221; global_colors_info=&#8221;{}&#8221;][et_pb_text _builder_version=&#8221;4.14.8&#8243; _module_preset=&#8221;default&#8221; global_colors_info=&#8221;{}&#8221;]<\/p>\n<p><strong>Pr\u00e4mie 5:<\/strong><\/p>\n<p>Von den <strong>anderen<\/strong> Sch\u00fclern, die mindestens <strong>1.000 Punkte<\/strong> in dieser Zeit erreicht haben, verlost ABIOLA <strong>15 Sch\u00fcler<\/strong> aus. Diese erhalten:<\/p>\n<p>[\/et_pb_text][\/et_pb_column][et_pb_column type=&#8221;2_5&#8243; _builder_version=&#8221;4.14.8&#8243; _module_preset=&#8221;default&#8221; global_colors_info=&#8221;{}&#8221;][et_pb_text _builder_version=&#8221;4.14.8&#8243; _module_preset=&#8221;default&#8221; global_colors_info=&#8221;{}&#8221;]<\/p>\n<p><strong><\/strong><\/p>\n<p><strong><\/strong><\/p>\n<p><strong><\/strong><\/p>\n<p><strong>1<\/strong> <strong>ABIOLA Familien SolarKit 6W<\/strong><br \/><a href=\"https:\/\/www.abiola.ngo\/b15\" target=\"_blank\" rel=\"noopener\">siehe hier &gt;&gt; (neuer Tab)<\/a><\/p>\n<p>[\/et_pb_text][\/et_pb_column][\/et_pb_row][et_pb_row _builder_version=&#8221;4.14.8&#8243; _module_preset=&#8221;default&#8221; global_colors_info=&#8221;{}&#8221;][et_pb_column type=&#8221;4_4&#8243; _builder_version=&#8221;4.14.8&#8243; _module_preset=&#8221;default&#8221; global_colors_info=&#8221;{}&#8221;][\/et_pb_column][\/et_pb_row][\/et_pb_section][et_pb_section fb_built=&#8221;1&#8243; _builder_version=&#8221;4.14.8&#8243; _module_preset=&#8221;default&#8221; custom_padding=&#8221;19px||0px|||&#8221; global_colors_info=&#8221;{}&#8221;][et_pb_row _builder_version=&#8221;4.14.8&#8243; _module_preset=&#8221;default&#8221; custom_margin=&#8221;62px|auto||auto||&#8221; custom_padding=&#8221;19px|||||&#8221; global_colors_info=&#8221;{}&#8221;][et_pb_column type=&#8221;4_4&#8243; _builder_version=&#8221;4.14.8&#8243; _module_preset=&#8221;default&#8221; global_colors_info=&#8221;{}&#8221;][et_pb_text _builder_version=&#8221;4.14.8&#8243; _module_preset=&#8221;default&#8221; global_colors_info=&#8221;{}&#8221;]<\/p>\n<p><strong>* Micro Kredit f\u00fcr ABIOLA Kampagne 2022<\/strong><br \/>Jeder Sch\u00fcler mit erreichten Punktezahl hat grunds\u00e4tzlich die M\u00f6glichkeit, eine PC auf Kredit zu bezahlen, sofern eine Pr\u00fcfung bestanden wurde, die von der jeweiligen Schule durchgef\u00fchrt wird. Es ist dabei nicht, dass du alles Sch\u00fcler alles verstanden hast, sondern nur darum, dass du auch die Kurse studiert und nicht nur geklickt hast. Die Anforderungen an die Pr\u00fcfung werden nicht zu hoch angesetzt.<\/p>\n<p>Falls du in den Genuss eines ABIOLA Raspberry Pi PC, kommst, dann bekommst du den PC vorher und du zahlst diesen in 12 Monatsraten a\u00b4 70 Ghanaischer Cedi (ca. 7,5 \u20ac). Der Gesamtpreis betr\u00e4gt etwa 20-30% eines herk\u00f6mmlichen neuen PC in Afrika.<\/p>\n<p><strong>\u00dcbergabe der Waren:<\/strong><br \/>Die Waren sollen im n\u00e4chsten Halbjahr 2023 \u00fcbergeben werden. Wir versuchen m\u00f6glichst schnell zu liefern. Leider sind nicht planbare Verz\u00f6gerungen m\u00f6glich.<\/p>\n<p>&nbsp;<\/p>\n<p>[\/et_pb_text][\/et_pb_column][\/et_pb_row][\/et_pb_section][et_pb_section fb_built=&#8221;1&#8243; _builder_version=&#8221;3.26.5&#8243; custom_padding=&#8221;0px|||||&#8221; global_colors_info=&#8221;{}&#8221;][et_pb_row column_structure=&#8221;3_5,2_5&#8243; make_equal=&#8221;on&#8221; _builder_version=&#8221;3.26.5&#8243; global_colors_info=&#8221;{}&#8221;][et_pb_column type=&#8221;3_5&#8243; _builder_version=&#8221;3.26.4&#8243; global_colors_info=&#8221;{}&#8221;][et_pb_image src=&#8221;https:\/\/academy.abiola.ngo\/wp-content\/uploads\/2021\/05\/Grundschule-Mlay-1-1-scaled.jpg&#8221; title_text=&#8221;OLYMPUS DIGITAL CAMERA&#8221; _builder_version=&#8221;4.9.4&#8243; border_radii=&#8221;on|6px|6px|6px|6px&#8221; box_shadow_style=&#8221;preset1&#8243; box_shadow_color=&#8221;#e8edfb&#8221; global_colors_info=&#8221;{}&#8221;][\/et_pb_image][\/et_pb_column][et_pb_column type=&#8221;2_5&#8243; module_class=&#8221;pa-vertical-align&#8221; _builder_version=&#8221;3.26.5&#8243; global_colors_info=&#8221;{}&#8221;][et_pb_text module_class=&#8221;pa-centered-heading-line&#8221; _builder_version=&#8221;4.9.4&#8243; text_font_size=&#8221;24px&#8221; text_orientation=&#8221;center&#8221; text_text_align=&#8221;center&#8221; global_colors_info=&#8221;{}&#8221;]<\/p>\n<h2>&#8220;<span>Wenn du aufgeben willst,<br \/><\/span>denk daran, warum du angefangen hast<span>.<\/span>.<\/h2>\n<p>[\/et_pb_text][et_pb_text _builder_version=&#8221;4.9.4&#8243; text_font=&#8221;||on||||||&#8221; text_text_color=&#8221;#00d263&#8243; custom_margin=&#8221;-41px|||||&#8221; global_colors_info=&#8221;{}&#8221;]<\/p>\n<p style=\"text-align: center;\"><span>Unbekannt<br \/><\/span><\/p>\n<p>[\/et_pb_text][\/et_pb_column][\/et_pb_row][\/et_pb_section][et_pb_section fb_built=&#8221;1&#8243; _builder_version=&#8221;3.26.5&#8243; background_color=&#8221;#26245b&#8221; custom_padding=&#8221;80px||80px||false|false&#8221; global_colors_info=&#8221;{}&#8221;][et_pb_row _builder_version=&#8221;3.26.4&#8243; global_colors_info=&#8221;{}&#8221;][et_pb_column type=&#8221;4_4&#8243; _builder_version=&#8221;3.26.4&#8243; global_colors_info=&#8221;{}&#8221;][et_pb_text admin_label=&#8221;Title&#8221; _builder_version=&#8221;3.27.4&#8243; text_font=&#8221;|700||on|||||&#8221; text_text_color=&#8221;#00d263&#8243; text_font_size=&#8221;20px&#8221; text_letter_spacing=&#8221;4px&#8221; header_font=&#8221;Poppins||||||||&#8221; header_2_font=&#8221;Lato||||||||&#8221; header_2_font_size=&#8221;36px&#8221; header_2_line_height=&#8221;1.5em&#8221; header_3_text_color=&#8221;#1f4de0&#8243; header_5_font=&#8221;Poppins|600|||||||&#8221; header_5_font_size=&#8221;23px&#8221; header_5_line_height=&#8221;30px&#8221; text_orientation=&#8221;center&#8221; custom_margin=&#8221;||10px||false|false&#8221; custom_padding=&#8221;||0px|&#8221; animation_direction=&#8221;left&#8221; text_font_size_tablet=&#8221;18px&#8221; text_font_size_phone=&#8221;18px&#8221; text_text_align=&#8221;center&#8221; global_colors_info=&#8221;{}&#8221;]<\/p>\n<p>Start A Course<\/p>\n<p>[\/et_pb_text][et_pb_text module_class=&#8221;pa-centered-heading-line&#8221; _builder_version=&#8221;3.27.4&#8243; text_orientation=&#8221;center&#8221; background_layout=&#8221;dark&#8221; text_text_align=&#8221;center&#8221; global_colors_info=&#8221;{}&#8221;]<\/p>\n<h2>Enroll In A Course Today<\/h2>\n<p>Make the right decision for your future. Sign up for a course today!<\/p>\n<p>[\/et_pb_text][et_pb_button button_url=&#8221;@ET-DC@eyJkeW5hbWljIjp0cnVlLCJjb250ZW50IjoicG9zdF9saW5rX3VybF9wYWdlIiwic2V0dGluZ3MiOnsicG9zdF9pZCI6IjQifX0=@&#8221; button_text=&#8221;Enroll Now&#8221; button_alignment=&#8221;center&#8221; _builder_version=&#8221;4.2.2&#8243; _dynamic_attributes=&#8221;button_url&#8221; button_border_width=&#8221;2px&#8221; global_colors_info=&#8221;{}&#8221; button_bg_color__hover=&#8221;rgba(0,0,0,0)&#8221; button_bg_color__hover_enabled=&#8221;on|hover&#8221;][\/et_pb_button][\/et_pb_column][\/et_pb_row][\/et_pb_section]<\/p>\n","protected":false},"excerpt":{"rendered":"<p>ABIOLA online Academy &#8211; Kampagne 2022 Angebote f\u00fcr Schulen und Sch\u00fcler f\u00fcr gesammeltes Fachwissen. ABIOLA belohnt Schulen und User der ABIOLA online Academy f\u00fcr gesammelte Punkte im Zeitraum zwischen 01. Juli 2022 und 31.12.2022\u00a0 Falls du Sch\u00fcler einer von uns unterst\u00fctzten Schulen in Afrika, dann empfehlen wir dir, flei\u00dfig die Kurse der ABIOLA online Academy [&hellip;]<\/p>\n","protected":false},"author":1,"featured_media":0,"parent":0,"menu_order":0,"comment_status":"closed","ping_status":"closed","template":"","meta":{"_et_pb_use_builder":"on","_et_pb_old_content":"","_et_gb_content_width":"","footnotes":""},"class_list":["post-52359","page","type-page","status-publish","hentry"],"featured_image_src":"","featured_image_src_square":false,"rbea_author_info":{"display_name":"Academy director Christoph K\u00f6hler","author_link":"https:\/\/academy.abiola.ngo\/de\/author\/admin87471\/"},"rbea_excerpt_info":"<p>ABIOLA online Academy - Kampagne 2022 Angebote f\u00fcr Schulen und Sch\u00fcler f\u00fcr gesammeltes Fachwissen. ABIOLA belohnt Schulen und User der ABIOLA online Academy f\u00fcr gesammelte Punkte im Zeitraum zwischen 01. Juli 2022 und 31.12.2022\u00a0 Falls du Sch\u00fcler einer von uns unterst\u00fctzten Schulen in Afrika, dann empfehlen wir dir, flei\u00dfig die Kurse der ABIOLA online Academy [&hellip;]<\/p>\n","_links":{"self":[{"href":"https:\/\/academy.abiola.ngo\/de\/wp-json\/wp\/v2\/pages\/52359","targetHints":{"allow":["GET"]}}],"collection":[{"href":"https:\/\/academy.abiola.ngo\/de\/wp-json\/wp\/v2\/pages"}],"about":[{"href":"https:\/\/academy.abiola.ngo\/de\/wp-json\/wp\/v2\/types\/page"}],"author":[{"embeddable":true,"href":"https:\/\/academy.abiola.ngo\/de\/wp-json\/wp\/v2\/users\/1"}],"replies":[{"embeddable":true,"href":"https:\/\/academy.abiola.ngo\/de\/wp-json\/wp\/v2\/comments?post=52359"}],"version-history":[{"count":23,"href":"https:\/\/academy.abiola.ngo\/de\/wp-json\/wp\/v2\/pages\/52359\/revisions"}],"predecessor-version":[{"id":52573,"href":"https:\/\/academy.abiola.ngo\/de\/wp-json\/wp\/v2\/pages\/52359\/revisions\/52573"}],"wp:attachment":[{"href":"https:\/\/academy.abiola.ngo\/de\/wp-json\/wp\/v2\/media?parent=52359"}],"curies":[{"name":"wp","href":"https:\/\/api.w.org\/{rel}","templated":true}]}}