{"id":55538,"date":"2022-09-21T16:03:44","date_gmt":"2022-09-21T14:03:44","guid":{"rendered":"https:\/\/academy.abiola.ngo\/?page_id=55538"},"modified":"2022-10-10T16:40:19","modified_gmt":"2022-10-10T14:40:19","slug":"total","status":"publish","type":"page","link":"https:\/\/academy.abiola.ngo\/de\/total\/","title":{"rendered":"Total"},"content":{"rendered":"<p>[et_pb_section fb_built=&#8221;1&#8243; _builder_version=&#8221;4.14.8&#8243; use_background_color_gradient=&#8221;on&#8221; background_color_gradient_start=&#8221;rgba(143,160,80,0)&#8221; background_color_gradient_end=&#8221;rgba(72,89,0,0.75)&#8221; background_color_gradient_type=&#8221;radial&#8221; background_color_gradient_overlays_image=&#8221;on&#8221; background_image=&#8221;https:\/\/academy.abiola.ngo\/wp-content\/uploads\/2022\/08\/kampagne.gif&#8221; custom_margin=&#8221;||50px|||&#8221; custom_padding=&#8221;||176px|||&#8221; bottom_divider_height=&#8221;50px&#8221; bottom_divider_arrangement=&#8221;above_content&#8221; animation_style=&#8221;slide&#8221; global_colors_info=&#8221;{}&#8221; border_radii__hover_enabled=&#8221;off&#8221;][et_pb_row _builder_version=&#8221;3.26.5&#8243; use_custom_width=&#8221;on&#8221; width_unit=&#8221;off&#8221; global_colors_info=&#8221;{}&#8221;][et_pb_column type=&#8221;4_4&#8243; module_class=&#8221;pa-vertical-align&#8221; _builder_version=&#8221;3.25&#8243; custom_padding=&#8221;|||&#8221; global_colors_info=&#8221;{}&#8221; custom_padding__hover=&#8221;|||&#8221;][et_pb_text module_class=&#8221;pa-centered-heading-line&#8221; _builder_version=&#8221;4.9.4&#8243; text_font=&#8221;||||||||&#8221; header_text_align=&#8221;center&#8221; text_orientation=&#8221;center&#8221; background_layout=&#8221;dark&#8221; max_width=&#8221;1080px&#8221; module_alignment=&#8221;center&#8221; custom_margin=&#8221;||-61px|||&#8221; text_text_align=&#8221;center&#8221; global_colors_info=&#8221;{}&#8221;]<\/p>\n<h1>ABIOLA online Academy\u00a0<\/h1>\n<p><span style=\"font-size: x-large;\">Hier findest du die Beschreibung zu den angezeigten Ergebnissen.<\/span><\/p>\n<div class=\"elementor-element elementor-element-7f86752 elementor-column elementor-col-16 elementor-inner-column\" data-id=\"7f86752\" data-element_type=\"column\"><\/div>\n<p>[\/et_pb_text][\/et_pb_column][\/et_pb_row][\/et_pb_section][et_pb_section fb_built=&#8221;1&#8243; _builder_version=&#8221;4.14.8&#8243; background_color=&#8221;#f3f6fd&#8221; use_background_color_gradient=&#8221;on&#8221; background_color_gradient_start=&#8221;#331093&#8243; background_color_gradient_end=&#8221;#7397ba&#8221; background_color_gradient_direction=&#8221;1deg&#8221; background_color_gradient_end_position=&#8221;0%&#8221; background_color_gradient_overlays_image=&#8221;on&#8221; min_height=&#8221;1831.5px&#8221; custom_margin=&#8221;-52px|||||&#8221; custom_padding=&#8221;35px||0px|||&#8221; global_module=&#8221;52366&#8243; saved_tabs=&#8221;all&#8221; locked=&#8221;off&#8221; global_colors_info=&#8221;{}&#8221;][et_pb_row _builder_version=&#8221;4.14.8&#8243; _module_preset=&#8221;default&#8221; custom_margin=&#8221;35px|auto||auto||&#8221; custom_padding=&#8221;0px|||||&#8221; global_colors_info=&#8221;{}&#8221;][et_pb_column type=&#8221;4_4&#8243; _builder_version=&#8221;4.9.4&#8243; _module_preset=&#8221;default&#8221; global_colors_info=&#8221;{}&#8221;][et_pb_text _builder_version=&#8221;4.9.4&#8243; _module_preset=&#8221;default&#8221; custom_margin=&#8221;||-6px|||&#8221; custom_padding=&#8221;||0px|||&#8221; global_colors_info=&#8221;{}&#8221;]<\/p>\n<p style=\"text-align: center;\"><span style=\"color: #e8edfb;\"><b>Wie sind die angezeigten Ergebnisse zu verstehen ?<\/b><\/span><\/p>\n<p style=\"text-align: center;\"><span style=\"color: #e8edfb;\"><\/span><\/p>\n<p style=\"text-align: center;\">\n<p><span style=\"font-size: 18px;\"><\/span><\/p>\n<p>[\/et_pb_text][et_pb_testimonial author=&#8221;Christoph K\u00f6hler &#8211; Schulleiter von ABIOLA online Academy&#8221; portrait_url=&#8221;https:\/\/academy.abiola.ngo\/wp-content\/uploads\/2022\/08\/ck1.gif&#8221; _builder_version=&#8221;4.14.8&#8243; _module_preset=&#8221;default&#8221; custom_padding=&#8221;||29px|||&#8221; global_colors_info=&#8221;{}&#8221;]<\/p>\n<p>Viele Sch\u00fcler studieren Kurse in der ABIOLA online Academy. Auf der Homepage unserer Academy findest du aktuelle Zahlen und Ergebnisse, die sich st\u00e4ndig \u00e4ndern. Viele Zahlen wie Anzahl der studierten Topics, Quizzes, Zeit oder gesammelten Punkte werden automatisch erfasst und hier zeitnah angezeigt. In der kleinen Doku unten findest du die Erkl\u00e4rung zu den jeweiligen Ergebnissen.<\/p>\n<p>Lass dich inspirieren und pr\u00fcfe ab und zu, wie sich die Zahlen ver\u00e4ndern. Es ein Zeichen daf\u00fcr, ob und wie die Kurse der ABIOLA online Academy von den Lehrern und Sch\u00fcler gen\u00fctzt und angenommen wird.<\/p>\n<p>[\/et_pb_testimonial][\/et_pb_column][\/et_pb_row][et_pb_row _builder_version=&#8221;4.14.8&#8243; _module_preset=&#8221;default&#8221; global_colors_info=&#8221;{}&#8221;][et_pb_column type=&#8221;4_4&#8243; _builder_version=&#8221;4.14.8&#8243; _module_preset=&#8221;default&#8221; global_colors_info=&#8221;{}&#8221;][et_pb_text _builder_version=&#8221;4.14.8&#8243; _module_preset=&#8221;default&#8221; use_background_color_gradient=&#8221;on&#8221; background_color_gradient_start=&#8221;#cbd9e6&#8243; background_color_gradient_end=&#8221;#cbd9e6&#8243; background_color_gradient_direction=&#8221;173deg&#8221; border_style_all=&#8221;dashed&#8221; box_shadow_style=&#8221;preset2&#8243; global_colors_info=&#8221;{}&#8221;]<\/p>\n<p><strong>Eingeschrieben<\/strong>:\u00a0 \u00a0 \u00a0 \u00a0 \u00a0 <strong>L\u00e4nder<\/strong>:\u00a0 \u00a0 \u00a0 \u00a0 Summe der afrikanischen L\u00e4nder, in den Sch\u00fcler der beteiligten Schulen an den\u00a0 Kursen studieren.<\/p>\n<p><strong>\u00a0 \u00a0 \u00a0 \u00a0 \u00a0 \u00a0 \u00a0 \u00a0 \u00a0 \u00a0 \u00a0 \u00a0 \u00a0 \u00a0 \u00a0 \u00a0 \u00a0 \u00a0 \u00a0 \u00a0 Schulen:\u00a0<\/strong> \u00a0 \u00a0 Summe aller beteiligten Schulen in allen L\u00e4ndern.<\/p>\n<p><strong>\u00a0 \u00a0 \u00a0 \u00a0 \u00a0 \u00a0 \u00a0 \u00a0 \u00a0 \u00a0 \u00a0 \u00a0 \u00a0 \u00a0 \u00a0 \u00a0 \u00a0 \u00a0 \u00a0 \u00a0 PC\u00b4s:\u00a0 \u00a0<\/strong>\u00a0 \u00a0 \u00a0 \u00a0 \u00a0 Summe aller von ABIOLA gespendeten Raspberry Pi, auf den alle Sch\u00fcler die Kurse studieren.<\/p>\n<p><strong>\u00a0 \u00a0 \u00a0 \u00a0 \u00a0 \u00a0 \u00a0 \u00a0 \u00a0 \u00a0 \u00a0 \u00a0 \u00a0 \u00a0 \u00a0 \u00a0 \u00a0 \u00a0 \u00a0 \u00a0 Sch\u00fcler:<\/strong>\u00a0 \u00a0 \u00a0 \u00a0Summe aller Sch\u00fcler der Academy unsere Kurse studieren.<\/p>\n<p>[\/et_pb_text][\/et_pb_column][\/et_pb_row][et_pb_row _builder_version=&#8221;4.14.8&#8243; _module_preset=&#8221;default&#8221; global_colors_info=&#8221;{}&#8221;][et_pb_column type=&#8221;4_4&#8243; _builder_version=&#8221;4.14.8&#8243; _module_preset=&#8221;default&#8221; global_colors_info=&#8221;{}&#8221;][et_pb_text _builder_version=&#8221;4.14.8&#8243; _module_preset=&#8221;default&#8221; use_background_color_gradient=&#8221;on&#8221; background_color_gradient_start=&#8221;#cbd9e6&#8243; background_color_gradient_end=&#8221;#cbd9e6&#8243; background_color_gradient_direction=&#8221;173deg&#8221; border_style_all=&#8221;dashed&#8221; box_shadow_style=&#8221;preset2&#8243; global_colors_info=&#8221;{}&#8221;]<\/p>\n<p><strong>Bereitgestellt<\/strong>:\u00a0 \u00a0 \u00a0 \u00a0 \u00a0 \u00a0 \u00a0<strong>Kurse<\/strong>:\u00a0 \u00a0 \u00a0 \u00a0 Summe aller Kurse die derzeit von allen Sch\u00fcler studiert werden k\u00f6nnen.<\/p>\n<p><strong>\u00a0 \u00a0 \u00a0 \u00a0 \u00a0 \u00a0 \u00a0 \u00a0 \u00a0 \u00a0 \u00a0 \u00a0 \u00a0 \u00a0 \u00a0 \u00a0 \u00a0 \u00a0 \u00a0 \u00a0 Topics:\u00a0<\/strong>\u00a0 \u00a0 \u00a0 Summe aller Topics (Themen), die in allen Kursen zum studieren zur Verf\u00fcgung stehen.<\/p>\n<p><strong>\u00a0 \u00a0 \u00a0 \u00a0 \u00a0 \u00a0 \u00a0 \u00a0 \u00a0 \u00a0 \u00a0 \u00a0 \u00a0 \u00a0 \u00a0 \u00a0 \u00a0 \u00a0 \u00a0 \u00a0 Quizes:\u00a0 \u00a0<\/strong>\u00a0 \u00a0Summe aller Quizes, die in allen Kursen bereitgestellt werden.<\/p>\n<p>[\/et_pb_text][\/et_pb_column][\/et_pb_row][et_pb_row _builder_version=&#8221;4.14.8&#8243; _module_preset=&#8221;default&#8221; global_colors_info=&#8221;{}&#8221;][et_pb_column type=&#8221;4_4&#8243; _builder_version=&#8221;4.14.8&#8243; _module_preset=&#8221;default&#8221; global_colors_info=&#8221;{}&#8221;][et_pb_text _builder_version=&#8221;4.14.8&#8243; _module_preset=&#8221;default&#8221; use_background_color_gradient=&#8221;on&#8221; background_color_gradient_start=&#8221;#cbd9e6&#8243; background_color_gradient_end=&#8221;#cbd9e6&#8243; background_color_gradient_direction=&#8221;173deg&#8221; border_style_all=&#8221;dashed&#8221; box_shadow_style=&#8221;preset2&#8243; global_colors_info=&#8221;{}&#8221;]<\/p>\n<p><strong>Studiert von allen<\/strong>:\u00a0 \u00a0 \u00a0<strong>Topics<\/strong>:\u00a0 \u00a0 \u00a0 \u00a0 Summe aller Topics, die bisher von allen Sch\u00fclern studiert wurden.<\/p>\n<p><strong>\u00a0 \u00a0 \u00a0 \u00a0 \u00a0 \u00a0 \u00a0 \u00a0 \u00a0 \u00a0 \u00a0 \u00a0 \u00a0 \u00a0 \u00a0 \u00a0 \u00a0 \u00a0 \u00a0 \u00a0 Quizes:\u00a0<\/strong>\u00a0 \u00a0 \u00a0 Summe aller erfolgreich abgeschlossenen Quizes aller Sch\u00fcler bisher.<\/p>\n<p>[\/et_pb_text][et_pb_text _builder_version=&#8221;4.14.8&#8243; _module_preset=&#8221;default&#8221; use_background_color_gradient=&#8221;on&#8221; background_color_gradient_start=&#8221;#cbd9e6&#8243; background_color_gradient_end=&#8221;#cbd9e6&#8243; background_color_gradient_direction=&#8221;173deg&#8221; border_style_all=&#8221;dashed&#8221; box_shadow_style=&#8221;preset2&#8243; global_colors_info=&#8221;{}&#8221;]<\/p>\n<p><strong>Punktezahl<\/strong>:\u00a0 \u00a0 \u00a0 \u00a0 \u00a0 \u00a0 \u00a0 \u00a0 \u00a0 <strong>Punkte<\/strong>:\u00a0 \u00a0 Summe aller Punkte,, die bisher von allen Sch\u00fclern gesammelt wurden.<\/p>\n<p><strong>\u00a0 \u00a0 \u00a0 \u00a0 \u00a0 \u00a0 \u00a0 \u00a0 \u00a0 \u00a0 \u00a0 \u00a0 \u00a0 \u00a0 \u00a0 \u00a0 \u00a0 \u00a0 \u00a0 \u00a0 Quizes:\u00a0<\/strong> \u00a0 \u00a0 Summe aller erfolgreich abgeschlossenen Quizes aller Sch\u00fcler bisher.<\/p>\n<p>[\/et_pb_text][et_pb_text _builder_version=&#8221;4.14.8&#8243; _module_preset=&#8221;default&#8221; use_background_color_gradient=&#8221;on&#8221; background_color_gradient_start=&#8221;#cbd9e6&#8243; background_color_gradient_end=&#8221;#cbd9e6&#8243; background_color_gradient_direction=&#8221;173deg&#8221; custom_padding=&#8221;0px|||||&#8221; border_style_all=&#8221;dashed&#8221; box_shadow_style=&#8221;preset2&#8243; global_colors_info=&#8221;{}&#8221;]<\/p>\n<p><strong>Studierzeit<\/strong>:\u00a0 \u00a0 \u00a0 \u00a0 \u00a0 \u00a0 \u00a0 \u00a0 \u00a0 <strong>Stunden<\/strong>:\u00a0 \u00a0Bisherige gesamte Studierzeit aller Sch\u00fcler in allen Kursen bisher. *<\/p>\n<p>* Die tats\u00e4chliche <strong>Studierzeit<\/strong> kann nicht ber\u00fccksichtigt werden, da es m\u00f6glich ist, dass ein Sch\u00fcler w\u00e4hrend der Bearbeitung eines Topics den PC nicht ben\u00fctzt. Somit k\u00f6nnen wir nicht genau wissen, wie lange der Sch\u00fcler an welchem Topic studiert hat.<br \/>Wir haben stattdessen die typische <strong>Durschnittzeit<\/strong> aller Topics getestet\u00a0 bzw. ausgewertet und diese zum <strong>Ansatz<\/strong> bei der Auswertung <strong>genommen<\/strong>. Somit betrachten wir die angezeigte Zeit als eine Sch\u00e4tzung, die jedoch als realistisch angesehen werden kann..<\/p>\n<p>** Die <strong>Berechnung<\/strong> der oben genannten <b>Ergebnisse <\/b>erfolgt <strong>st\u00fcndlich<\/strong>, um den Start der Academy nicht unn\u00f6tig zu verz\u00f6gern.<\/p>\n<p>&nbsp;<\/p>\n<p>[\/et_pb_text][\/et_pb_column][\/et_pb_row][\/et_pb_section][et_pb_section fb_built=&#8221;1&#8243; _builder_version=&#8221;4.14.8&#8243; _module_preset=&#8221;default&#8221; custom_margin=&#8221;-344px|||||&#8221; custom_padding=&#8221;19px||0px|||&#8221; global_colors_info=&#8221;{}&#8221;][et_pb_row _builder_version=&#8221;4.14.8&#8243; _module_preset=&#8221;default&#8221; custom_margin=&#8221;62px|auto||auto||&#8221; custom_padding=&#8221;19px|||||&#8221; global_colors_info=&#8221;{}&#8221;][et_pb_column type=&#8221;4_4&#8243; _builder_version=&#8221;4.14.8&#8243; _module_preset=&#8221;default&#8221; global_colors_info=&#8221;{}&#8221;][\/et_pb_column][\/et_pb_row][\/et_pb_section][et_pb_section fb_built=&#8221;1&#8243; _builder_version=&#8221;3.26.5&#8243; custom_padding=&#8221;0px|||||&#8221; global_colors_info=&#8221;{}&#8221;][et_pb_row column_structure=&#8221;3_5,2_5&#8243; make_equal=&#8221;on&#8221; _builder_version=&#8221;3.26.5&#8243; global_colors_info=&#8221;{}&#8221;][et_pb_column type=&#8221;3_5&#8243; _builder_version=&#8221;3.26.4&#8243; global_colors_info=&#8221;{}&#8221;][et_pb_image src=&#8221;https:\/\/academy.abiola.ngo\/wp-content\/uploads\/2021\/05\/Grundschule-Mlay-1-1-scaled.jpg&#8221; title_text=&#8221;OLYMPUS DIGITAL CAMERA&#8221; _builder_version=&#8221;4.9.4&#8243; border_radii=&#8221;on|6px|6px|6px|6px&#8221; box_shadow_style=&#8221;preset1&#8243; box_shadow_color=&#8221;#e8edfb&#8221; global_colors_info=&#8221;{}&#8221;][\/et_pb_image][\/et_pb_column][et_pb_column type=&#8221;2_5&#8243; module_class=&#8221;pa-vertical-align&#8221; _builder_version=&#8221;3.26.5&#8243; global_colors_info=&#8221;{}&#8221;][et_pb_text module_class=&#8221;pa-centered-heading-line&#8221; _builder_version=&#8221;4.9.4&#8243; text_font_size=&#8221;24px&#8221; text_orientation=&#8221;center&#8221; text_text_align=&#8221;center&#8221; global_colors_info=&#8221;{}&#8221;]<\/p>\n<h2>&#8220;<span>Wenn du aufgeben willst,<br \/><\/span>denk daran, warum du angefangen hast<span>.<\/span>.<\/h2>\n<p>[\/et_pb_text][et_pb_text _builder_version=&#8221;4.9.4&#8243; text_font=&#8221;||on||||||&#8221; text_text_color=&#8221;#00d263&#8243; custom_margin=&#8221;-41px|||||&#8221; global_colors_info=&#8221;{}&#8221;]<\/p>\n<p style=\"text-align: center;\"><span>Unbekannt<br \/><\/span><\/p>\n<p>[\/et_pb_text][\/et_pb_column][\/et_pb_row][\/et_pb_section][et_pb_section fb_built=&#8221;1&#8243; _builder_version=&#8221;3.26.5&#8243; background_color=&#8221;#26245b&#8221; custom_padding=&#8221;80px||80px||false|false&#8221; global_colors_info=&#8221;{}&#8221;][et_pb_row _builder_version=&#8221;3.26.4&#8243; global_colors_info=&#8221;{}&#8221;][et_pb_column type=&#8221;4_4&#8243; _builder_version=&#8221;3.26.4&#8243; global_colors_info=&#8221;{}&#8221;][et_pb_text admin_label=&#8221;Title&#8221; _builder_version=&#8221;3.27.4&#8243; text_font=&#8221;|700||on|||||&#8221; text_text_color=&#8221;#00d263&#8243; text_font_size=&#8221;20px&#8221; text_letter_spacing=&#8221;4px&#8221; header_font=&#8221;Poppins||||||||&#8221; header_2_font=&#8221;Lato||||||||&#8221; header_2_font_size=&#8221;36px&#8221; header_2_line_height=&#8221;1.5em&#8221; header_3_text_color=&#8221;#1f4de0&#8243; header_5_font=&#8221;Poppins|600|||||||&#8221; header_5_font_size=&#8221;23px&#8221; header_5_line_height=&#8221;30px&#8221; text_orientation=&#8221;center&#8221; custom_margin=&#8221;||10px||false|false&#8221; custom_padding=&#8221;||0px|&#8221; animation_direction=&#8221;left&#8221; text_font_size_tablet=&#8221;18px&#8221; text_font_size_phone=&#8221;18px&#8221; text_text_align=&#8221;center&#8221; global_colors_info=&#8221;{}&#8221;]<\/p>\n<p>Start A Course<\/p>\n<p>[\/et_pb_text][et_pb_text module_class=&#8221;pa-centered-heading-line&#8221; _builder_version=&#8221;3.27.4&#8243; text_orientation=&#8221;center&#8221; background_layout=&#8221;dark&#8221; text_text_align=&#8221;center&#8221; global_colors_info=&#8221;{}&#8221;]<\/p>\n<h2>Enroll In A Course Today<\/h2>\n<p>Make the right decision for your future. Sign up for a course today!<\/p>\n<p>[\/et_pb_text][et_pb_button button_url=&#8221;@ET-DC@eyJkeW5hbWljIjp0cnVlLCJjb250ZW50IjoicG9zdF9saW5rX3VybF9wYWdlIiwic2V0dGluZ3MiOnsicG9zdF9pZCI6IjQifX0=@&#8221; button_text=&#8221;Enroll Now&#8221; button_alignment=&#8221;center&#8221; _builder_version=&#8221;4.2.2&#8243; _dynamic_attributes=&#8221;button_url&#8221; button_border_width=&#8221;2px&#8221; global_colors_info=&#8221;{}&#8221; button_bg_color__hover=&#8221;rgba(0,0,0,0)&#8221; button_bg_color__hover_enabled=&#8221;on|hover&#8221;][\/et_pb_button][\/et_pb_column][\/et_pb_row][\/et_pb_section]<\/p>\n","protected":false},"excerpt":{"rendered":"<p>ABIOLA online Academy\u00a0 Hier findest du die Beschreibung zu den angezeigten Ergebnissen. Wie sind die angezeigten Ergebnisse zu verstehen ? Viele Sch\u00fcler studieren Kurse in der ABIOLA online Academy. Auf der Homepage unserer Academy findest du aktuelle Zahlen und Ergebnisse, die sich st\u00e4ndig \u00e4ndern. Viele Zahlen wie Anzahl der studierten Topics, Quizzes, Zeit oder gesammelten [&hellip;]<\/p>\n","protected":false},"author":1,"featured_media":0,"parent":0,"menu_order":0,"comment_status":"closed","ping_status":"closed","template":"","meta":{"_et_pb_use_builder":"on","_et_pb_old_content":"","_et_gb_content_width":"","footnotes":""},"class_list":["post-55538","page","type-page","status-publish","hentry"],"featured_image_src":"","featured_image_src_square":false,"rbea_author_info":{"display_name":"Academy director Christoph K\u00f6hler","author_link":"https:\/\/academy.abiola.ngo\/de\/author\/admin87471\/"},"rbea_excerpt_info":"<p>ABIOLA online Academy\u00a0 Hier findest du die Beschreibung zu den angezeigten Ergebnissen. Wie sind die angezeigten Ergebnisse zu verstehen ? Viele Sch\u00fcler studieren Kurse in der ABIOLA online Academy. Auf der Homepage unserer Academy findest du aktuelle Zahlen und Ergebnisse, die sich st\u00e4ndig \u00e4ndern. Viele Zahlen wie Anzahl der studierten Topics, Quizzes, Zeit oder gesammelten [&hellip;]<\/p>\n","_links":{"self":[{"href":"https:\/\/academy.abiola.ngo\/de\/wp-json\/wp\/v2\/pages\/55538","targetHints":{"allow":["GET"]}}],"collection":[{"href":"https:\/\/academy.abiola.ngo\/de\/wp-json\/wp\/v2\/pages"}],"about":[{"href":"https:\/\/academy.abiola.ngo\/de\/wp-json\/wp\/v2\/types\/page"}],"author":[{"embeddable":true,"href":"https:\/\/academy.abiola.ngo\/de\/wp-json\/wp\/v2\/users\/1"}],"replies":[{"embeddable":true,"href":"https:\/\/academy.abiola.ngo\/de\/wp-json\/wp\/v2\/comments?post=55538"}],"version-history":[{"count":14,"href":"https:\/\/academy.abiola.ngo\/de\/wp-json\/wp\/v2\/pages\/55538\/revisions"}],"predecessor-version":[{"id":56133,"href":"https:\/\/academy.abiola.ngo\/de\/wp-json\/wp\/v2\/pages\/55538\/revisions\/56133"}],"wp:attachment":[{"href":"https:\/\/academy.abiola.ngo\/de\/wp-json\/wp\/v2\/media?parent=55538"}],"curies":[{"name":"wp","href":"https:\/\/api.w.org\/{rel}","templated":true}]}}