{"id":71016,"date":"2023-01-17T14:49:06","date_gmt":"2023-01-17T13:49:06","guid":{"rendered":"https:\/\/academy.abiola.ngo\/?page_id=71016"},"modified":"2023-01-18T10:18:27","modified_gmt":"2023-01-18T09:18:27","slug":"calc-tipp","status":"publish","type":"page","link":"https:\/\/academy.abiola.ngo\/de\/calc-tipp\/","title":{"rendered":"Calc-Tipp"},"content":{"rendered":"\n<p><\/p>\n\n\n\n<h2 class=\"h2 wp-block-heading\"><mark style=\"background-color:rgba(0, 0, 0, 0);color:#a66a12\" class=\"has-inline-color\">Projektbeschreibung<\/mark><\/h2>\n\n\n\n<p class=\"has-background\" style=\"background-color:#d9eaf5\">ABIOLA spendet Solarsysteme und Computer f\u00fcr Familien, Projekte und Schulen in Afrika. Au\u00dferdem werden in der ABIOLA online Academy hochwertige Kurse angeboten, die von allen Menschen kostenlos studiert werden k\u00f6nnen. <br>Zum Zeitpunkt Januar\/2023 wurden bisher ca. 47.000 Topics von Sch\u00fclern studiert. Siehe <a href=\"http:\/\/www.academy.abiola.ngo\" target=\"_blank\" rel=\"noreferrer noopener\">www.academy.abiola.ngo<\/a> <\/p>\n\n\n\n<p><\/p>\n\n\n\n<p>Aktuell erstellen wir einen Kurs \u00fcber LibreOffice Calc. Wir haben uns bisher noch nicht entschieden, welcher Autor die Basic-Lektionen vom Kurs verfasst. Unabh\u00e4ngig davon haben wir uns vorgenommen, 50 coole Tips in der letzten Lektion vorzustellen. Diese Tipps m\u00fcssen interessant uns eindrucksvoll sein, so dass die Sch\u00fcler jeweils nach einem Tipp auf den n\u00e4chsten Tipp freuen. Die Tipps sollen Funktionen von Calc zeigen, die ein Sch\u00fcler nicht so einfach durch das Bl\u00e4ttern im Men\u00fc finden kann.<\/p>\n\n\n\n<p><\/p>\n\n\n\n<p><strong>Das ist f\u00fcr uns wichtig bei einem guten Tipp:<\/strong><br>1. Es werden in jedem &#8220;Tipp&#8221; mehrere Calc Funktionen kombiniert<br>2. Der Autor beschreibt den Tipp wie folgt<br>    a) \u00dcberschrift<br>    b) Genaue Beschriebung des Inhalt vom Video<br>    c) Video<br>3. Das Video muss gut bedacht sein und es darf nicht langweilig sein (normalerweise 30-60 sec.)<br>4. Das Video zeigt LibreOffice Calc<br>5. Der Tipp muss auch auf dem Raspberry Pi (Schulrechner) funktionieren<\/p>\n\n\n\n<p><\/p>\n\n\n\n<p>  <\/p>\n\n\n\n<p><\/p>\n\n\n\n<h2 class=\"h2 wp-block-heading\"><mark style=\"background-color:rgba(0, 0, 0, 0);color:#a66a12\" class=\"has-inline-color\">Gemischte Autoren f\u00fcr &#8220;coole Tipps&#8221;<\/mark><\/h2>\n\n\n\n<p>Die 50 &#8220;coole Tipps&#8221; (oder mehr) werden von verschiedenen Autoren erstellt. In jeder Topic (Tipp) wird am Ende der Autor benannt.<br><\/p>\n\n\n\n<p class=\"code-block has-black-color has-text-color has-background\" style=\"background-color:#f8f1cd\">Wenn wir von einem Autor 10 oder mehr Tipps ver\u00f6ffentlichen, dann kann der Autor auch seine URL\/Facebook Daten am Endes des Tipps hinterlegen.<\/p>\n\n\n\n<p><\/p>\n\n\n\n<p><\/p>\n\n\n\n<p><\/p>\n\n\n\n<h2 class=\"h2 wp-block-heading\"><mark style=\"background-color:rgba(0, 0, 0, 0);color:#a66a12\" class=\"has-inline-color\">Honorar f\u00fcr &#8220;coole Tipps&#8221;<\/mark><\/h2>\n\n\n\n<p>ABIOLA ist gemeinn\u00fctzig und kann keine gro\u00dfen Honorare bezahlen. Aber wir haben uns ein Bezahlungssystem ausgedacht, welches wir als fair einstufen. Wir bezahlen:<br><br><strong><mark style=\"background-color:rgba(0, 0, 0, 0)\" class=\"has-inline-color has-vivid-red-color\">1 Euro f\u00fcr jeden eingereichten Tip<\/mark><\/strong>p (beim ersten mal maximal 15 Tipps) <br><mark style=\"background-color:rgba(0, 0, 0, 0)\" class=\"has-inline-color has-vivid-red-color\"><strong>1 Euro f\u00fcr jeden eingereichten Tipp<\/strong><\/mark>, den wir so oder in einer \u00e4hnlich verwenden<br><strong><mark style=\"background-color:rgba(0, 0, 0, 0)\" class=\"has-inline-color has-vivid-red-color\">1  Euro zus\u00e4tzlich pro Tipp<\/mark><\/strong>, pro Tipp, der uns besonders gef\u00e4llt (das ist freiwillig von uns und wir entscheiden das)<\/p>\n\n\n\n<p><\/p>\n\n\n\n<p><\/p>\n\n\n\n<p><strong>Beispiel:<\/strong><br>Du reichst bei uns 10 Tipps ein. 3 Tipp lehnen wir ab. 7 ver\u00f6ffentlichen wir und 3 gefallen uns besonders gut <\/p>\n\n\n\n<p><span style=\"text-decoration: underline;\">Dein Honorar f\u00fcr die 10 Tipps:<\/span><br>Eingereicht 10 \u20ac<br>Verwendung: 7 \u20ac<br>Besonders gut: 5 \u20ac<\/p>\n\n\n\n<p>Summe: 22 \u20ac<\/p>\n\n\n\n<p><\/p>\n\n\n\n<p class=\"code-block has-black-color has-text-color has-background\" style=\"background-color:#9eceb6\">Dieser Methode basiert auch auf Vertrauen. Wir w\u00fcnschen uns Autoren, die auch helfen m\u00f6chten, das gesammelte Fachwissen mit anderen Menschen mit weniger Bildungschancen zu teilen.<\/p>\n\n\n\n<p><\/p>\n\n\n\n<p><\/p>\n\n\n\n<p class=\"code-block has-black-color has-text-color has-background\" style=\"background-color:#d8c0ee\">Falls du Calc Tipps f\u00fcr uns schreiben m\u00f6chtest, dann kl\u00e4re im Vorfeld mit uns per EMail, Messenger oder Portal:<br>&#8211; Beauftragung durch uns<br>&#8211; Bezahlungsart<\/p>\n\n\n\n<p><\/p>\n\n\n\n<p><\/p>\n\n\n\n<p><\/p>\n\n\n\n<p><\/p>\n\n\n\n<h2 class=\"h2 wp-block-heading\"><mark style=\"background-color:rgba(0, 0, 0, 0);color:#a66a12\" class=\"has-inline-color\">Beispiele f\u00fcr &#8220;coole Tipps&#8221;<\/mark><\/h2>\n\n\n\n<p><\/p>\n\n\n\n<h3 class=\"wp-block-heading\">Einfach<\/h3>\n\n\n\n<p><strong><mark style=\"background-color:rgba(0, 0, 0, 0)\" class=\"has-inline-color has-vivid-cyan-blue-color\">Text: Zellenraster erstellen<\/mark><\/strong><\/p>\n\n\n\n<p><span style=\"text-decoration: underline;\">Wir zeigen im Video folgendes:<\/span><\/p>\n\n\n\n<p>1. Select range of cells<br>2. Grid by area<br>3. Hide background<\/p>\n\n\n\n<p><\/p>\n\n\n\n<figure class=\"wp-block-video\"><video controls src=\"https:\/\/academy.abiola.ngo\/wp-content\/uploads\/2023\/01\/Zellenraster.mp4\"><\/video><\/figure>\n\n\n\n<p><\/p>\n\n\n\n<p><\/p>\n\n\n\n<hr class=\"wp-block-separator has-alpha-channel-opacity is-style-wide\"\/>\n\n\n\n<p><\/p>\n\n\n\n<p><\/p>\n\n\n\n<h3 class=\"wp-block-heading\">Besser<\/h3>\n\n\n\n<p><strong><mark style=\"background-color:rgba(0, 0, 0, 0)\" class=\"has-inline-color has-vivid-cyan-blue-color\">Text: Zellen schnell vervollst\u00e4ndigen<\/mark><\/strong><\/p>\n\n\n\n<p><span style=\"text-decoration: underline;\">Wir zeigen im Video folgendes:<\/span><\/p>\n\n\n\n<ol class=\"wp-block-list\" type=\"1\" start=\"1\">\n<li>Wie kann man alle Zellen zentrieren<\/li>\n\n\n\n<li>Wie kann man horizontal vervollst\u00e4ndigen<\/li>\n\n\n\n<li>Wie kann man vertikal vervollst\u00e4ndigen<\/li>\n\n\n\n<li>Calc erkennt automatisch, wie es vervollst\u00e4ndig werden kann<\/li>\n<\/ol>\n\n\n\n<p><\/p>\n\n\n\n<figure class=\"wp-block-video\"><video controls src=\"https:\/\/academy.abiola.ngo\/wp-content\/uploads\/2023\/01\/zellen-vervollstaendigen.mp4\"><\/video><\/figure>\n\n\n\n<p><\/p>\n\n\n\n<p><\/p>\n\n\n\n<p><\/p>\n\n\n\n<p><\/p>\n\n\n\n<hr class=\"wp-block-separator has-alpha-channel-opacity is-style-wide\"\/>\n\n\n\n<p><\/p>\n\n\n\n<h3 class=\"wp-block-heading\">Besonders gut<\/h3>\n\n\n\n<p><strong><mark style=\"background-color:rgba(0, 0, 0, 0)\" class=\"has-inline-color has-vivid-cyan-blue-color\">Text: Vorlage erstellen f\u00fcr Wochenkalender<\/mark><\/strong><\/p>\n\n\n\n<p><span style=\"text-decoration: underline;\">Wir zeigen im Video folgendes:<\/span><\/p>\n\n\n\n<ol class=\"wp-block-list\">\n<li>Wir speichern den Kalender als Vorlage auf das Desktop als .ots<\/li>\n\n\n\n<li>Dann schlie\u00dfen wir Calc und schauen auf dem Desktop nach.<\/li>\n\n\n\n<li>Dann \u00f6ffnen wir die .ots<\/li>\n\n\n\n<li>Wir nehmen einen Eintrag im Kalender vor<\/li>\n\n\n\n<li>Dann speichern wir das normal mit der Bezeichnung &#8220;week 33&#8221; auf dem Desktop ab <\/li>\n\n\n\n<li>Jetzt schauen wir im Desktop nach. Es sind zwei Dateien da.<\/li>\n\n\n\n<li>Jetzt \u00f6ffnen wir &#8220;week 33&#8221;. Der Inhalt ist drin<\/li>\n\n\n\n<li>Dann \u00f6ffnen wir die .ots Vorlage. Es ist kein Inhalt in der Tabelle.<\/li>\n<\/ol>\n\n\n\n<p><\/p>\n\n\n\n<figure class=\"wp-block-video\"><video controls src=\"https:\/\/academy.abiola.ngo\/wp-content\/uploads\/2023\/01\/template-v-1.mp4\"><\/video><\/figure>\n\n\n\n<p><\/p>\n\n\n\n<p>Bei Interesse EMail an ck@abiola.ngo<\/p>\n\n\n\n<p><\/p>\n\n\n\n<p><\/p>\n\n\n\n<p><\/p>\n","protected":false},"excerpt":{"rendered":"<p>Projektbeschreibung ABIOLA spendet Solarsysteme und Computer f\u00fcr Familien, Projekte und Schulen in Afrika. Au\u00dferdem werden in der ABIOLA online Academy hochwertige Kurse angeboten, die von allen Menschen kostenlos studiert werden k\u00f6nnen. Zum Zeitpunkt Januar\/2023 wurden bisher ca. 47.000 Topics von Sch\u00fclern studiert. Siehe www.academy.abiola.ngo Aktuell erstellen wir einen Kurs \u00fcber LibreOffice Calc. Wir haben uns [&hellip;]<\/p>\n","protected":false},"author":1,"featured_media":0,"parent":0,"menu_order":0,"comment_status":"closed","ping_status":"closed","template":"","meta":{"_et_pb_use_builder":"off","_et_pb_old_content":"","_et_gb_content_width":"","footnotes":""},"class_list":["post-71016","page","type-page","status-publish","hentry"],"featured_image_src":"","featured_image_src_square":false,"rbea_author_info":{"display_name":"Academy director Christoph K\u00f6hler","author_link":"https:\/\/academy.abiola.ngo\/de\/author\/admin87471\/"},"rbea_excerpt_info":"Projektbeschreibung ABIOLA spendet Solarsysteme und Computer f\u00fcr Familien, Projekte und Schulen in Afrika. Au\u00dferdem werden in der ABIOLA online Academy hochwertige Kurse angeboten, die von allen Menschen kostenlos studiert werden k\u00f6nnen. Zum Zeitpunkt Januar\/2023 wurden bisher ca. 47.000 Topics von Sch\u00fclern studiert. Siehe www.academy.abiola.ngo Aktuell erstellen wir einen Kurs \u00fcber LibreOffice Calc. Wir haben uns [&hellip;]","_links":{"self":[{"href":"https:\/\/academy.abiola.ngo\/de\/wp-json\/wp\/v2\/pages\/71016","targetHints":{"allow":["GET"]}}],"collection":[{"href":"https:\/\/academy.abiola.ngo\/de\/wp-json\/wp\/v2\/pages"}],"about":[{"href":"https:\/\/academy.abiola.ngo\/de\/wp-json\/wp\/v2\/types\/page"}],"author":[{"embeddable":true,"href":"https:\/\/academy.abiola.ngo\/de\/wp-json\/wp\/v2\/users\/1"}],"replies":[{"embeddable":true,"href":"https:\/\/academy.abiola.ngo\/de\/wp-json\/wp\/v2\/comments?post=71016"}],"version-history":[{"count":10,"href":"https:\/\/academy.abiola.ngo\/de\/wp-json\/wp\/v2\/pages\/71016\/revisions"}],"predecessor-version":[{"id":71083,"href":"https:\/\/academy.abiola.ngo\/de\/wp-json\/wp\/v2\/pages\/71016\/revisions\/71083"}],"wp:attachment":[{"href":"https:\/\/academy.abiola.ngo\/de\/wp-json\/wp\/v2\/media?parent=71016"}],"curies":[{"name":"wp","href":"https:\/\/api.w.org\/{rel}","templated":true}]}}